{"id":3,"date":"2020-09-04T02:50:56","date_gmt":"2020-09-04T02:50:56","guid":{"rendered":"https:\/\/burgoa-editores.mx\/?page_id=3"},"modified":"2020-09-13T18:43:23","modified_gmt":"2020-09-13T18:43:23","slug":"privacy-policy","status":"publish","type":"page","link":"https:\/\/burgoa-editores.mx\/en\/privacy-policy\/","title":{"rendered":"Privacy Policy"},"content":{"rendered":"<div data-elementor-type=\"wp-page\" data-elementor-id=\"3\" class=\"elementor elementor-3\" data-elementor-settings=\"[]\">\n\t\t\t<div class=\"elementor-inner\">\n\t\t\t\t<div class=\"elementor-section-wrap\">\n\t\t\t\t\t\t\t<section class=\"elementor-element elementor-element-2c4775fa elementor-section-boxed elementor-section-height-default elementor-section-height-default elementor-section elementor-top-section\" data-id=\"2c4775fa\" data-element_type=\"section\">\n\t\t\t\t\t\t<div class=\"elementor-container elementor-column-gap-default\">\n\t\t\t\t<div class=\"elementor-row\">\n\t\t\t\t<div class=\"elementor-element elementor-element-6b3ef504 elementor-column elementor-col-100 elementor-top-column\" data-id=\"6b3ef504\" data-element_type=\"column\">\n\t\t\t<div class=\"elementor-column-wrap  elementor-element-populated\">\n\t\t\t\t\t<div class=\"elementor-widget-wrap\">\n\t\t\t\t<div class=\"elementor-element elementor-element-2d3f148d elementor-widget elementor-widget-text-editor\" data-id=\"2d3f148d\" data-element_type=\"widget\" data-widget_type=\"text-editor.default\">\n\t\t\t\t<div class=\"elementor-widget-container\">\n\t\t\t\t\t<div class=\"elementor-text-editor elementor-clearfix\"><h1>Privacy Policy<\/h1><p>Que se emite de conformidad con los art\u00edculos 1, 3, 6 y 16 de la Ley Federal de Protecci\u00f3n de Datos Personales en Posesi\u00f3n de los Particulares y se rige atendiendo los principios de licitud, consentimiento, informaci\u00f3n, calidad, finalidad, lealtad, proporcionalidad y responsabilidad, de conformidad con el art\u00edculo 6 de la citada Ley y art\u00edculo 9 del Reglamento de la ley en comento, teniendo como finalidad establecer los t\u00e9rminos de tratamiento de los datos de los particulares y la forma en que los mismos ser\u00e1n usados, divulgados, almacenados y tratados por el responsable de su manejo, para que los titulares se encuentren en pleno conocimientos de su tratamiento y puedan ejercer los derechos que les compete en relaci\u00f3n a los mismos, por lo que se pone a disposici\u00f3n de los titulares de los datos la siguiente informaci\u00f3n de acuerdo al art\u00edculo 16 de la Ley citada:<\/p><h1>i.- LA IDENTIDAD Y DOMICILIO DEL RESPONSABLE QUE LOS RECABA<\/h1><p><strong>Burgoa Editores, S. A. S.<\/strong>, en adelante la sociedad, con domicilio ubicado en Avenida Homero 404, piso 6, Colonia Chapultepec Morales, Alcald\u00eda Miguel Hidalgo, C\u00f3digo Postal 11570, en la Ciudad de M\u00e9xico, hace del conocimiento\u00a0 que el responsable con mismo domicilio que la sociedad, el cual ha sido citado con anterioridad, quien tendr\u00e1 a su cargo el almacenamiento de los datos que proporcione el titular como consecuencia de los servicios que le sean prestados por la sociedad antes citada, el responsable manejar\u00e1 la informaci\u00f3n con estricta seguridad y confidencialidad, empleando todas las medidas de protecci\u00f3n para el debido cuidado de la misma, y evitar su divulgaci\u00f3n en los caso no previstos ni autorizados de conformidad con este aviso de privacidad. El titular de los datos personales podr\u00e1 hacer uso de los derechos relacionados con sus datos directamente en el domicilio citado, o a trav\u00e9s del correo electr\u00f3nico contacto@burgoa-editores.mx.mx, en un horario comprendido de las nueve horas a las veinte horas en los d\u00edas h\u00e1biles.<\/p><h1>II.- FINALIDADES DEL TRATAMIENTO DE DATOS.<\/h1><p>Los datos que le sean proporcionados <strong>Burgoa Editores, S.A.S<\/strong>., ya sea de manera f\u00edsica y\/o presencial y\/o electr\u00f3nica, ser\u00e1n usados \u00fanica y exclusivamente para los fines relacionados con los servicios y\/o productos que adquiera de la sociedad citada y como consecuencia alguna relaci\u00f3n contractual, como lo es documentar las relaciones contractuales, avisos, notificaciones, promociones, eventos o cualquier otra notificaci\u00f3n que la sociedad requiera emitir al titular de los datos personales. La sociedad en ning\u00fan caso transmitir\u00e1 sus datos a personas diversas sin antes haber obtenido su consentimiento para ello, salvo los casos a que se refiere el apartado Transferencias de datos que se efect\u00faen.<\/p><h1>III.- PLAZO DE CONSERVACI\u00d3N DE LOS DATOS PERSONALES<\/h1><p>El responsable conservara los datos personales de los titulares \u00fanicamente por el tiempo necesario acorde a los fines precisados en el apartado de finalidades del tratamiento de datos.<\/p><p>Los datos personales tambi\u00e9n podr\u00e1n ser empleados para fines mercadot\u00e9cnicos, publicitarios o de prospecci\u00f3n comercial por lo que el titular expresamente manifiesta SI ( ) NO ( ) otorgar su consentimiento para que los datos personales puedan ser empleados para estos fines.<\/p><h1>IV.- OPCIONES Y MEDIOS QUE EL RESPONSABLE OFREZCA A LOS TITULARES PARA LIMITAR EL USO O DIVULGACI\u00d3N DE LOS DATOS.<\/h1><p>El titular de los datos podr\u00e1 en todo momento y a partir de haber proporcionado datos personales a la sociedad, solicitar por escrito de manera presencial en el domicilio se\u00f1alado en este aviso de privacidad o a trav\u00e9s de medios electr\u00f3nicos a la cuenta del correo que se informa en este aviso de privacidad, a fin de solicitar la limitaci\u00f3n o cambios sufridos en sus datos proporcionados, de manera que el responsable y\/o sociedad atienda las limitaciones que le son solicitadas por el titular, debiendo atenderlas dentro de las 72 horas siguientes a la solicitud a que se refiere este apartado, lo anterior con independencia del ejercicio de los derechos ARCO a que se refiere el presente aviso de privacidad. En caso de abstenerse de hacer uso de sus derechos de limitaci\u00f3n se entender\u00e1 que el titular consiente que sus datos sean usados en la forma y para los fines en los cuales otorga su consentimiento.<\/p><h1>V.- MEDIOS PARA EJERCER LOS DERECHOS DE ACCESO, RECTIFICACI\u00d3N, CANCELACI\u00d3N U OPOSICI\u00d3N<\/h1><p>Los titulares de los datos personales que se proporcionen a la sociedad podr\u00e1n ejercer en cualquier momento el derecho de acceso, rectificaci\u00f3n, cancelaci\u00f3n u oposici\u00f3n ARCO de los datos, lo que podr\u00e1n hacer de la siguiente manera:<\/p><p>a) El titular de los datos personales deber\u00e1 presentar escrito f\u00edsico en el domicilio del responsable o a trav\u00e9s de medios electr\u00f3nicos en el correo citado en este aviso, un escrito mediante el cual se\u00f1ale con toda precisi\u00f3n el derecho que pretende ejercer, es decir, de acceso, rectificaci\u00f3n, cancelaci\u00f3n u oposici\u00f3n ARCO, atendiendo los requisitos y la forma prevista en el art\u00edculo 29 de la Ley de la materia, as\u00ed como del art\u00edculo 89 del Reglamento de la citada Ley. El titular de los datos personales que inicie alg\u00fan procedimiento en ejercicio de los derechos ARCO, deber\u00e1 indicar domicilio o medio de comunicaci\u00f3n donde deba ser notificada la respuesta emitida por el responsable, de conformidad con el art\u00edculo 94 del Reglamento de la Ley.<\/p><p>Cuando se trate del ejercicio del derecho de rectificaci\u00f3n, el titular de los datos deber\u00e1 indicar al responsable los datos correspondientes, debiendo adem\u00e1s acreditarlo documentalmente y de manera clara.<\/p><p>b) El responsable de los datos personales deber\u00e1 atender la solicitud del derecho ARCO ejercitado, en un plazo de veinte d\u00edas siguientes a su recepci\u00f3n, a fin de analizar si la misma procede. El responsable podr\u00e1 solicitar al titular de los datos personales informaci\u00f3n adicional que resulte necesaria para atender el derecho ejercitado, otorg\u00e1ndole un plazo de diez d\u00edas para su cumplimiento, el pazo del responsable para emitir respuesta ser\u00e1 interrumpido hasta en tanto el titular cumpla con lo requerido, debiendo notificar al titular de los datos la resoluci\u00f3n a que determino; en caso de resultar procedente el responsable tendr\u00e1 quince d\u00edas para materializar el resultado del derecho que result\u00f3 procedente.<\/p><p>c) El responsable no estar\u00e1 obligado a cancelar los datos personales del titular, en los casos en los que se actualice alg\u00fan supuesto previsto en el art\u00edculo 26 de la ley en cita.<\/p><p>d) El responsable podr\u00e1 negarse a otorgar el derecho de acceso, rectificaci\u00f3n, cancelaci\u00f3n y oposici\u00f3n, en los casos previstos en el art\u00edculo 34 de la ley de referencia, debiendo informar al titular de los datos personales las razones en que motiva su negativa.<\/p><h1>VI.- NEGATIVA POR EL RESP\u00d3NSABLE EN EL EJERCICIO DE LOS TITULARES DE LOS DERECHOS ARCO<\/h1><p>En los casos en que el responsable de los datos personales se niegue a atender el ejercicio de los derechos ARCO deber\u00e1 informarlo al titular de los datos, debiendo justificar dicha negativa, no obstante, el titular de los datos personales podr\u00e1 iniciar el procedimiento de protecci\u00f3n de datos personales ante el Instituto Federal de Acceso a la Informaci\u00f3n y Protecci\u00f3n de Datos, de conformidad con el Reglamento de la Ley de la materia.<\/p><h1>VII.- TRANSFERENCIAS DE DATOS QUE SE EFECT\u00daEN<\/h1><p>Los datos personales aportados por el titular deber\u00e1n ser empleados para los fines a los que se preciso en el apartado Las finalidades del tratamiento de datos; previsto en este aviso de privacidad,y \u00fanicamente podr\u00e1n ser transferidos cuando el titular de los datos manifieste su consentimiento para esos efectos, por que el titular de los datos a trav\u00e9s de este aviso manifiesta de manera expresa:<\/p><p>SI ( ) NO ( ) estoy de acuerdo y manifiesto mi consentimiento para que los datos personales proporcionados, sean transferidos por el mismo a terceros.<\/p><p>En caso de que se haya otorgado consentimiento para la transmisi\u00f3n de datos personales, el titular podr\u00e1 en cualquier momento revocarlo, debiendo enviar escrito f\u00edsico o a trav\u00e9s de medios electr\u00f3nicos, a las direcciones previstas en el primer apartado de este aviso de privacidad, en el cual haga del conocimiento al titular de la revocaci\u00f3n aludida.<\/p><p>En caso de existir transferencia de datos personales, el responsable transferente deber\u00e1 indicar al responsable receptor los t\u00e9rminos en que el titular consinti\u00f3 el tratamiento de sus datos personales.<\/p><p>El responsable podr\u00e1 trasferir los datos personales de los titulares aun sin su consentimiento, siempre que se actualice alg\u00fan supuesto de los previstos en el art\u00edculo 37 de la Ley de la materia.<\/p><h1>VIII.- CAMBIOS AL AVISO DE PRIVACIDAD<\/h1><p>El responsable de los datos personales de los titulares, deber\u00e1 informar por escrito o mediante correo electr\u00f3nico, todos los cambios y\/o modificaciones que sufra el presente aviso de privacidad, a fin de que sea de su pleno conocimiento las actualizaciones que en su caso ocurran.<\/p><h1>IX.- REVOCACI\u00d3N DE CONSENTIMIENTO AL AVISO DE PRIVACIDAD<\/h1><p>El consentimiento al presente aviso de privacidad podr\u00e1 en todo momento ser revocado por el titular de los datos, lo que podr\u00e1 hacer por escrito y por alguno de los medios de comunicaci\u00f3n previsto en este aviso de privacidad, debiendo manifestar su deseo de revocar el consentimiento otorgado con anterioridad.<\/p><p>\u00a0<\/p><p>Este Aviso de Privacidad se rige por la Ley de Protecci\u00f3n de Datos, su Reglamento y dem\u00e1s ordenamientos aplicables en los Estados Unidos Mexicanos y su aceptaci\u00f3n, implica su sometimiento expreso a los tribunales de la Ciudad de M\u00e9xico, ante cualquier controversia o reclamaci\u00f3n derivada del mismo.<\/p><p>Cualquier cambio realizado al presente Aviso de Privacidad, ser\u00e1 comunicado mediante su publicaci\u00f3n en nuestra p\u00e1gina web <a href=\"https:\/\/burgoa-editores.mx\/en\/\">https:\/\/burgoa-editores.mx\/<\/a><\/p><p><em>\u00daltima Actualizaci\u00f3n 13 de septiembre de 2020.<\/em><\/p><\/div>\n\t\t\t\t<\/div>\n\t\t\t\t<\/div>\n\t\t\t\t\t\t<\/div>\n\t\t\t<\/div>\n\t\t<\/div>\n\t\t\t\t\t\t<\/div>\n\t\t\t<\/div>\n\t\t<\/section>\n\t\t\t\t\t\t<\/div>\n\t\t\t<\/div>\n\t\t<\/div>","protected":false},"excerpt":{"rendered":"<p>Aviso de Privacidad Que se emite de conformidad con los&hellip;<\/p>\n<p> <a class=\"more-link\" href=\"https:\/\/burgoa-editores.mx\/en\/privacy-policy\/\">Read more<\/a><\/p>","protected":false},"author":1,"featured_media":0,"parent":0,"menu_order":0,"comment_status":"closed","ping_status":"open","template":"","meta":{"footnotes":""},"class_list":["post-3","page","type-page","status-publish"],"yoast_head":"<!-- This site is optimized with the Yoast SEO plugin v14.9 - https:\/\/yoast.com\/wordpress\/plugins\/seo\/ -->\n<title>Aviso de Privacidad - Burgoa Editores, S.A.S.<\/title>\n<meta name=\"robots\" content=\"index, follow, max-snippet:-1, max-image-preview:large, max-video-preview:-1\" \/>\n<link rel=\"canonical\" href=\"https:\/\/burgoa-editores.mx\/en\/privacy-policy\/\" \/>\n<meta property=\"og:locale\" content=\"en_US\" \/>\n<meta property=\"og:type\" content=\"article\" \/>\n<meta property=\"og:title\" content=\"Aviso de Privacidad - Burgoa Editores, S.A.S.\" \/>\n<meta property=\"og:description\" content=\"Aviso de Privacidad Que se emite de conformidad con los&hellip;  Read more\" \/>\n<meta property=\"og:url\" content=\"https:\/\/burgoa-editores.mx\/en\/privacy-policy\/\" \/>\n<meta property=\"og:site_name\" content=\"Burgoa Editores, S.A.S.\" \/>\n<meta property=\"article:publisher\" content=\"https:\/\/www.facebook.com\/BurgoaEditores\/\" \/>\n<meta property=\"article:author\" content=\"https:\/\/www.facebook.com\/BurgoaEditores\/\" \/>\n<meta property=\"article:modified_time\" content=\"2020-09-13T18:43:23+00:00\" \/>\n<meta name=\"twitter:card\" content=\"summary_large_image\" \/>\n<meta name=\"twitter:creator\" content=\"@burgoaeditores\" \/>\n<meta name=\"twitter:site\" content=\"@burgoaeditores\" \/>\n<script type=\"application\/ld+json\" class=\"yoast-schema-graph\">{\"@context\":\"https:\/\/schema.org\",\"@graph\":[{\"@type\":\"Organization\",\"@id\":\"https:\/\/burgoa-editores.mx\/en\/#organization\",\"name\":\"Burgoa Editores S.C.\",\"url\":\"https:\/\/burgoa-editores.mx\/en\/\",\"sameAs\":[\"https:\/\/www.facebook.com\/BurgoaEditores\/\",\"https:\/\/www.youtube.com\/channel\/UCh8cOciWHTRhTn39kZ5pFyQ\/\",\"https:\/\/twitter.com\/burgoaeditores\"],\"logo\":{\"@type\":\"ImageObject\",\"@id\":\"https:\/\/burgoa-editores.mx\/en\/#logo\",\"inLanguage\":\"en-US\",\"url\":\"https:\/\/burgoa-editores.mx\/wp-content\/uploads\/2020\/09\/Logo-Burgoa-Editores-RB-2.png\",\"width\":271,\"height\":300,\"caption\":\"Burgoa Editores S.C.\"},\"image\":{\"@id\":\"https:\/\/burgoa-editores.mx\/en\/#logo\"}},{\"@type\":\"WebSite\",\"@id\":\"https:\/\/burgoa-editores.mx\/en\/#website\",\"url\":\"https:\/\/burgoa-editores.mx\/en\/\",\"name\":\"Burgoa Editores, S.A.S.\",\"description\":\"Editorial\",\"publisher\":{\"@id\":\"https:\/\/burgoa-editores.mx\/en\/#organization\"},\"potentialAction\":[{\"@type\":\"SearchAction\",\"target\":\"https:\/\/burgoa-editores.mx\/en\/?s={search_term_string}\",\"query-input\":\"required name=search_term_string\"}],\"inLanguage\":\"en-US\"},{\"@type\":\"WebPage\",\"@id\":\"https:\/\/burgoa-editores.mx\/privacy-policy\/#webpage\",\"url\":\"https:\/\/burgoa-editores.mx\/privacy-policy\/\",\"name\":\"Aviso de Privacidad - Burgoa Editores, S.A.S.\",\"isPartOf\":{\"@id\":\"https:\/\/burgoa-editores.mx\/en\/#website\"},\"datePublished\":\"2020-09-04T02:50:56+00:00\",\"dateModified\":\"2020-09-13T18:43:23+00:00\",\"inLanguage\":\"en-US\",\"potentialAction\":[{\"@type\":\"ReadAction\",\"target\":[\"https:\/\/burgoa-editores.mx\/privacy-policy\/\"]}]}]}<\/script>\n<!-- \/ Yoast SEO plugin. -->","_links":{"self":[{"href":"https:\/\/burgoa-editores.mx\/en\/wp-json\/wp\/v2\/pages\/3","targetHints":{"allow":["GET"]}}],"collection":[{"href":"https:\/\/burgoa-editores.mx\/en\/wp-json\/wp\/v2\/pages"}],"about":[{"href":"https:\/\/burgoa-editores.mx\/en\/wp-json\/wp\/v2\/types\/page"}],"author":[{"embeddable":true,"href":"https:\/\/burgoa-editores.mx\/en\/wp-json\/wp\/v2\/users\/1"}],"replies":[{"embeddable":true,"href":"https:\/\/burgoa-editores.mx\/en\/wp-json\/wp\/v2\/comments?post=3"}],"version-history":[{"count":7,"href":"https:\/\/burgoa-editores.mx\/en\/wp-json\/wp\/v2\/pages\/3\/revisions"}],"predecessor-version":[{"id":12747,"href":"https:\/\/burgoa-editores.mx\/en\/wp-json\/wp\/v2\/pages\/3\/revisions\/12747"}],"wp:attachment":[{"href":"https:\/\/burgoa-editores.mx\/en\/wp-json\/wp\/v2\/media?parent=3"}],"curies":[{"name":"wp","href":"https:\/\/api.w.org\/{rel}","templated":true}]}}