{"id":12791,"date":"2020-09-13T20:55:06","date_gmt":"2020-09-13T20:55:06","guid":{"rendered":"https:\/\/burgoa-editores.mx\/?post_type=product&#038;p=12791"},"modified":"2025-11-18T00:00:57","modified_gmt":"2025-11-18T06:00:57","slug":"el-federalismo-mexicano-en-el-contexto-del-constituyente-de-1856-1857","status":"publish","type":"product","link":"https:\/\/burgoa-editores.mx\/en\/product\/el-federalismo-mexicano-en-el-contexto-del-constituyente-de-1856-1857\/","title":{"rendered":"EL FEDERALISMO MEXICANO EN EL CONTEXTO DEL CONSTITUYENTE DE 1856-1857"},"content":{"rendered":"<p>Nunca estar\u00e1 por dem\u00e1s insistir en la trascendencia que la Constituci\u00f3n Federal de los Estados Unidos Mexicanos, sancionada y jurada por el Congreso General Constituyente en la Ciudad de M\u00e9xico, el 5 de febrero de 1857, ha tenido en la vida p\u00fablica de M\u00e9xico, relevancia que ha derivado, sin dudarlo, de m\u00faltiples hechos hist\u00f3ricos que antecedieron a su expedici\u00f3n y entrada en vigor, as\u00ed como de otros sucesos, inusitados en muchos aspectos en la historia del constitucionalismo moderno, los cuales, se produjeron con posterioridad a la sanci\u00f3n, \u00a0juramentaci\u00f3n y promulgaci\u00f3n de la misma Ley Fundamental.<\/p>\n<p>Los postulados b\u00e1sicos de la Carta Fundamental de 1857 \u2013forma de estado y de gobierno, divisi\u00f3n de poderes, separaci\u00f3n entre el Estado y la Iglesia, reconocimiento de los derechos fundamentales de las personas, rigidez e inviolabilidad de la Constituci\u00f3n\u2013 han estado y siguen estando vigentes, aunque, en varios periodos no hayan sido plenamente observados, durante ciento veinte a\u00f1os.<\/p>\n<p>Este \u00faltimo hecho, inicialmente ins\u00f3lito, se ha convertido en ordinario y normal en la vida p\u00fablica de M\u00e9xico.<\/p>\n<p>Ello justifica, sin dudarlo, la producci\u00f3n de estudios jur\u00eddicos-constitucionales como el que ahora nos presenta el Doctor Ram\u00f3n Cabrera, centrado en el federalismo mexicano, cuya lectura es, evidentemente, muy recomendable.<\/p>","protected":false},"excerpt":{"rendered":"<p><img loading=\"lazy\" decoding=\"async\" class=\"alignnone size-full wp-image-13486\" src=\"https:\/\/burgoa-editores.mx\/wp-content\/uploads\/2021\/05\/disponible_kindle-e1626978297450.png\" alt=\"\" width=\"219\" height=\"65\" \/><\/p>\n<p> <a class=\"more-link\" href=\"https:\/\/burgoa-editores.mx\/en\/product\/el-federalismo-mexicano-en-el-contexto-del-constituyente-de-1856-1857\/\">Read more<\/a><\/p>","protected":false},"featured_media":13586,"template":"","meta":[],"class_list":{"0":"post-12791","1":"product","2":"type-product","3":"status-publish","4":"has-post-thumbnail","6":"product_cat-libros","7":"product_tag-constitucion-politica-de-los-estados-unidos-mexicanos","8":"product_tag-estudios-constitucionales","9":"product_tag-estudios-juridicos","10":"product_tag-federalismo"},"yoast_head":"<!-- This site is optimized with the Yoast SEO plugin v14.9 - https:\/\/yoast.com\/wordpress\/plugins\/seo\/ -->\n<title>EL FEDERALISMO MEXICANO EN EL CONTEXTO DEL CONSTITUYENTE DE 1856-1857 - Burgoa Editores, S.A.S.<\/title>\n<meta name=\"robots\" content=\"index, follow, max-snippet:-1, max-image-preview:large, max-video-preview:-1\" \/>\n<link rel=\"canonical\" href=\"https:\/\/burgoa-editores.mx\/en\/product\/el-federalismo-mexicano-en-el-contexto-del-constituyente-de-1856-1857\/\" \/>\n<meta property=\"og:locale\" content=\"en_US\" \/>\n<meta property=\"og:type\" content=\"article\" \/>\n<meta property=\"og:title\" content=\"EL FEDERALISMO MEXICANO EN EL CONTEXTO DEL CONSTITUYENTE DE 1856-1857 - Burgoa Editores, S.A.S.\" \/>\n<meta property=\"og:url\" content=\"https:\/\/burgoa-editores.mx\/en\/product\/el-federalismo-mexicano-en-el-contexto-del-constituyente-de-1856-1857\/\" \/>\n<meta property=\"og:site_name\" content=\"Burgoa Editores, S.A.S.\" \/>\n<meta property=\"article:publisher\" content=\"https:\/\/www.facebook.com\/BurgoaEditores\/\" \/>\n<meta property=\"article:author\" content=\"https:\/\/www.facebook.com\/BurgoaEditores\/\" \/>\n<meta property=\"article:modified_time\" content=\"2025-11-18T06:00:57+00:00\" \/>\n<meta property=\"og:image\" content=\"https:\/\/burgoa-editores.mx\/wp-content\/uploads\/2020\/09\/be_elfederalismo.jpg\" \/>\n\t<meta property=\"og:image:width\" content=\"1728\" \/>\n\t<meta property=\"og:image:height\" content=\"2304\" \/>\n<meta name=\"twitter:card\" content=\"summary_large_image\" \/>\n<meta name=\"twitter:creator\" content=\"@burgoaeditores\" \/>\n<meta name=\"twitter:site\" content=\"@burgoaeditores\" \/>\n<script type=\"application\/ld+json\" class=\"yoast-schema-graph\">{\"@context\":\"https:\/\/schema.org\",\"@graph\":[{\"@type\":\"Organization\",\"@id\":\"https:\/\/burgoa-editores.mx\/en\/#organization\",\"name\":\"Burgoa Editores S.C.\",\"url\":\"https:\/\/burgoa-editores.mx\/en\/\",\"sameAs\":[\"https:\/\/www.facebook.com\/BurgoaEditores\/\",\"https:\/\/www.youtube.com\/channel\/UCh8cOciWHTRhTn39kZ5pFyQ\/\",\"https:\/\/twitter.com\/burgoaeditores\"],\"logo\":{\"@type\":\"ImageObject\",\"@id\":\"https:\/\/burgoa-editores.mx\/en\/#logo\",\"inLanguage\":\"en-US\",\"url\":\"https:\/\/burgoa-editores.mx\/wp-content\/uploads\/2020\/09\/Logo-Burgoa-Editores-RB-2.png\",\"width\":271,\"height\":300,\"caption\":\"Burgoa Editores S.C.\"},\"image\":{\"@id\":\"https:\/\/burgoa-editores.mx\/en\/#logo\"}},{\"@type\":\"WebSite\",\"@id\":\"https:\/\/burgoa-editores.mx\/en\/#website\",\"url\":\"https:\/\/burgoa-editores.mx\/en\/\",\"name\":\"Burgoa Editores, S.A.S.\",\"description\":\"Editorial\",\"publisher\":{\"@id\":\"https:\/\/burgoa-editores.mx\/en\/#organization\"},\"potentialAction\":[{\"@type\":\"SearchAction\",\"target\":\"https:\/\/burgoa-editores.mx\/en\/?s={search_term_string}\",\"query-input\":\"required name=search_term_string\"}],\"inLanguage\":\"en-US\"},{\"@type\":\"ImageObject\",\"@id\":\"https:\/\/burgoa-editores.mx\/producto\/el-federalismo-mexicano-en-el-contexto-del-constituyente-de-1856-1857\/#primaryimage\",\"inLanguage\":\"en-US\",\"url\":\"https:\/\/burgoa-editores.mx\/wp-content\/uploads\/2020\/09\/be_elfederalismo.jpg\",\"width\":1728,\"height\":2304},{\"@type\":\"WebPage\",\"@id\":\"https:\/\/burgoa-editores.mx\/producto\/el-federalismo-mexicano-en-el-contexto-del-constituyente-de-1856-1857\/#webpage\",\"url\":\"https:\/\/burgoa-editores.mx\/producto\/el-federalismo-mexicano-en-el-contexto-del-constituyente-de-1856-1857\/\",\"name\":\"EL FEDERALISMO MEXICANO EN EL CONTEXTO DEL CONSTITUYENTE DE 1856-1857 - Burgoa Editores, S.A.S.\",\"isPartOf\":{\"@id\":\"https:\/\/burgoa-editores.mx\/en\/#website\"},\"primaryImageOfPage\":{\"@id\":\"https:\/\/burgoa-editores.mx\/producto\/el-federalismo-mexicano-en-el-contexto-del-constituyente-de-1856-1857\/#primaryimage\"},\"datePublished\":\"2020-09-13T20:55:06+00:00\",\"dateModified\":\"2025-11-18T06:00:57+00:00\",\"inLanguage\":\"en-US\",\"potentialAction\":[{\"@type\":\"ReadAction\",\"target\":[\"https:\/\/burgoa-editores.mx\/producto\/el-federalismo-mexicano-en-el-contexto-del-constituyente-de-1856-1857\/\"]}]}]}<\/script>\n<!-- \/ Yoast SEO plugin. -->","_links":{"self":[{"href":"https:\/\/burgoa-editores.mx\/en\/wp-json\/wp\/v2\/product\/12791","targetHints":{"allow":["GET"]}}],"collection":[{"href":"https:\/\/burgoa-editores.mx\/en\/wp-json\/wp\/v2\/product"}],"about":[{"href":"https:\/\/burgoa-editores.mx\/en\/wp-json\/wp\/v2\/types\/product"}],"wp:featuredmedia":[{"embeddable":true,"href":"https:\/\/burgoa-editores.mx\/en\/wp-json\/wp\/v2\/media\/13586"}],"wp:attachment":[{"href":"https:\/\/burgoa-editores.mx\/en\/wp-json\/wp\/v2\/media?parent=12791"}],"curies":[{"name":"wp","href":"https:\/\/api.w.org\/{rel}","templated":true}]}}