{"id":12793,"date":"2020-09-13T21:18:50","date_gmt":"2020-09-13T21:18:50","guid":{"rendered":"https:\/\/burgoa-editores.mx\/?post_type=product&#038;p=12793"},"modified":"2025-11-18T00:00:56","modified_gmt":"2025-11-18T06:00:56","slug":"la-discrecionalidad-en-la-aplicacion-de-las-normas-legales","status":"publish","type":"product","link":"https:\/\/burgoa-editores.mx\/en\/product\/la-discrecionalidad-en-la-aplicacion-de-las-normas-legales\/","title":{"rendered":"LA DISCRECIONALIDAD EN LA APLICACI\u00d3N DE LAS NORMAS LEGALES"},"content":{"rendered":"<p>Las normas legales, entendidas como tales a las leyes, reglamentos, reglas de car\u00e1cter general, etc\u00e9tera; tanto en la tradici\u00f3n civil como en el <em>common law<\/em>, se escriben con la finalidad de ser aplicadas. De hecho, podr\u00eda decirse que el derecho se crea para aplicarse, mas no para contemplarse (pues no es un poema). No obstante, las normas pueden ser motivo de an\u00e1lisis o investigaci\u00f3n, lo que implica que en su finalidad misma una tarea in concreto encaminada a generar cambios en la realidad.<\/p>\n<p>Es fundamental entender que el significado de la norma (como elemento escrito) no se basa exclusivamente en las palabras, sino igualmente en las oraciones. Esto es, el significado de las normas no es solo sint\u00e1ctica, sino sem\u00e1ntica. \u00bfPor qu\u00e9 existen varios significados posibles o m\u00e1s de un significado posible? La respuesta es sencilla, dependiendo del contexto es que se generan m\u00e1s posibilidades de aplicaci\u00f3n, m\u00e1s a\u00fan cuando se contrasta con la realidad acaecida a la cual se pretende aplicar la norma, lo que constituye, en la tradici\u00f3n romano-cat\u00f3lica que adopt\u00f3 nuestro pa\u00eds, un punto de mayor relevancia, pues implica el enfrentamiento de la norma est\u00e1tica -tal cual est\u00e1 escrita-, con la realidad siempre din\u00e1mica que se vive en sociedad.<\/p>\n<p>Todos los temas en esta obra se exponen de manera t\u00e9cnica, a fin de promover el mejor entendimiento sobre la discrecionalidad en las funciones de las autoridades.<\/p>","protected":false},"excerpt":{"rendered":"<p><a href=\"https:\/\/www.amazon.com.mx\/discrecionalidad-aplicaci%C3%B3n-las-normas-legales-ebook\/dp\/B08DR16R4W\" target=\"_blank\" rel=\"noopener noreferrer\"><img loading=\"lazy\" decoding=\"async\" class=\"alignnone size-full wp-image-13486\" src=\"https:\/\/burgoa-editores.mx\/wp-content\/uploads\/2021\/05\/disponible_kindle-e1626978297450.png\" alt=\"\" width=\"219\" height=\"65\" \/><\/a><br \/>\n<iframe loading=\"lazy\" style=\"max-width: 100%;\" src=\"https:\/\/leer.amazon.com.mx\/kp\/card?asin=B08DR16R4W&amp;preview=inline&amp;linkCode=kpe&amp;ref_=cm_sw_r_kb_dp_3S1PRJY6W4R5CFTYM6C1\" width=\"336\" height=\"550\" frameborder=\"0\" sandbox=\"allow-scripts allow-same-origin allow-popups\" allowfullscreen=\"allowfullscreen\"><\/iframe><\/p>\n<p> <a class=\"more-link\" href=\"https:\/\/burgoa-editores.mx\/en\/product\/la-discrecionalidad-en-la-aplicacion-de-las-normas-legales\/\">Read more<\/a><\/p>","protected":false},"featured_media":13585,"template":"","meta":[],"class_list":{"0":"post-12793","1":"product","2":"type-product","3":"status-publish","4":"has-post-thumbnail","6":"product_cat-libros","7":"product_tag-normas-legales"},"yoast_head":"<!-- This site is optimized with the Yoast SEO plugin v14.9 - https:\/\/yoast.com\/wordpress\/plugins\/seo\/ -->\n<title>LA DISCRECIONALIDAD EN LA APLICACI\u00d3N DE LAS NORMAS LEGALES - Burgoa Editores, S.A.S.<\/title>\n<meta name=\"robots\" content=\"index, follow, max-snippet:-1, max-image-preview:large, max-video-preview:-1\" \/>\n<link rel=\"canonical\" href=\"https:\/\/burgoa-editores.mx\/en\/product\/la-discrecionalidad-en-la-aplicacion-de-las-normas-legales\/\" \/>\n<meta property=\"og:locale\" content=\"en_US\" \/>\n<meta property=\"og:type\" content=\"article\" \/>\n<meta property=\"og:title\" content=\"LA DISCRECIONALIDAD EN LA APLICACI\u00d3N DE LAS NORMAS LEGALES - Burgoa Editores, S.A.S.\" \/>\n<meta property=\"og:url\" content=\"https:\/\/burgoa-editores.mx\/en\/product\/la-discrecionalidad-en-la-aplicacion-de-las-normas-legales\/\" \/>\n<meta property=\"og:site_name\" content=\"Burgoa Editores, S.A.S.\" \/>\n<meta property=\"article:publisher\" content=\"https:\/\/www.facebook.com\/BurgoaEditores\/\" \/>\n<meta property=\"article:author\" content=\"https:\/\/www.facebook.com\/BurgoaEditores\/\" \/>\n<meta property=\"article:modified_time\" content=\"2025-11-18T06:00:56+00:00\" \/>\n<meta property=\"og:image\" content=\"https:\/\/burgoa-editores.mx\/wp-content\/uploads\/2020\/09\/be_ladiscrecionalidad.jpg\" \/>\n\t<meta property=\"og:image:width\" content=\"1728\" \/>\n\t<meta property=\"og:image:height\" content=\"2304\" \/>\n<meta name=\"twitter:card\" content=\"summary_large_image\" \/>\n<meta name=\"twitter:creator\" content=\"@burgoaeditores\" \/>\n<meta name=\"twitter:site\" content=\"@burgoaeditores\" \/>\n<script type=\"application\/ld+json\" class=\"yoast-schema-graph\">{\"@context\":\"https:\/\/schema.org\",\"@graph\":[{\"@type\":\"Organization\",\"@id\":\"https:\/\/burgoa-editores.mx\/en\/#organization\",\"name\":\"Burgoa Editores S.C.\",\"url\":\"https:\/\/burgoa-editores.mx\/en\/\",\"sameAs\":[\"https:\/\/www.facebook.com\/BurgoaEditores\/\",\"https:\/\/www.youtube.com\/channel\/UCh8cOciWHTRhTn39kZ5pFyQ\/\",\"https:\/\/twitter.com\/burgoaeditores\"],\"logo\":{\"@type\":\"ImageObject\",\"@id\":\"https:\/\/burgoa-editores.mx\/en\/#logo\",\"inLanguage\":\"en-US\",\"url\":\"https:\/\/burgoa-editores.mx\/wp-content\/uploads\/2020\/09\/Logo-Burgoa-Editores-RB-2.png\",\"width\":271,\"height\":300,\"caption\":\"Burgoa Editores S.C.\"},\"image\":{\"@id\":\"https:\/\/burgoa-editores.mx\/en\/#logo\"}},{\"@type\":\"WebSite\",\"@id\":\"https:\/\/burgoa-editores.mx\/en\/#website\",\"url\":\"https:\/\/burgoa-editores.mx\/en\/\",\"name\":\"Burgoa Editores, S.A.S.\",\"description\":\"Editorial\",\"publisher\":{\"@id\":\"https:\/\/burgoa-editores.mx\/en\/#organization\"},\"potentialAction\":[{\"@type\":\"SearchAction\",\"target\":\"https:\/\/burgoa-editores.mx\/en\/?s={search_term_string}\",\"query-input\":\"required name=search_term_string\"}],\"inLanguage\":\"en-US\"},{\"@type\":\"ImageObject\",\"@id\":\"https:\/\/burgoa-editores.mx\/producto\/la-discrecionalidad-en-la-aplicacion-de-las-normas-legales\/#primaryimage\",\"inLanguage\":\"en-US\",\"url\":\"https:\/\/burgoa-editores.mx\/wp-content\/uploads\/2020\/09\/be_ladiscrecionalidad.jpg\",\"width\":1728,\"height\":2304},{\"@type\":\"WebPage\",\"@id\":\"https:\/\/burgoa-editores.mx\/producto\/la-discrecionalidad-en-la-aplicacion-de-las-normas-legales\/#webpage\",\"url\":\"https:\/\/burgoa-editores.mx\/producto\/la-discrecionalidad-en-la-aplicacion-de-las-normas-legales\/\",\"name\":\"LA DISCRECIONALIDAD EN LA APLICACI\\u00d3N DE LAS NORMAS LEGALES - Burgoa Editores, S.A.S.\",\"isPartOf\":{\"@id\":\"https:\/\/burgoa-editores.mx\/en\/#website\"},\"primaryImageOfPage\":{\"@id\":\"https:\/\/burgoa-editores.mx\/producto\/la-discrecionalidad-en-la-aplicacion-de-las-normas-legales\/#primaryimage\"},\"datePublished\":\"2020-09-13T21:18:50+00:00\",\"dateModified\":\"2025-11-18T06:00:56+00:00\",\"inLanguage\":\"en-US\",\"potentialAction\":[{\"@type\":\"ReadAction\",\"target\":[\"https:\/\/burgoa-editores.mx\/producto\/la-discrecionalidad-en-la-aplicacion-de-las-normas-legales\/\"]}]}]}<\/script>\n<!-- \/ Yoast SEO plugin. -->","_links":{"self":[{"href":"https:\/\/burgoa-editores.mx\/en\/wp-json\/wp\/v2\/product\/12793","targetHints":{"allow":["GET"]}}],"collection":[{"href":"https:\/\/burgoa-editores.mx\/en\/wp-json\/wp\/v2\/product"}],"about":[{"href":"https:\/\/burgoa-editores.mx\/en\/wp-json\/wp\/v2\/types\/product"}],"wp:featuredmedia":[{"embeddable":true,"href":"https:\/\/burgoa-editores.mx\/en\/wp-json\/wp\/v2\/media\/13585"}],"wp:attachment":[{"href":"https:\/\/burgoa-editores.mx\/en\/wp-json\/wp\/v2\/media?parent=12793"}],"curies":[{"name":"wp","href":"https:\/\/api.w.org\/{rel}","templated":true}]}}