{"id":12797,"date":"2020-09-13T21:26:02","date_gmt":"2020-09-13T21:26:02","guid":{"rendered":"https:\/\/burgoa-editores.mx\/?post_type=product&#038;p=12797"},"modified":"2025-11-18T00:00:55","modified_gmt":"2025-11-18T06:00:55","slug":"los-liberales-y-la-constitucion-de-1857","status":"publish","type":"product","link":"https:\/\/burgoa-editores.mx\/en\/product\/los-liberales-y-la-constitucion-de-1857\/","title":{"rendered":"LOS LIBERALES Y LA CONSTITUCI\u00d3N DE 1857"},"content":{"rendered":"<p>Conocer y entender el pasado es una labor cultural esencial. Regional, nacional o universalmente, leer la historia, entender la historia y escribir la historia son responsabilidades y objetivos propios e irrenunciables de la investigaci\u00f3n en todos los campos.<\/p>\n<p>En este libro se plantean t\u00f3picos que deben analizarse desde diversos enfoques, como sucede en la mayor parte de los temas jur\u00eddicos de perfil pol\u00edtico. El perfil pol\u00edtico de cada \u00e9poca es igualmente importante para la cabal comprensi\u00f3n de las instituciones jur\u00eddicas que en determinada etapa de la historia se han construido.<\/p>\n<p>Esta investigaci\u00f3n lleva como columna central la consideraci\u00f3n de las instituciones jur\u00eddicas y jur\u00eddico \u2013 pol\u00edticas del liberalismo.<\/p>","protected":false},"excerpt":{"rendered":"<p><a href=\"https:\/\/www.amazon.com.mx\/s?k=LOS+LIBERALES+Y+LA+CONSTITUCI%C3%93N+DE+1857&amp;__mk_es_MX=%C3%85M%C3%85%C5%BD%C3%95%C3%91&amp;crid=3RWE3TSXNPHAU&amp;sprefix=los+liberales+y+la+constituci%C3%B3n+de+1857%2Caps%2C470&amp;ref=nb_sb_noss\" target=\"_blank\" rel=\"noopener noreferrer\"><img loading=\"lazy\" decoding=\"async\" class=\"alignnone size-full wp-image-13486\" src=\"https:\/\/burgoa-editores.mx\/wp-content\/uploads\/2021\/05\/disponible_kindle-e1626978297450.png\" alt=\"\" width=\"219\" height=\"65\" \/><\/a><br \/>\n<iframe loading=\"lazy\" style=\"max-width: 100%;\" src=\"https:\/\/leer.amazon.com.mx\/kp\/card?asin=B08DBPHDH3&amp;preview=inline&amp;linkCode=kpe&amp;ref_=cm_sw_r_kb_dp_YG60MXVDTPN2PMVFHRAP\" width=\"336\" height=\"550\" frameborder=\"0\" sandbox=\"allow-scripts allow-same-origin allow-popups\" allowfullscreen=\"allowfullscreen\"><\/iframe><\/p>\n<p> <a class=\"more-link\" href=\"https:\/\/burgoa-editores.mx\/en\/product\/los-liberales-y-la-constitucion-de-1857\/\">Read more<\/a><\/p>","protected":false},"featured_media":13583,"template":"","meta":[],"class_list":{"0":"post-12797","1":"product","2":"type-product","3":"status-publish","4":"has-post-thumbnail","6":"product_cat-libros","7":"product_tag-constitucion-politica-de-los-estados-unidos-mexicanos","8":"product_tag-estudios-constitucionales","9":"product_tag-estudios-juridicos"},"yoast_head":"<!-- This site is optimized with the Yoast SEO plugin v14.9 - https:\/\/yoast.com\/wordpress\/plugins\/seo\/ -->\n<title>LOS LIBERALES Y LA CONSTITUCI\u00d3N DE 1857 - Burgoa Editores, S.A.S.<\/title>\n<meta name=\"robots\" content=\"index, follow, max-snippet:-1, max-image-preview:large, max-video-preview:-1\" \/>\n<link rel=\"canonical\" href=\"https:\/\/burgoa-editores.mx\/en\/product\/los-liberales-y-la-constitucion-de-1857\/\" \/>\n<meta property=\"og:locale\" content=\"en_US\" \/>\n<meta property=\"og:type\" content=\"article\" \/>\n<meta property=\"og:title\" content=\"LOS LIBERALES Y LA CONSTITUCI\u00d3N DE 1857 - Burgoa Editores, S.A.S.\" \/>\n<meta property=\"og:url\" content=\"https:\/\/burgoa-editores.mx\/en\/product\/los-liberales-y-la-constitucion-de-1857\/\" \/>\n<meta property=\"og:site_name\" content=\"Burgoa Editores, S.A.S.\" \/>\n<meta property=\"article:publisher\" content=\"https:\/\/www.facebook.com\/BurgoaEditores\/\" \/>\n<meta property=\"article:author\" content=\"https:\/\/www.facebook.com\/BurgoaEditores\/\" \/>\n<meta property=\"article:modified_time\" content=\"2025-11-18T06:00:55+00:00\" \/>\n<meta property=\"og:image\" content=\"https:\/\/burgoa-editores.mx\/wp-content\/uploads\/2020\/09\/be_losliberales.jpg\" \/>\n\t<meta property=\"og:image:width\" content=\"1728\" \/>\n\t<meta property=\"og:image:height\" content=\"2304\" \/>\n<meta name=\"twitter:card\" content=\"summary_large_image\" \/>\n<meta name=\"twitter:creator\" content=\"@burgoaeditores\" \/>\n<meta name=\"twitter:site\" content=\"@burgoaeditores\" \/>\n<script type=\"application\/ld+json\" class=\"yoast-schema-graph\">{\"@context\":\"https:\/\/schema.org\",\"@graph\":[{\"@type\":\"Organization\",\"@id\":\"https:\/\/burgoa-editores.mx\/en\/#organization\",\"name\":\"Burgoa Editores S.C.\",\"url\":\"https:\/\/burgoa-editores.mx\/en\/\",\"sameAs\":[\"https:\/\/www.facebook.com\/BurgoaEditores\/\",\"https:\/\/www.youtube.com\/channel\/UCh8cOciWHTRhTn39kZ5pFyQ\/\",\"https:\/\/twitter.com\/burgoaeditores\"],\"logo\":{\"@type\":\"ImageObject\",\"@id\":\"https:\/\/burgoa-editores.mx\/en\/#logo\",\"inLanguage\":\"en-US\",\"url\":\"https:\/\/burgoa-editores.mx\/wp-content\/uploads\/2020\/09\/Logo-Burgoa-Editores-RB-2.png\",\"width\":271,\"height\":300,\"caption\":\"Burgoa Editores S.C.\"},\"image\":{\"@id\":\"https:\/\/burgoa-editores.mx\/en\/#logo\"}},{\"@type\":\"WebSite\",\"@id\":\"https:\/\/burgoa-editores.mx\/en\/#website\",\"url\":\"https:\/\/burgoa-editores.mx\/en\/\",\"name\":\"Burgoa Editores, S.A.S.\",\"description\":\"Editorial\",\"publisher\":{\"@id\":\"https:\/\/burgoa-editores.mx\/en\/#organization\"},\"potentialAction\":[{\"@type\":\"SearchAction\",\"target\":\"https:\/\/burgoa-editores.mx\/en\/?s={search_term_string}\",\"query-input\":\"required name=search_term_string\"}],\"inLanguage\":\"en-US\"},{\"@type\":\"ImageObject\",\"@id\":\"https:\/\/burgoa-editores.mx\/producto\/los-liberales-y-la-constitucion-de-1857\/#primaryimage\",\"inLanguage\":\"en-US\",\"url\":\"https:\/\/burgoa-editores.mx\/wp-content\/uploads\/2020\/09\/be_losliberales.jpg\",\"width\":1728,\"height\":2304},{\"@type\":\"WebPage\",\"@id\":\"https:\/\/burgoa-editores.mx\/producto\/los-liberales-y-la-constitucion-de-1857\/#webpage\",\"url\":\"https:\/\/burgoa-editores.mx\/producto\/los-liberales-y-la-constitucion-de-1857\/\",\"name\":\"LOS LIBERALES Y LA CONSTITUCI\\u00d3N DE 1857 - Burgoa Editores, S.A.S.\",\"isPartOf\":{\"@id\":\"https:\/\/burgoa-editores.mx\/en\/#website\"},\"primaryImageOfPage\":{\"@id\":\"https:\/\/burgoa-editores.mx\/producto\/los-liberales-y-la-constitucion-de-1857\/#primaryimage\"},\"datePublished\":\"2020-09-13T21:26:02+00:00\",\"dateModified\":\"2025-11-18T06:00:55+00:00\",\"inLanguage\":\"en-US\",\"potentialAction\":[{\"@type\":\"ReadAction\",\"target\":[\"https:\/\/burgoa-editores.mx\/producto\/los-liberales-y-la-constitucion-de-1857\/\"]}]}]}<\/script>\n<!-- \/ Yoast SEO plugin. -->","_links":{"self":[{"href":"https:\/\/burgoa-editores.mx\/en\/wp-json\/wp\/v2\/product\/12797","targetHints":{"allow":["GET"]}}],"collection":[{"href":"https:\/\/burgoa-editores.mx\/en\/wp-json\/wp\/v2\/product"}],"about":[{"href":"https:\/\/burgoa-editores.mx\/en\/wp-json\/wp\/v2\/types\/product"}],"wp:featuredmedia":[{"embeddable":true,"href":"https:\/\/burgoa-editores.mx\/en\/wp-json\/wp\/v2\/media\/13583"}],"wp:attachment":[{"href":"https:\/\/burgoa-editores.mx\/en\/wp-json\/wp\/v2\/media?parent=12797"}],"curies":[{"name":"wp","href":"https:\/\/api.w.org\/{rel}","templated":true}]}}