{"id":12799,"date":"2020-09-13T21:30:37","date_gmt":"2020-09-13T21:30:37","guid":{"rendered":"https:\/\/burgoa-editores.mx\/?post_type=product&#038;p=12799"},"modified":"2025-11-18T00:00:55","modified_gmt":"2025-11-18T06:00:55","slug":"propiedad-intelectual-la-vision-de-quien-juzgo","status":"publish","type":"product","link":"https:\/\/burgoa-editores.mx\/en\/product\/propiedad-intelectual-la-vision-de-quien-juzgo\/","title":{"rendered":"PROPIEDAD INTELECTUAL; LA VISI\u00d3N DE QUI\u00c9N JUZG\u00d3"},"content":{"rendered":"<p>La propiedad intelectual hoy en d\u00eda juega un papel esencial en la sociedad porque permite proteger la exteriorizaci\u00f3n y materializaci\u00f3n de la actividad intelectual de las personas, como parte de sus derechos humanos. Esta disciplina, tambi\u00e9n representa un instrumento jur\u00eddico que busca explotar y transmitir el valor intangible de la innovaci\u00f3n y creatividad al grado de constituirse como moneda de cambio de la sociedad y la econom\u00eda del conocimiento en la que vivimos. El tema es apasionante, multifac\u00e9tico y din\u00e1mico, dado que, constantemente se crean, discuten e interpretan formas, criterios y modelos de protecci\u00f3n en distintos \u00e1mbitos.<\/p>\n<p>En este contexto, desde el emprendedor, investigador, instituci\u00f3n educativa, profesionista especializado en la materia, hasta legisladores, negociadores, autoridades, jueces y magistrados, fungimos como catalizadores de las mentes que generan los nuevos paradigmas que dan respuesta a los retos de la humanidad, utilizando como mecanismo promotor de la actividad creativa, los derechos de propiedad intelectual.<\/p>\n<p>El compendio que hoy nos presenta y ofrece el otrora magistrado Ram\u00f3n Cabrera, demuestra su gran val\u00eda como un importante y \u00fatil aporte al sistema de propiedad intelectual, ya en el \u00e1mbito acad\u00e9mico, como en el de foro, tanto litigantes como autoridades y juzgadores.<\/p>","protected":false},"excerpt":{"rendered":"<p><a href=\"https:\/\/www.amazon.com.mx\/Propiedad-intelectual-visi%C3%B3n-quien-juzg%C3%B3-ebook\/dp\/B08HVV7XNH\/ref=sr_1_31?__mk_es_MX=%C3%85M%C3%85%C5%BD%C3%95%C3%91&amp;crid=5RP6P7X3AEG5&amp;keywords=BURGOA+EDITORES&amp;qid=1663959204&amp;sprefix=burgoa+editores%2Caps%2C165&amp;sr=8-31\" target=\"_blank\" rel=\"noopener noreferrer\"><img loading=\"lazy\" decoding=\"async\" class=\"alignnone size-full wp-image-13486\" src=\"https:\/\/burgoa-editores.mx\/wp-content\/uploads\/2021\/05\/disponible_kindle-e1626978297450.png\" alt=\"\" width=\"219\" height=\"65\" \/><\/a><br \/>\n<iframe loading=\"lazy\" style=\"max-width: 100%;\" src=\"https:\/\/leer.amazon.com.mx\/kp\/card?asin=B08HVV7XNH&amp;preview=inline&amp;linkCode=kpe&amp;ref_=cm_sw_r_kb_dp_J7KBVK7H63AP6FVYBCMH\" width=\"336\" height=\"550\" frameborder=\"0\" sandbox=\"allow-scripts allow-same-origin allow-popups\" allowfullscreen=\"allowfullscreen\"><\/iframe><\/p>\n<p> <a class=\"more-link\" href=\"https:\/\/burgoa-editores.mx\/en\/product\/propiedad-intelectual-la-vision-de-quien-juzgo\/\">Read more<\/a><\/p>","protected":false},"featured_media":13582,"template":"","meta":[],"class_list":{"0":"post-12799","1":"product","2":"type-product","3":"status-publish","4":"has-post-thumbnail","6":"product_cat-libros","7":"product_tag-propiedad-intelectual"},"yoast_head":"<!-- This site is optimized with the Yoast SEO plugin v14.9 - https:\/\/yoast.com\/wordpress\/plugins\/seo\/ -->\n<title>PROPIEDAD INTELECTUAL; LA VISI\u00d3N DE QUI\u00c9N JUZG\u00d3 - Burgoa Editores, S.A.S.<\/title>\n<meta name=\"robots\" content=\"index, follow, max-snippet:-1, max-image-preview:large, max-video-preview:-1\" \/>\n<link rel=\"canonical\" href=\"https:\/\/burgoa-editores.mx\/en\/product\/propiedad-intelectual-la-vision-de-quien-juzgo\/\" \/>\n<meta property=\"og:locale\" content=\"en_US\" \/>\n<meta property=\"og:type\" content=\"article\" \/>\n<meta property=\"og:title\" content=\"PROPIEDAD INTELECTUAL; LA VISI\u00d3N DE QUI\u00c9N JUZG\u00d3 - Burgoa Editores, S.A.S.\" \/>\n<meta property=\"og:url\" content=\"https:\/\/burgoa-editores.mx\/en\/product\/propiedad-intelectual-la-vision-de-quien-juzgo\/\" \/>\n<meta property=\"og:site_name\" content=\"Burgoa Editores, S.A.S.\" \/>\n<meta property=\"article:publisher\" content=\"https:\/\/www.facebook.com\/BurgoaEditores\/\" \/>\n<meta property=\"article:author\" content=\"https:\/\/www.facebook.com\/BurgoaEditores\/\" \/>\n<meta property=\"article:modified_time\" content=\"2025-11-18T06:00:55+00:00\" \/>\n<meta property=\"og:image\" content=\"https:\/\/burgoa-editores.mx\/wp-content\/uploads\/2020\/09\/be_propieda_intelectual.jpg\" \/>\n\t<meta property=\"og:image:width\" content=\"1728\" \/>\n\t<meta property=\"og:image:height\" content=\"2304\" \/>\n<meta name=\"twitter:card\" content=\"summary_large_image\" \/>\n<meta name=\"twitter:creator\" content=\"@burgoaeditores\" \/>\n<meta name=\"twitter:site\" content=\"@burgoaeditores\" \/>\n<script type=\"application\/ld+json\" class=\"yoast-schema-graph\">{\"@context\":\"https:\/\/schema.org\",\"@graph\":[{\"@type\":\"Organization\",\"@id\":\"https:\/\/burgoa-editores.mx\/en\/#organization\",\"name\":\"Burgoa Editores S.C.\",\"url\":\"https:\/\/burgoa-editores.mx\/en\/\",\"sameAs\":[\"https:\/\/www.facebook.com\/BurgoaEditores\/\",\"https:\/\/www.youtube.com\/channel\/UCh8cOciWHTRhTn39kZ5pFyQ\/\",\"https:\/\/twitter.com\/burgoaeditores\"],\"logo\":{\"@type\":\"ImageObject\",\"@id\":\"https:\/\/burgoa-editores.mx\/en\/#logo\",\"inLanguage\":\"en-US\",\"url\":\"https:\/\/burgoa-editores.mx\/wp-content\/uploads\/2020\/09\/Logo-Burgoa-Editores-RB-2.png\",\"width\":271,\"height\":300,\"caption\":\"Burgoa Editores S.C.\"},\"image\":{\"@id\":\"https:\/\/burgoa-editores.mx\/en\/#logo\"}},{\"@type\":\"WebSite\",\"@id\":\"https:\/\/burgoa-editores.mx\/en\/#website\",\"url\":\"https:\/\/burgoa-editores.mx\/en\/\",\"name\":\"Burgoa Editores, S.A.S.\",\"description\":\"Editorial\",\"publisher\":{\"@id\":\"https:\/\/burgoa-editores.mx\/en\/#organization\"},\"potentialAction\":[{\"@type\":\"SearchAction\",\"target\":\"https:\/\/burgoa-editores.mx\/en\/?s={search_term_string}\",\"query-input\":\"required name=search_term_string\"}],\"inLanguage\":\"en-US\"},{\"@type\":\"ImageObject\",\"@id\":\"https:\/\/burgoa-editores.mx\/producto\/propiedad-intelectual-la-vision-de-quien-juzgo\/#primaryimage\",\"inLanguage\":\"en-US\",\"url\":\"https:\/\/burgoa-editores.mx\/wp-content\/uploads\/2020\/09\/be_propieda_intelectual.jpg\",\"width\":1728,\"height\":2304},{\"@type\":\"WebPage\",\"@id\":\"https:\/\/burgoa-editores.mx\/producto\/propiedad-intelectual-la-vision-de-quien-juzgo\/#webpage\",\"url\":\"https:\/\/burgoa-editores.mx\/producto\/propiedad-intelectual-la-vision-de-quien-juzgo\/\",\"name\":\"PROPIEDAD INTELECTUAL; LA VISI\\u00d3N DE QUI\\u00c9N JUZG\\u00d3 - Burgoa Editores, S.A.S.\",\"isPartOf\":{\"@id\":\"https:\/\/burgoa-editores.mx\/en\/#website\"},\"primaryImageOfPage\":{\"@id\":\"https:\/\/burgoa-editores.mx\/producto\/propiedad-intelectual-la-vision-de-quien-juzgo\/#primaryimage\"},\"datePublished\":\"2020-09-13T21:30:37+00:00\",\"dateModified\":\"2025-11-18T06:00:55+00:00\",\"inLanguage\":\"en-US\",\"potentialAction\":[{\"@type\":\"ReadAction\",\"target\":[\"https:\/\/burgoa-editores.mx\/producto\/propiedad-intelectual-la-vision-de-quien-juzgo\/\"]}]}]}<\/script>\n<!-- \/ Yoast SEO plugin. -->","_links":{"self":[{"href":"https:\/\/burgoa-editores.mx\/en\/wp-json\/wp\/v2\/product\/12799","targetHints":{"allow":["GET"]}}],"collection":[{"href":"https:\/\/burgoa-editores.mx\/en\/wp-json\/wp\/v2\/product"}],"about":[{"href":"https:\/\/burgoa-editores.mx\/en\/wp-json\/wp\/v2\/types\/product"}],"wp:featuredmedia":[{"embeddable":true,"href":"https:\/\/burgoa-editores.mx\/en\/wp-json\/wp\/v2\/media\/13582"}],"wp:attachment":[{"href":"https:\/\/burgoa-editores.mx\/en\/wp-json\/wp\/v2\/media?parent=12799"}],"curies":[{"name":"wp","href":"https:\/\/api.w.org\/{rel}","templated":true}]}}