{"id":13128,"date":"2020-12-15T14:32:10","date_gmt":"2020-12-15T20:32:10","guid":{"rendered":"https:\/\/burgoa-editores.mx\/?post_type=product&#038;p=13128"},"modified":"2026-02-03T11:01:41","modified_gmt":"2026-02-03T17:01:41","slug":"procedimientos-y-defensa-fiscal","status":"publish","type":"product","link":"https:\/\/burgoa-editores.mx\/en\/product\/procedimientos-y-defensa-fiscal\/","title":{"rendered":"PROCEDIMIENTOS Y DEFENSA FISCAL"},"content":{"rendered":"<p>La defensa fiscal debe comenzar por entender los l\u00edmites constitucionales y la val\u00eda de los derechos que jam\u00e1s deben violar las autoridades y leyes. Por eso, la Constituci\u00f3n establece los criterios a seguir para la imposici\u00f3n de los deberes fiscales, as\u00ed como tambi\u00e9n establece la inviolabilidad de las garant\u00edas individuales y sociales para hacer perenne el goce de los derechos que tutelan, lo cual, constituye nuestro punto de partida.<\/p>\n<p>Es indispensable aclarar que el uso de los medios de defensa no debe ser considerado como un riesgo. De ser as\u00ed no existir\u00edan en ley.\u00a0 Lejos de ser un elemento de \u201cmiedo\u201d, es un derecho leg\u00edtimo del particular, por ello, se deben llevar a cabo cuando las situaciones lo requieran, momento en el cual surgir\u00e1 la pregunta sobre qu\u00e9 camino seguir, cuestionamiento que en materia fiscal enfrenta una disyuntiva: el recurso de revocaci\u00f3n o el juicio de nulidad, dado que, los primeros son optativos.<\/p>\n<p>Iniciar un juicio se asimila a un juego de ajedrez, en donde, quien realiza el primer movimiento lleva un paso adelante. Iniciar ese primer movimiento implica una responsabilidad que debemos aceptar, ya que, de \u00e9l se desprender\u00e1 toda la din\u00e1mica procesal, allende que arrojar\u00e1 la posibilidad de continuar con \u00e9xito la contienda iniciada.<\/p>\n<p>Bajo este contexto, este libro tiene como finalidad orientar a los interesados en la defensa fiscal para obtener un panorama m\u00e1s claro de la importancia de cada medio de defensa, as\u00ed como sus ventajas y desventajas, reconociendo el momento adecuado para ejercerlo y evitar esfuerzos innecesarios en menoscabo econ\u00f3mico.<\/p>","protected":false},"excerpt":{"rendered":"<p>La defensa fiscal debe comenzar por entender los l\u00edmites constitucionales&hellip;<\/p>\n<p> <a class=\"more-link\" href=\"https:\/\/burgoa-editores.mx\/en\/product\/procedimientos-y-defensa-fiscal\/\">Read more<\/a><\/p>","protected":false},"featured_media":13579,"template":"","meta":[],"class_list":{"0":"post-13128","1":"product","2":"type-product","3":"status-publish","4":"has-post-thumbnail","6":"product_cat-libros","7":"product_tag-fiscal"},"yoast_head":"<!-- This site is optimized with the Yoast SEO plugin v14.9 - https:\/\/yoast.com\/wordpress\/plugins\/seo\/ -->\n<title>PROCEDIMIENTOS Y DEFENSA FISCAL - Burgoa Editores, S.A.S.<\/title>\n<meta name=\"robots\" content=\"index, follow, max-snippet:-1, max-image-preview:large, max-video-preview:-1\" \/>\n<link rel=\"canonical\" href=\"https:\/\/burgoa-editores.mx\/en\/product\/procedimientos-y-defensa-fiscal\/\" \/>\n<meta property=\"og:locale\" content=\"en_US\" \/>\n<meta property=\"og:type\" content=\"article\" \/>\n<meta property=\"og:title\" content=\"PROCEDIMIENTOS Y DEFENSA FISCAL - Burgoa Editores, S.A.S.\" \/>\n<meta property=\"og:description\" content=\"La defensa fiscal debe comenzar por entender los l\u00edmites constitucionales&hellip;  Read more\" \/>\n<meta property=\"og:url\" content=\"https:\/\/burgoa-editores.mx\/en\/product\/procedimientos-y-defensa-fiscal\/\" \/>\n<meta property=\"og:site_name\" content=\"Burgoa Editores, S.A.S.\" \/>\n<meta property=\"article:publisher\" content=\"https:\/\/www.facebook.com\/BurgoaEditores\/\" \/>\n<meta property=\"article:author\" content=\"https:\/\/www.facebook.com\/BurgoaEditores\/\" \/>\n<meta property=\"article:modified_time\" content=\"2026-02-03T17:01:41+00:00\" \/>\n<meta property=\"og:image\" content=\"https:\/\/burgoa-editores.mx\/wp-content\/uploads\/2020\/12\/be_procedimientos.jpg\" \/>\n\t<meta property=\"og:image:width\" content=\"1728\" \/>\n\t<meta property=\"og:image:height\" content=\"2304\" \/>\n<meta name=\"twitter:card\" content=\"summary_large_image\" \/>\n<meta name=\"twitter:creator\" content=\"@burgoaeditores\" \/>\n<meta name=\"twitter:site\" content=\"@burgoaeditores\" \/>\n<script type=\"application\/ld+json\" class=\"yoast-schema-graph\">{\"@context\":\"https:\/\/schema.org\",\"@graph\":[{\"@type\":\"Organization\",\"@id\":\"https:\/\/burgoa-editores.mx\/en\/#organization\",\"name\":\"Burgoa Editores S.C.\",\"url\":\"https:\/\/burgoa-editores.mx\/en\/\",\"sameAs\":[\"https:\/\/www.facebook.com\/BurgoaEditores\/\",\"https:\/\/www.youtube.com\/channel\/UCh8cOciWHTRhTn39kZ5pFyQ\/\",\"https:\/\/twitter.com\/burgoaeditores\"],\"logo\":{\"@type\":\"ImageObject\",\"@id\":\"https:\/\/burgoa-editores.mx\/en\/#logo\",\"inLanguage\":\"en-US\",\"url\":\"https:\/\/burgoa-editores.mx\/wp-content\/uploads\/2020\/09\/Logo-Burgoa-Editores-RB-2.png\",\"width\":271,\"height\":300,\"caption\":\"Burgoa Editores S.C.\"},\"image\":{\"@id\":\"https:\/\/burgoa-editores.mx\/en\/#logo\"}},{\"@type\":\"WebSite\",\"@id\":\"https:\/\/burgoa-editores.mx\/en\/#website\",\"url\":\"https:\/\/burgoa-editores.mx\/en\/\",\"name\":\"Burgoa Editores, S.A.S.\",\"description\":\"Editorial\",\"publisher\":{\"@id\":\"https:\/\/burgoa-editores.mx\/en\/#organization\"},\"potentialAction\":[{\"@type\":\"SearchAction\",\"target\":\"https:\/\/burgoa-editores.mx\/en\/?s={search_term_string}\",\"query-input\":\"required name=search_term_string\"}],\"inLanguage\":\"en-US\"},{\"@type\":\"ImageObject\",\"@id\":\"https:\/\/burgoa-editores.mx\/producto\/procedimientos-y-defensa-fiscal\/#primaryimage\",\"inLanguage\":\"en-US\",\"url\":\"https:\/\/burgoa-editores.mx\/wp-content\/uploads\/2020\/12\/be_procedimientos.jpg\",\"width\":1728,\"height\":2304},{\"@type\":\"WebPage\",\"@id\":\"https:\/\/burgoa-editores.mx\/producto\/procedimientos-y-defensa-fiscal\/#webpage\",\"url\":\"https:\/\/burgoa-editores.mx\/producto\/procedimientos-y-defensa-fiscal\/\",\"name\":\"PROCEDIMIENTOS Y DEFENSA FISCAL - Burgoa Editores, S.A.S.\",\"isPartOf\":{\"@id\":\"https:\/\/burgoa-editores.mx\/en\/#website\"},\"primaryImageOfPage\":{\"@id\":\"https:\/\/burgoa-editores.mx\/producto\/procedimientos-y-defensa-fiscal\/#primaryimage\"},\"datePublished\":\"2020-12-15T20:32:10+00:00\",\"dateModified\":\"2026-02-03T17:01:41+00:00\",\"inLanguage\":\"en-US\",\"potentialAction\":[{\"@type\":\"ReadAction\",\"target\":[\"https:\/\/burgoa-editores.mx\/producto\/procedimientos-y-defensa-fiscal\/\"]}]}]}<\/script>\n<!-- \/ Yoast SEO plugin. -->","_links":{"self":[{"href":"https:\/\/burgoa-editores.mx\/en\/wp-json\/wp\/v2\/product\/13128","targetHints":{"allow":["GET"]}}],"collection":[{"href":"https:\/\/burgoa-editores.mx\/en\/wp-json\/wp\/v2\/product"}],"about":[{"href":"https:\/\/burgoa-editores.mx\/en\/wp-json\/wp\/v2\/types\/product"}],"wp:featuredmedia":[{"embeddable":true,"href":"https:\/\/burgoa-editores.mx\/en\/wp-json\/wp\/v2\/media\/13579"}],"wp:attachment":[{"href":"https:\/\/burgoa-editores.mx\/en\/wp-json\/wp\/v2\/media?parent=13128"}],"curies":[{"name":"wp","href":"https:\/\/api.w.org\/{rel}","templated":true}]}}