{"id":13130,"date":"2020-12-15T14:43:52","date_gmt":"2020-12-15T20:43:52","guid":{"rendered":"https:\/\/burgoa-editores.mx\/?post_type=product&#038;p=13130"},"modified":"2026-04-23T13:43:22","modified_gmt":"2026-04-23T18:43:22","slug":"analisis-integral-del-t-mec","status":"publish","type":"product","link":"https:\/\/burgoa-editores.mx\/en\/product\/analisis-integral-del-t-mec\/","title":{"rendered":"AN\u00c1LISIS INTEGRAL DEL T-MEC"},"content":{"rendered":"<p>En el nuevo tratado se modernizan diversos cap\u00edtulos que por a\u00f1os estuvieron intactos, por ejemplo, el correspondiente al comercio electr\u00f3nico, mismo que, inclusive, se armoniza con la entrada en vigor de las Nuevas Disposiciones Fiscales en Materia de Plataformas Digitales en M\u00e9xico. Se considera, tambi\u00e9n, en el nuevo T-MEC un importante apartado relacionado con anticorrupci\u00f3n, mismo que no hab\u00eda sido contemplado antes y que da transparencia y buenas pr\u00e1cticas a los negocios internacionales.<\/p>\n<p>El marco jur\u00eddico mexicano deber\u00e1 adecuarse para vincularse al T-MEC y poder cumplir arm\u00f3nicamente con los compromisos que el Estado mexicano asume a trav\u00e9s de \u00e9l.<\/p>\n<p>Deber\u00e1n concretarse reformas en materia de:<\/p>\n<ol>\n<li>Ley de la Propiedad Industrial<\/li>\n<li>Ley Federal de Derechos de Autor<\/li>\n<li>Reforma al C\u00f3digo Penal sobre grabaciones no autorizadas<\/li>\n<li>Reformas a la Ley de Impuestos Generales de Importaci\u00f3n y Exportaci\u00f3n<\/li>\n<li>Reformas a la Ley Aduanera<\/li>\n<li>Ley de Infraestructura de la Calidad<\/li>\n<\/ol>\n<p>Entre otras.<\/p>\n<p>Todos los puntos anteriores son tratados en esta obra, en la que se participan diversos profesionistas, acad\u00e9micos y practicantes, todos ellos, especialistas en cada uno de los temas que contiene el T-MEC, con la finalidad de que el lector tenga la oportunidad de llevar a cabo la consulta adecuada a los temas de su inter\u00e9s, por lo cual, no existe un rigor obligado para la lectura de este libro.<\/p>","protected":false},"excerpt":{"rendered":"<p><a href=\"https:\/\/www.amazon.com.mx\/An%C3%A1lisis-integral-Deyanira-Guti%C3%A9rrez-Hern%C3%A1ndez-ebook\/dp\/B08Q23NXY7\/ref=sr_1_20?crid=11AXCH8YAKEZG&amp;keywords=burgoa+editores&amp;qid=1663948295&amp;s=digital-text&amp;sprefix=burgo%2Cdigital-text%2C193&amp;sr=1-20\" target=\"_blank\" rel=\"noopener noreferrer\"><img loading=\"lazy\" decoding=\"async\" class=\"alignnone size-full wp-image-13486\" src=\"https:\/\/burgoa-editores.mx\/wp-content\/uploads\/2021\/05\/disponible_kindle-e1626978297450.png\" alt=\"\" width=\"219\" height=\"65\" \/><\/a><br \/>\n<iframe loading=\"lazy\" style=\"max-width: 100%;\" src=\"https:\/\/leer.amazon.com.mx\/kp\/card?asin=B08Q23NXY7&amp;preview=inline&amp;linkCode=kpe&amp;ref_=cm_sw_r_kb_dp_HET8SVJ1GKRAHXB07PG1\" width=\"336\" height=\"550\" frameborder=\"0\" sandbox=\"allow-scripts allow-same-origin allow-popups\" allowfullscreen=\"allowfullscreen\"><\/iframe><\/p>\n<p> <a class=\"more-link\" href=\"https:\/\/burgoa-editores.mx\/en\/product\/analisis-integral-del-t-mec\/\">Read more<\/a><\/p>","protected":false},"featured_media":14735,"template":"","meta":[],"class_list":{"0":"post-13130","1":"product","2":"type-product","3":"status-publish","4":"has-post-thumbnail","6":"product_cat-libros","7":"product_tag-fiscal"},"yoast_head":"<!-- This site is optimized with the Yoast SEO plugin v14.9 - https:\/\/yoast.com\/wordpress\/plugins\/seo\/ -->\n<title>AN\u00c1LISIS INTEGRAL DEL T-MEC - Burgoa Editores, S.A.S.<\/title>\n<meta name=\"robots\" content=\"index, follow, max-snippet:-1, max-image-preview:large, max-video-preview:-1\" \/>\n<link rel=\"canonical\" href=\"https:\/\/burgoa-editores.mx\/en\/product\/analisis-integral-del-t-mec\/\" \/>\n<meta property=\"og:locale\" content=\"en_US\" \/>\n<meta property=\"og:type\" content=\"article\" \/>\n<meta property=\"og:title\" content=\"AN\u00c1LISIS INTEGRAL DEL T-MEC - Burgoa Editores, S.A.S.\" \/>\n<meta property=\"og:url\" content=\"https:\/\/burgoa-editores.mx\/en\/product\/analisis-integral-del-t-mec\/\" \/>\n<meta property=\"og:site_name\" content=\"Burgoa Editores, S.A.S.\" \/>\n<meta property=\"article:publisher\" content=\"https:\/\/www.facebook.com\/BurgoaEditores\/\" \/>\n<meta property=\"article:author\" content=\"https:\/\/www.facebook.com\/BurgoaEditores\/\" \/>\n<meta property=\"article:modified_time\" content=\"2026-04-23T18:43:22+00:00\" \/>\n<meta property=\"og:image\" content=\"https:\/\/burgoa-editores.mx\/wp-content\/uploads\/2020\/12\/Libro-t-mec-768x1024.png\" \/>\n\t<meta property=\"og:image:width\" content=\"768\" \/>\n\t<meta property=\"og:image:height\" content=\"1024\" \/>\n<meta name=\"twitter:card\" content=\"summary_large_image\" \/>\n<meta name=\"twitter:creator\" content=\"@burgoaeditores\" \/>\n<meta name=\"twitter:site\" content=\"@burgoaeditores\" \/>\n<script type=\"application\/ld+json\" class=\"yoast-schema-graph\">{\"@context\":\"https:\/\/schema.org\",\"@graph\":[{\"@type\":\"Organization\",\"@id\":\"https:\/\/burgoa-editores.mx\/en\/#organization\",\"name\":\"Burgoa Editores S.C.\",\"url\":\"https:\/\/burgoa-editores.mx\/en\/\",\"sameAs\":[\"https:\/\/www.facebook.com\/BurgoaEditores\/\",\"https:\/\/www.youtube.com\/channel\/UCh8cOciWHTRhTn39kZ5pFyQ\/\",\"https:\/\/twitter.com\/burgoaeditores\"],\"logo\":{\"@type\":\"ImageObject\",\"@id\":\"https:\/\/burgoa-editores.mx\/en\/#logo\",\"inLanguage\":\"en-US\",\"url\":\"https:\/\/burgoa-editores.mx\/wp-content\/uploads\/2020\/09\/Logo-Burgoa-Editores-RB-2.png\",\"width\":271,\"height\":300,\"caption\":\"Burgoa Editores S.C.\"},\"image\":{\"@id\":\"https:\/\/burgoa-editores.mx\/en\/#logo\"}},{\"@type\":\"WebSite\",\"@id\":\"https:\/\/burgoa-editores.mx\/en\/#website\",\"url\":\"https:\/\/burgoa-editores.mx\/en\/\",\"name\":\"Burgoa Editores, S.A.S.\",\"description\":\"Editorial\",\"publisher\":{\"@id\":\"https:\/\/burgoa-editores.mx\/en\/#organization\"},\"potentialAction\":[{\"@type\":\"SearchAction\",\"target\":\"https:\/\/burgoa-editores.mx\/en\/?s={search_term_string}\",\"query-input\":\"required name=search_term_string\"}],\"inLanguage\":\"en-US\"},{\"@type\":\"ImageObject\",\"@id\":\"https:\/\/burgoa-editores.mx\/producto\/analisis-integral-del-t-mec\/#primaryimage\",\"inLanguage\":\"en-US\",\"url\":\"https:\/\/burgoa-editores.mx\/wp-content\/uploads\/2020\/12\/Libro-t-mec.png\",\"width\":1728,\"height\":2304},{\"@type\":\"WebPage\",\"@id\":\"https:\/\/burgoa-editores.mx\/producto\/analisis-integral-del-t-mec\/#webpage\",\"url\":\"https:\/\/burgoa-editores.mx\/producto\/analisis-integral-del-t-mec\/\",\"name\":\"AN\\u00c1LISIS INTEGRAL DEL T-MEC - Burgoa Editores, S.A.S.\",\"isPartOf\":{\"@id\":\"https:\/\/burgoa-editores.mx\/en\/#website\"},\"primaryImageOfPage\":{\"@id\":\"https:\/\/burgoa-editores.mx\/producto\/analisis-integral-del-t-mec\/#primaryimage\"},\"datePublished\":\"2020-12-15T20:43:52+00:00\",\"dateModified\":\"2026-04-23T18:43:22+00:00\",\"inLanguage\":\"en-US\",\"potentialAction\":[{\"@type\":\"ReadAction\",\"target\":[\"https:\/\/burgoa-editores.mx\/producto\/analisis-integral-del-t-mec\/\"]}]}]}<\/script>\n<!-- \/ Yoast SEO plugin. -->","_links":{"self":[{"href":"https:\/\/burgoa-editores.mx\/en\/wp-json\/wp\/v2\/product\/13130","targetHints":{"allow":["GET"]}}],"collection":[{"href":"https:\/\/burgoa-editores.mx\/en\/wp-json\/wp\/v2\/product"}],"about":[{"href":"https:\/\/burgoa-editores.mx\/en\/wp-json\/wp\/v2\/types\/product"}],"wp:featuredmedia":[{"embeddable":true,"href":"https:\/\/burgoa-editores.mx\/en\/wp-json\/wp\/v2\/media\/14735"}],"wp:attachment":[{"href":"https:\/\/burgoa-editores.mx\/en\/wp-json\/wp\/v2\/media?parent=13130"}],"curies":[{"name":"wp","href":"https:\/\/api.w.org\/{rel}","templated":true}]}}