{"id":13174,"date":"2021-01-25T15:03:08","date_gmt":"2021-01-25T21:03:08","guid":{"rendered":"https:\/\/burgoa-editores.mx\/?post_type=product&#038;p=13174"},"modified":"2025-11-18T00:00:53","modified_gmt":"2025-11-18T06:00:53","slug":"reforma-fiscal-2021","status":"publish","type":"product","link":"https:\/\/burgoa-editores.mx\/en\/product\/reforma-fiscal-2021\/","title":{"rendered":"REFORMA FISCAL 2021"},"content":{"rendered":"<p>Son momentos altamente importantes y, aunque se habla mucho de erradicar la corrupci\u00f3n y enjuiciar a expresidentes y funcionarios p\u00fablicos, sabemos que tomar\u00eda mas tiempo enjuiciarlos y llevarlos a todos a prisi\u00f3n que vacunar a toda la poblaci\u00f3n por esta pandemia. Por eso, esta obra brinda un an\u00e1lisis oportuno de cada tema, estudiado en forma t\u00e9cnica y detallada, pensando en la comodidad de que el lector pueda abordar su estudio a partir del tema que mas le interese sin la necesidad de abordar los cap\u00edtulos en la forma que se presentan, pues, se busca facilitar su lectura y estudio en abono a la toma de decisiones y enfrentamiento de casas en la pr\u00e1ctica diaria ante las acciones de autoridades y el entorno econ\u00f3mico actual.<\/p>\n<p>La obra se desarrolla a partir de la Ley de Ingresos de la Federaci\u00f3n (LIF) para 2021, en donde se detallan puntos de inter\u00e9s que redundar\u00e1n en el egreso y en el comportamiento del pa\u00eds a futuro, a la par que se abordan los temas esenciales de la LISR (por cuanto corresponde a la reforma realizada a las donatarias autorizadas, generando un nuevo c\u00famulo de supuestos para revocar la autorizaci\u00f3n previamente otorgada, para lo cual, se crea un nuevo procedimiento con el que se realza el punto de audiencia previa que constitucionalmente es requerido en todo acto de autoridad previo a arribar a la sanci\u00f3n respectiva, lo mismo que sucede para plataformas digitales, en donde, se hace nuevamente menci\u00f3n a un procedimiento y es abordado de forma excelsa por los autores al hablar de la reforma realizada a la Ley del Impuesto al Valor Agregado (LIVA). Finalmente, el CFF es ampliamente estudiado respecto a la necesidad de acreditar la materialidad de las operaciones inexistentes, as\u00ed como, los esquemas reportables, los cambios a la devoluci\u00f3n de saldos a favor por cuanto a tiempos y supuestos de no localizaci\u00f3n de los contribuyentes, el tiempo que ahora se exige para conservar la contabilidad, la modificaci\u00f3n sustancial realizada a los acuerdos conclusivos, as\u00ed como, por el impedimento para solicitarlo conforma a las hip\u00f3tesis insertas con la reforma, la raz\u00f3n de negocios modificada y relacionada ahora con operaciones inexistentes para que el texto de la norma no se limite a un pronunciamiento, sino que, igualmente, se aclare la posibilidad de persecuci\u00f3n penal, los cambios al aseguramiento de cuentas bancarias de terceros relacionados con el contribuyente auditado y eventualmente compulsado, el panorama que espera para 2021 y, la adjudicaci\u00f3n de facultades a los auditores para valorar las pruebas presentadas por los contribuyentes dentro de auditoria, como punto novedoso y ajeno a la iniciativa, pues, es dado en el seno de la C\u00e1mara de Diputados, todo lo cual, constituye un cambio al sistema fiscal mexicano e implica retos que el contribuyente deber\u00e1 afrontar para anticiparse oportunamente a las exigencias de las autoridades y a la debida preparaci\u00f3n de su informaci\u00f3n.<\/p>\n<p>Todos estos temas se abordan en forma t\u00e9cnica y anal\u00edtica por los autores, brindando una obra integral que ayudara a entender y enfrentar los retos que en la practica generar\u00e1 la reforma fiscal para 2021.<\/p>","protected":false},"excerpt":{"rendered":"<p><a href=\"https:\/\/www.amazon.com.mx\/Reforma-Fiscal-Carlos-Alberto-Burgoa-ebook\/dp\/B08TYCQQBW\/ref=sr_1_3?crid=11AXCH8YAKEZG&amp;keywords=burgoa+editores&amp;qid=1663948491&amp;s=digital-text&amp;sprefix=burgo%2Cdigital-text%2C193&amp;sr=1-3\" target=\"_blank\" rel=\"noopener noreferrer\"><img loading=\"lazy\" decoding=\"async\" class=\"alignnone size-full wp-image-13486\" src=\"https:\/\/burgoa-editores.mx\/wp-content\/uploads\/2021\/05\/disponible_kindle-e1626978297450.png\" alt=\"\" width=\"219\" height=\"65\" \/><\/a><br \/>\n<iframe loading=\"lazy\" style=\"max-width: 100%;\" src=\"https:\/\/leer.amazon.com.mx\/kp\/card?asin=B08TYCQQBW&amp;preview=inline&amp;linkCode=kpe&amp;ref_=cm_sw_r_kb_dp_SHHFJDBGZ649763PV5A6\" width=\"336\" height=\"550\" frameborder=\"0\" sandbox=\"allow-scripts allow-same-origin allow-popups\" allowfullscreen=\"allowfullscreen\"><\/iframe><\/p>\n<p> <a class=\"more-link\" href=\"https:\/\/burgoa-editores.mx\/en\/product\/reforma-fiscal-2021\/\">Read more<\/a><\/p>","protected":false},"featured_media":13578,"template":"","meta":[],"class_list":{"0":"post-13174","1":"product","2":"type-product","3":"status-publish","4":"has-post-thumbnail","6":"product_cat-libros","7":"product_tag-fiscal"},"yoast_head":"<!-- This site is optimized with the Yoast SEO plugin v14.9 - https:\/\/yoast.com\/wordpress\/plugins\/seo\/ -->\n<title>REFORMA FISCAL 2021 - Burgoa Editores, S.A.S.<\/title>\n<meta name=\"robots\" content=\"index, follow, max-snippet:-1, max-image-preview:large, max-video-preview:-1\" \/>\n<link rel=\"canonical\" href=\"https:\/\/burgoa-editores.mx\/en\/product\/reforma-fiscal-2021\/\" \/>\n<meta property=\"og:locale\" content=\"en_US\" \/>\n<meta property=\"og:type\" content=\"article\" \/>\n<meta property=\"og:title\" content=\"REFORMA FISCAL 2021 - Burgoa Editores, S.A.S.\" \/>\n<meta property=\"og:url\" content=\"https:\/\/burgoa-editores.mx\/en\/product\/reforma-fiscal-2021\/\" \/>\n<meta property=\"og:site_name\" content=\"Burgoa Editores, S.A.S.\" \/>\n<meta property=\"article:publisher\" content=\"https:\/\/www.facebook.com\/BurgoaEditores\/\" \/>\n<meta property=\"article:author\" content=\"https:\/\/www.facebook.com\/BurgoaEditores\/\" \/>\n<meta property=\"article:modified_time\" content=\"2025-11-18T06:00:53+00:00\" \/>\n<meta property=\"og:image\" content=\"https:\/\/burgoa-editores.mx\/wp-content\/uploads\/2021\/01\/be_rf2021.jpg\" \/>\n\t<meta property=\"og:image:width\" content=\"1728\" \/>\n\t<meta property=\"og:image:height\" content=\"2304\" \/>\n<meta name=\"twitter:card\" content=\"summary_large_image\" \/>\n<meta name=\"twitter:creator\" content=\"@burgoaeditores\" \/>\n<meta name=\"twitter:site\" content=\"@burgoaeditores\" \/>\n<script type=\"application\/ld+json\" class=\"yoast-schema-graph\">{\"@context\":\"https:\/\/schema.org\",\"@graph\":[{\"@type\":\"Organization\",\"@id\":\"https:\/\/burgoa-editores.mx\/en\/#organization\",\"name\":\"Burgoa Editores S.C.\",\"url\":\"https:\/\/burgoa-editores.mx\/en\/\",\"sameAs\":[\"https:\/\/www.facebook.com\/BurgoaEditores\/\",\"https:\/\/www.youtube.com\/channel\/UCh8cOciWHTRhTn39kZ5pFyQ\/\",\"https:\/\/twitter.com\/burgoaeditores\"],\"logo\":{\"@type\":\"ImageObject\",\"@id\":\"https:\/\/burgoa-editores.mx\/en\/#logo\",\"inLanguage\":\"en-US\",\"url\":\"https:\/\/burgoa-editores.mx\/wp-content\/uploads\/2020\/09\/Logo-Burgoa-Editores-RB-2.png\",\"width\":271,\"height\":300,\"caption\":\"Burgoa Editores S.C.\"},\"image\":{\"@id\":\"https:\/\/burgoa-editores.mx\/en\/#logo\"}},{\"@type\":\"WebSite\",\"@id\":\"https:\/\/burgoa-editores.mx\/en\/#website\",\"url\":\"https:\/\/burgoa-editores.mx\/en\/\",\"name\":\"Burgoa Editores, S.A.S.\",\"description\":\"Editorial\",\"publisher\":{\"@id\":\"https:\/\/burgoa-editores.mx\/en\/#organization\"},\"potentialAction\":[{\"@type\":\"SearchAction\",\"target\":\"https:\/\/burgoa-editores.mx\/en\/?s={search_term_string}\",\"query-input\":\"required name=search_term_string\"}],\"inLanguage\":\"en-US\"},{\"@type\":\"ImageObject\",\"@id\":\"https:\/\/burgoa-editores.mx\/producto\/reforma-fiscal-2021\/#primaryimage\",\"inLanguage\":\"en-US\",\"url\":\"https:\/\/burgoa-editores.mx\/wp-content\/uploads\/2021\/01\/be_rf2021.jpg\",\"width\":1728,\"height\":2304},{\"@type\":\"WebPage\",\"@id\":\"https:\/\/burgoa-editores.mx\/producto\/reforma-fiscal-2021\/#webpage\",\"url\":\"https:\/\/burgoa-editores.mx\/producto\/reforma-fiscal-2021\/\",\"name\":\"REFORMA FISCAL 2021 - Burgoa Editores, S.A.S.\",\"isPartOf\":{\"@id\":\"https:\/\/burgoa-editores.mx\/en\/#website\"},\"primaryImageOfPage\":{\"@id\":\"https:\/\/burgoa-editores.mx\/producto\/reforma-fiscal-2021\/#primaryimage\"},\"datePublished\":\"2021-01-25T21:03:08+00:00\",\"dateModified\":\"2025-11-18T06:00:53+00:00\",\"inLanguage\":\"en-US\",\"potentialAction\":[{\"@type\":\"ReadAction\",\"target\":[\"https:\/\/burgoa-editores.mx\/producto\/reforma-fiscal-2021\/\"]}]}]}<\/script>\n<!-- \/ Yoast SEO plugin. -->","_links":{"self":[{"href":"https:\/\/burgoa-editores.mx\/en\/wp-json\/wp\/v2\/product\/13174","targetHints":{"allow":["GET"]}}],"collection":[{"href":"https:\/\/burgoa-editores.mx\/en\/wp-json\/wp\/v2\/product"}],"about":[{"href":"https:\/\/burgoa-editores.mx\/en\/wp-json\/wp\/v2\/types\/product"}],"wp:featuredmedia":[{"embeddable":true,"href":"https:\/\/burgoa-editores.mx\/en\/wp-json\/wp\/v2\/media\/13578"}],"wp:attachment":[{"href":"https:\/\/burgoa-editores.mx\/en\/wp-json\/wp\/v2\/media?parent=13174"}],"curies":[{"name":"wp","href":"https:\/\/api.w.org\/{rel}","templated":true}]}}