{"id":13342,"date":"2021-05-20T15:26:27","date_gmt":"2021-05-20T20:26:27","guid":{"rendered":"https:\/\/burgoa-editores.mx\/?post_type=product&#038;p=13342"},"modified":"2025-11-18T00:00:53","modified_gmt":"2025-11-18T06:00:53","slug":"subcontratacion-laboral-y-servicios-obras-especializados","status":"publish","type":"product","link":"https:\/\/burgoa-editores.mx\/en\/product\/subcontratacion-laboral-y-servicios-obras-especializados\/","title":{"rendered":"SUBCONTRATACI\u00d3N LABORAL Y SERVICIOS, OBRAS ESPECIALIZADOS"},"content":{"rendered":"<p>La subcontrataci\u00f3n laboral es una forma com\u00fan de trabajo. Con \u00e9sta, las empresas y corporativos buscan optimizar sus finanzas, a raz\u00f3n de evitar algunos costos de administraci\u00f3n y manejo de su n\u00f3mina, lo cual, muchas veces se determina por el tipo de trabajo o servicio a que se dedica cada una de ellas.<\/p>\n<p>Muchos elementos justifican la existencia de la subcontrataci\u00f3n laboral y, como tal, es entendida por las autoridades \u2013 o debiera ser entendida por ellas -, dando lugar a un control mediante la proveedur\u00eda de informaci\u00f3n que permita conocer y confirmar que se cumple debidamente con las obligaciones laborales, fiscales y de seguridad social. Sin embargo, en la practica la idea original ha tomado un giro distinto, y es que la subcontrataci\u00f3n tambi\u00e9n se le ha concebido como una actividad para no pagar las cuotas obrero patronales, o no pagarlas en forma debida, de la misma manera ocurre con el IVA que corresponde por las operaciones.<\/p>\n<p>Esta obra se divide en dos grandes rubros: el primero habla del antes de la reforma laboral y el segundo aborda propiamente la reforma laboral con todos sus detalles. De hecho, este libro comenz\u00f3 a escribirse desde que se conocieron las primeras iniciativas de noviembre y diciembre 2020 para reformar a la subcontrataci\u00f3n laboral, por lo cual, en ocasiones, podr\u00e1 encontrarse escrita en presente; no obstante, resulta oportuna la redacci\u00f3n, dado que, existir\u00e1n muchos esquemas y consecuencias que podr\u00e1n a\u00fan ser auditadas y revisadas por las autoridades laborales, fiscales y de seguridad social. De hecho, considero que hay mucho mas que se pueda escribir respecto de lo acaecido antes de la reforma \u2013 en la l\u00f3gica de que son sucesos ya realizados \u2013 por ser hechos por suceder -, esto, en ambos contextos, antes y despu\u00e9s, ser\u00e1 \u00fatil al lector.<\/p>","protected":false},"excerpt":{"rendered":"<p><a href=\"https:\/\/www.amazon.com.mx\/Subcontrataci%C3%B3n-laboral-servicios-obras-especializados-ebook\/dp\/B096D7M7CN\/ref=sr_1_4?crid=11AXCH8YAKEZG&amp;keywords=burgoa+editores&amp;qid=1663948669&amp;s=digital-text&amp;sprefix=burgo%2Cdigital-text%2C193&amp;sr=1-4\" target=\"_blank\" rel=\"noopener noreferrer\"><img loading=\"lazy\" decoding=\"async\" class=\"alignnone size-full wp-image-13486\" src=\"https:\/\/burgoa-editores.mx\/wp-content\/uploads\/2021\/05\/disponible_kindle-e1626978297450.png\" alt=\"\" width=\"219\" height=\"65\" \/><\/a><br \/>\n<iframe loading=\"lazy\" style=\"max-width: 100%;\" src=\"https:\/\/leer.amazon.com.mx\/kp\/card?asin=B096D7M7CN&amp;preview=inline&amp;linkCode=kpe&amp;ref_=cm_sw_r_kb_dp_DYHPGKE8DQQKH9DRZ6JN\" width=\"336\" height=\"550\" frameborder=\"0\" sandbox=\"allow-scripts allow-same-origin allow-popups\" allowfullscreen=\"allowfullscreen\"><\/iframe><\/p>\n<p> <a class=\"more-link\" href=\"https:\/\/burgoa-editores.mx\/en\/product\/subcontratacion-laboral-y-servicios-obras-especializados\/\">Read more<\/a><\/p>","protected":false},"featured_media":13577,"template":"","meta":[],"class_list":{"0":"post-13342","1":"product","2":"type-product","3":"status-publish","4":"has-post-thumbnail","6":"product_cat-libros","7":"product_tag-fiscal"},"yoast_head":"<!-- This site is optimized with the Yoast SEO plugin v14.9 - https:\/\/yoast.com\/wordpress\/plugins\/seo\/ -->\n<title>SUBCONTRATACI\u00d3N LABORAL Y SERVICIOS, OBRAS ESPECIALIZADOS - Burgoa Editores, S.A.S.<\/title>\n<meta name=\"robots\" content=\"index, follow, max-snippet:-1, max-image-preview:large, max-video-preview:-1\" \/>\n<link rel=\"canonical\" href=\"https:\/\/burgoa-editores.mx\/en\/product\/subcontratacion-laboral-y-servicios-obras-especializados\/\" \/>\n<meta property=\"og:locale\" content=\"en_US\" \/>\n<meta property=\"og:type\" content=\"article\" \/>\n<meta property=\"og:title\" content=\"SUBCONTRATACI\u00d3N LABORAL Y SERVICIOS, OBRAS ESPECIALIZADOS - Burgoa Editores, S.A.S.\" \/>\n<meta property=\"og:url\" content=\"https:\/\/burgoa-editores.mx\/en\/product\/subcontratacion-laboral-y-servicios-obras-especializados\/\" \/>\n<meta property=\"og:site_name\" content=\"Burgoa Editores, S.A.S.\" \/>\n<meta property=\"article:publisher\" content=\"https:\/\/www.facebook.com\/BurgoaEditores\/\" \/>\n<meta property=\"article:author\" content=\"https:\/\/www.facebook.com\/BurgoaEditores\/\" \/>\n<meta property=\"article:modified_time\" content=\"2025-11-18T06:00:53+00:00\" \/>\n<meta property=\"og:image\" content=\"https:\/\/burgoa-editores.mx\/wp-content\/uploads\/2021\/05\/be_subcontratacion.jpg\" \/>\n\t<meta property=\"og:image:width\" content=\"1728\" \/>\n\t<meta property=\"og:image:height\" content=\"2304\" \/>\n<meta name=\"twitter:card\" content=\"summary_large_image\" \/>\n<meta name=\"twitter:creator\" content=\"@burgoaeditores\" \/>\n<meta name=\"twitter:site\" content=\"@burgoaeditores\" \/>\n<script type=\"application\/ld+json\" class=\"yoast-schema-graph\">{\"@context\":\"https:\/\/schema.org\",\"@graph\":[{\"@type\":\"Organization\",\"@id\":\"https:\/\/burgoa-editores.mx\/en\/#organization\",\"name\":\"Burgoa Editores S.C.\",\"url\":\"https:\/\/burgoa-editores.mx\/en\/\",\"sameAs\":[\"https:\/\/www.facebook.com\/BurgoaEditores\/\",\"https:\/\/www.youtube.com\/channel\/UCh8cOciWHTRhTn39kZ5pFyQ\/\",\"https:\/\/twitter.com\/burgoaeditores\"],\"logo\":{\"@type\":\"ImageObject\",\"@id\":\"https:\/\/burgoa-editores.mx\/en\/#logo\",\"inLanguage\":\"en-US\",\"url\":\"https:\/\/burgoa-editores.mx\/wp-content\/uploads\/2020\/09\/Logo-Burgoa-Editores-RB-2.png\",\"width\":271,\"height\":300,\"caption\":\"Burgoa Editores S.C.\"},\"image\":{\"@id\":\"https:\/\/burgoa-editores.mx\/en\/#logo\"}},{\"@type\":\"WebSite\",\"@id\":\"https:\/\/burgoa-editores.mx\/en\/#website\",\"url\":\"https:\/\/burgoa-editores.mx\/en\/\",\"name\":\"Burgoa Editores, S.A.S.\",\"description\":\"Editorial\",\"publisher\":{\"@id\":\"https:\/\/burgoa-editores.mx\/en\/#organization\"},\"potentialAction\":[{\"@type\":\"SearchAction\",\"target\":\"https:\/\/burgoa-editores.mx\/en\/?s={search_term_string}\",\"query-input\":\"required name=search_term_string\"}],\"inLanguage\":\"en-US\"},{\"@type\":\"ImageObject\",\"@id\":\"https:\/\/burgoa-editores.mx\/producto\/subcontratacion-laboral-y-servicios-obras-especializados\/#primaryimage\",\"inLanguage\":\"en-US\",\"url\":\"https:\/\/burgoa-editores.mx\/wp-content\/uploads\/2021\/05\/be_subcontratacion.jpg\",\"width\":1728,\"height\":2304},{\"@type\":\"WebPage\",\"@id\":\"https:\/\/burgoa-editores.mx\/producto\/subcontratacion-laboral-y-servicios-obras-especializados\/#webpage\",\"url\":\"https:\/\/burgoa-editores.mx\/producto\/subcontratacion-laboral-y-servicios-obras-especializados\/\",\"name\":\"SUBCONTRATACI\\u00d3N LABORAL Y SERVICIOS, OBRAS ESPECIALIZADOS - Burgoa Editores, S.A.S.\",\"isPartOf\":{\"@id\":\"https:\/\/burgoa-editores.mx\/en\/#website\"},\"primaryImageOfPage\":{\"@id\":\"https:\/\/burgoa-editores.mx\/producto\/subcontratacion-laboral-y-servicios-obras-especializados\/#primaryimage\"},\"datePublished\":\"2021-05-20T20:26:27+00:00\",\"dateModified\":\"2025-11-18T06:00:53+00:00\",\"inLanguage\":\"en-US\",\"potentialAction\":[{\"@type\":\"ReadAction\",\"target\":[\"https:\/\/burgoa-editores.mx\/producto\/subcontratacion-laboral-y-servicios-obras-especializados\/\"]}]}]}<\/script>\n<!-- \/ Yoast SEO plugin. -->","_links":{"self":[{"href":"https:\/\/burgoa-editores.mx\/en\/wp-json\/wp\/v2\/product\/13342","targetHints":{"allow":["GET"]}}],"collection":[{"href":"https:\/\/burgoa-editores.mx\/en\/wp-json\/wp\/v2\/product"}],"about":[{"href":"https:\/\/burgoa-editores.mx\/en\/wp-json\/wp\/v2\/types\/product"}],"wp:featuredmedia":[{"embeddable":true,"href":"https:\/\/burgoa-editores.mx\/en\/wp-json\/wp\/v2\/media\/13577"}],"wp:attachment":[{"href":"https:\/\/burgoa-editores.mx\/en\/wp-json\/wp\/v2\/media?parent=13342"}],"curies":[{"name":"wp","href":"https:\/\/api.w.org\/{rel}","templated":true}]}}