{"id":13404,"date":"2021-07-01T20:27:44","date_gmt":"2021-07-02T01:27:44","guid":{"rendered":"https:\/\/burgoa-editores.mx\/?post_type=product&#038;p=13404"},"modified":"2025-11-18T00:00:52","modified_gmt":"2025-11-18T06:00:52","slug":"los-nuevos-retos-del-derecho-administrativo-ante-la-pandemia","status":"publish","type":"product","link":"https:\/\/burgoa-editores.mx\/en\/product\/los-nuevos-retos-del-derecho-administrativo-ante-la-pandemia\/","title":{"rendered":"LOS NUEVOS RETOS DEL DERECHO ADMINISTRATIVO ANTE LA PANDEMIA"},"content":{"rendered":"<p>En un cambio sustancial suscitado a nivel mundial con motivo de la pandemia generada por el COVID-19, no solo se ha trastocado la econom\u00eda, sino tambi\u00e9n la prestaci\u00f3n de los servicios.<\/p>\n<p>El Derecho ha sido afectado tambi\u00e9n en cuanto a su contenido, pues ha tenido que adaptarse a las medidas de resguardo y apartamiento dictadas en el pa\u00eds y a nivel internacional. De igual manera, el Derecho Administrativo ha tenido algunos puntos de cambio, por cuanto a juicios en l\u00ednea, divisi\u00f3n de actividades esenciales y no esenciales, la din\u00e1mica digital, los derechos humanos y el \u00e1mbito tributario, entre muchas otras mas que representan la din\u00e1mica diaria entre las autoridades administrativas y los gobernados.<\/p>\n<p>Todos estos puntos son recogidos por una serie de ensayos y tratados de autores miembros de la Asociaci\u00f3n Mexicana de Derecho Administrativo, a colaci\u00f3n del XII Congreso Mexicano de Derecho Administrativo, los cuales son recogidos en este obra y que ser\u00e1n de utilidad al lector para entender a detalle los cambios acaecidos y aquellos que se avecinan, como punto de diferencia en el Derecho Administrativo.<\/p>","protected":false},"excerpt":{"rendered":"<p><a href=\"https:\/\/www.amazon.com.mx\/nuevos-retos-derecho-administrativo-pandemia-ebook\/dp\/B098FJCDKW\/ref=sr_1_1?__mk_es_MX=%C3%85M%C3%85%C5%BD%C3%95%C3%91&amp;crid=TO0BJN1OW5NP&amp;keywords=LOS+NUEVOS+RETOS+DEL+DERECHO+ADMINISTRATIVO+ANTE+LA+PANDEMIA&amp;qid=1663960222&amp;sprefix=los+nuevos+retos+del+derecho+administrativo+ante+la+pandemia%2Caps%2C836&amp;sr=8-1\" target=\"_blank\" rel=\"noopener noreferrer\"><img loading=\"lazy\" decoding=\"async\" class=\"alignnone size-full wp-image-13486\" src=\"https:\/\/burgoa-editores.mx\/wp-content\/uploads\/2021\/05\/disponible_kindle-e1626978297450.png\" alt=\"\" width=\"219\" height=\"65\" \/><\/a><br \/>\n<iframe loading=\"lazy\" style=\"max-width: 100%;\" src=\"https:\/\/leer.amazon.com.mx\/kp\/card?asin=B098FJCDKW&amp;preview=inline&amp;linkCode=kpe&amp;ref_=cm_sw_r_kb_dp_NHWMK0RZDQF3QSREGDZZ\" width=\"336\" height=\"550\" frameborder=\"0\" sandbox=\"allow-scripts allow-same-origin allow-popups\" allowfullscreen=\"allowfullscreen\"><\/iframe><\/p>\n<p> <a class=\"more-link\" href=\"https:\/\/burgoa-editores.mx\/en\/product\/los-nuevos-retos-del-derecho-administrativo-ante-la-pandemia\/\">Read more<\/a><\/p>","protected":false},"featured_media":13576,"template":"","meta":[],"class_list":{"0":"post-13404","1":"product","2":"type-product","3":"status-publish","4":"has-post-thumbnail","6":"product_cat-libros","7":"product_tag-fiscal"},"yoast_head":"<!-- This site is optimized with the Yoast SEO plugin v14.9 - https:\/\/yoast.com\/wordpress\/plugins\/seo\/ -->\n<title>LOS NUEVOS RETOS DEL DERECHO ADMINISTRATIVO ANTE LA PANDEMIA - Burgoa Editores, S.A.S.<\/title>\n<meta name=\"robots\" content=\"index, follow, max-snippet:-1, max-image-preview:large, max-video-preview:-1\" \/>\n<link rel=\"canonical\" href=\"https:\/\/burgoa-editores.mx\/en\/product\/los-nuevos-retos-del-derecho-administrativo-ante-la-pandemia\/\" \/>\n<meta property=\"og:locale\" content=\"en_US\" \/>\n<meta property=\"og:type\" content=\"article\" \/>\n<meta property=\"og:title\" content=\"LOS NUEVOS RETOS DEL DERECHO ADMINISTRATIVO ANTE LA PANDEMIA - Burgoa Editores, S.A.S.\" \/>\n<meta property=\"og:url\" content=\"https:\/\/burgoa-editores.mx\/en\/product\/los-nuevos-retos-del-derecho-administrativo-ante-la-pandemia\/\" \/>\n<meta property=\"og:site_name\" content=\"Burgoa Editores, S.A.S.\" \/>\n<meta property=\"article:publisher\" content=\"https:\/\/www.facebook.com\/BurgoaEditores\/\" \/>\n<meta property=\"article:author\" content=\"https:\/\/www.facebook.com\/BurgoaEditores\/\" \/>\n<meta property=\"article:modified_time\" content=\"2025-11-18T06:00:52+00:00\" \/>\n<meta property=\"og:image\" content=\"https:\/\/burgoa-editores.mx\/wp-content\/uploads\/2021\/07\/be_losnuevos_retos.jpg\" \/>\n\t<meta property=\"og:image:width\" content=\"1728\" \/>\n\t<meta property=\"og:image:height\" content=\"2304\" \/>\n<meta name=\"twitter:card\" content=\"summary_large_image\" \/>\n<meta name=\"twitter:creator\" content=\"@burgoaeditores\" \/>\n<meta name=\"twitter:site\" content=\"@burgoaeditores\" \/>\n<script type=\"application\/ld+json\" class=\"yoast-schema-graph\">{\"@context\":\"https:\/\/schema.org\",\"@graph\":[{\"@type\":\"Organization\",\"@id\":\"https:\/\/burgoa-editores.mx\/en\/#organization\",\"name\":\"Burgoa Editores S.C.\",\"url\":\"https:\/\/burgoa-editores.mx\/en\/\",\"sameAs\":[\"https:\/\/www.facebook.com\/BurgoaEditores\/\",\"https:\/\/www.youtube.com\/channel\/UCh8cOciWHTRhTn39kZ5pFyQ\/\",\"https:\/\/twitter.com\/burgoaeditores\"],\"logo\":{\"@type\":\"ImageObject\",\"@id\":\"https:\/\/burgoa-editores.mx\/en\/#logo\",\"inLanguage\":\"en-US\",\"url\":\"https:\/\/burgoa-editores.mx\/wp-content\/uploads\/2020\/09\/Logo-Burgoa-Editores-RB-2.png\",\"width\":271,\"height\":300,\"caption\":\"Burgoa Editores S.C.\"},\"image\":{\"@id\":\"https:\/\/burgoa-editores.mx\/en\/#logo\"}},{\"@type\":\"WebSite\",\"@id\":\"https:\/\/burgoa-editores.mx\/en\/#website\",\"url\":\"https:\/\/burgoa-editores.mx\/en\/\",\"name\":\"Burgoa Editores, S.A.S.\",\"description\":\"Editorial\",\"publisher\":{\"@id\":\"https:\/\/burgoa-editores.mx\/en\/#organization\"},\"potentialAction\":[{\"@type\":\"SearchAction\",\"target\":\"https:\/\/burgoa-editores.mx\/en\/?s={search_term_string}\",\"query-input\":\"required name=search_term_string\"}],\"inLanguage\":\"en-US\"},{\"@type\":\"ImageObject\",\"@id\":\"https:\/\/burgoa-editores.mx\/producto\/los-nuevos-retos-del-derecho-administrativo-ante-la-pandemia\/#primaryimage\",\"inLanguage\":\"en-US\",\"url\":\"https:\/\/burgoa-editores.mx\/wp-content\/uploads\/2021\/07\/be_losnuevos_retos.jpg\",\"width\":1728,\"height\":2304},{\"@type\":\"WebPage\",\"@id\":\"https:\/\/burgoa-editores.mx\/producto\/los-nuevos-retos-del-derecho-administrativo-ante-la-pandemia\/#webpage\",\"url\":\"https:\/\/burgoa-editores.mx\/producto\/los-nuevos-retos-del-derecho-administrativo-ante-la-pandemia\/\",\"name\":\"LOS NUEVOS RETOS DEL DERECHO ADMINISTRATIVO ANTE LA PANDEMIA - Burgoa Editores, S.A.S.\",\"isPartOf\":{\"@id\":\"https:\/\/burgoa-editores.mx\/en\/#website\"},\"primaryImageOfPage\":{\"@id\":\"https:\/\/burgoa-editores.mx\/producto\/los-nuevos-retos-del-derecho-administrativo-ante-la-pandemia\/#primaryimage\"},\"datePublished\":\"2021-07-02T01:27:44+00:00\",\"dateModified\":\"2025-11-18T06:00:52+00:00\",\"inLanguage\":\"en-US\",\"potentialAction\":[{\"@type\":\"ReadAction\",\"target\":[\"https:\/\/burgoa-editores.mx\/producto\/los-nuevos-retos-del-derecho-administrativo-ante-la-pandemia\/\"]}]}]}<\/script>\n<!-- \/ Yoast SEO plugin. -->","_links":{"self":[{"href":"https:\/\/burgoa-editores.mx\/en\/wp-json\/wp\/v2\/product\/13404","targetHints":{"allow":["GET"]}}],"collection":[{"href":"https:\/\/burgoa-editores.mx\/en\/wp-json\/wp\/v2\/product"}],"about":[{"href":"https:\/\/burgoa-editores.mx\/en\/wp-json\/wp\/v2\/types\/product"}],"wp:featuredmedia":[{"embeddable":true,"href":"https:\/\/burgoa-editores.mx\/en\/wp-json\/wp\/v2\/media\/13576"}],"wp:attachment":[{"href":"https:\/\/burgoa-editores.mx\/en\/wp-json\/wp\/v2\/media?parent=13404"}],"curies":[{"name":"wp","href":"https:\/\/api.w.org\/{rel}","templated":true}]}}