{"id":13445,"date":"2021-07-14T10:30:12","date_gmt":"2021-07-14T15:30:12","guid":{"rendered":"https:\/\/burgoa-editores.mx\/?post_type=product&#038;p=13445"},"modified":"2025-11-18T00:00:52","modified_gmt":"2025-11-18T06:00:52","slug":"el-compliance-y-sus-elementos-practicos-esenciales","status":"publish","type":"product","link":"https:\/\/burgoa-editores.mx\/en\/product\/el-compliance-y-sus-elementos-practicos-esenciales\/","title":{"rendered":"EL COMPLIANCE Y SUS ELEMENTOS PR\u00c1CTICOS ESENCIALES"},"content":{"rendered":"<p>Detener los negocios (como sucedi\u00f3 forzadamente con la pandemia), o desde\u00f1ar los negocios (como sucede con la cuarta transformaci\u00f3n en M\u00e9xico), es propiamente un Harakiri, por as\u00ed llamarlo, pues es claro que el Estado, cualquiera que sea el pa\u00eds al que nos refiramos, no es ente de econom\u00eda, \u00fanicamente es rector en el \u00e1nimo de lograr una sana convivencia entre las empresas, quienes son verdaderos productores de servicios, prestadores de servicios y generadores de empleo.<\/p>\n<p>Las leyes se encuentran ya escritas y, en raz\u00f3n de ello, solo resta cumplirlas una vez iniciada su vigencia. Las leyes pueden ser de varios tipos y con caracter\u00edsticas espec\u00edficas; sin embargo, existen constantes que no pueden desde\u00f1arse como sucede con el pago fiscal y de seguridad social. Todos ellos, deberes f\u00e9rreos que conforman un bloque constante de cumplimiento al cual deben adherirse a fin de dar seguimiento a la sanidad de las finanzas y, por ello, es importante la funci\u00f3n de personas encargadas para el debido cumplimiento, as\u00ed como aquellas encargadas de velar porque se cumpla en tiempo y forma todo el bagaje normativo que establecen las distintas leyes de la materia.<\/p>\n<p>Y c\u00f3mo debe hacerse o llevarse a cabo dicho cumplimiento es propiamente lo que constituye la esencia del llamado \u201cr\u00e9gimen de cumplimiento\u201d, conocido en el argot empresarial por el t\u00e9rmino ingl\u00e9s <em>compliance.<\/em> Conscientes de que el acatamiento de todos los deberes, p\u00fablicos o privados es una constante en la vida de toda empresa, esta tarea retoma importancia y de all\u00ed discurren todos los puntos por los cuales se debe actuar en forma preventiva y no en forma correctiva.<\/p>\n<p>Es una tarea que nunca termina, debido a que, es obvio que las empresas nunca dejar\u00e1n de trabajar, por lo cual, esta obra se aboca al estudio y detalle del \u201cr\u00e9gimen de cumplimiento\u201d, en donde todos los autores, aportando su experiencia y conocimiento sobre el tema, lo abordan en forma t\u00e9cnica y exacta, a fin de brindar al lector una noci\u00f3n no s\u00f3lo conceptual sino tambi\u00e9n pr\u00e1ctica, de c\u00f3mo opera el \u201cr\u00e9gimen de cumplimiento\u201d y qu\u00e9 se necesita para llevarlo a cabo de manera exacta y cuidadosa, teniendo siempre presente los inconvenientes de no actuar en la forma debida que corresponda.<\/p>\n<p>Sobre el tema existen muchos elementos y directrices que abonan a la discusi\u00f3n, generalmente poco difundidos, pero con las l\u00edneas escritas en esta obra ayudar\u00e1n al lector a dar una mejor idea de como proceder y como obrar en el d\u00eda a d\u00eda para tener una sanidad empresarial, tanto financiera como fiscal, evitando los puntos penales o sancionadores propios del incumplimiento.<\/p>","protected":false},"excerpt":{"rendered":"<p><a href=\"https:\/\/www.amazon.com.mx\/compliance-sus-elementos-pr%C3%A1cticos-esenciales-ebook\/dp\/B099BSYY2G\/ref=sr_1_5?crid=11AXCH8YAKEZG&amp;keywords=burgoa+editores&amp;qid=1663948888&amp;s=digital-text&amp;sprefix=burgo%2Cdigital-text%2C193&amp;sr=1-5\" target=\"_blank\" rel=\"noopener noreferrer\"><img loading=\"lazy\" decoding=\"async\" class=\"alignnone size-full wp-image-13486\" src=\"https:\/\/burgoa-editores.mx\/wp-content\/uploads\/2021\/05\/disponible_kindle-e1626978297450.png\" alt=\"\" width=\"219\" height=\"65\" \/><\/a><br \/>\n<iframe loading=\"lazy\" style=\"max-width: 100%;\" src=\"https:\/\/leer.amazon.com.mx\/kp\/card?asin=B099BSYY2G&amp;preview=inline&amp;linkCode=kpe&amp;ref_=cm_sw_r_kb_dp_1FF6RSTJ0Q170BV5CW6E\" width=\"336\" height=\"550\" frameborder=\"0\" sandbox=\"allow-scripts allow-same-origin allow-popups\" allowfullscreen=\"allowfullscreen\"><\/iframe><\/p>\n<p> <a class=\"more-link\" href=\"https:\/\/burgoa-editores.mx\/en\/product\/el-compliance-y-sus-elementos-practicos-esenciales\/\">Read more<\/a><\/p>","protected":false},"featured_media":13575,"template":"","meta":[],"class_list":{"0":"post-13445","1":"product","2":"type-product","3":"status-publish","4":"has-post-thumbnail","6":"product_cat-libros","7":"product_tag-fiscal"},"yoast_head":"<!-- This site is optimized with the Yoast SEO plugin v14.9 - https:\/\/yoast.com\/wordpress\/plugins\/seo\/ -->\n<title>EL COMPLIANCE Y SUS ELEMENTOS PR\u00c1CTICOS ESENCIALES - Burgoa Editores, S.A.S.<\/title>\n<meta name=\"robots\" content=\"index, follow, max-snippet:-1, max-image-preview:large, max-video-preview:-1\" \/>\n<link rel=\"canonical\" href=\"https:\/\/burgoa-editores.mx\/en\/product\/el-compliance-y-sus-elementos-practicos-esenciales\/\" \/>\n<meta property=\"og:locale\" content=\"en_US\" \/>\n<meta property=\"og:type\" content=\"article\" \/>\n<meta property=\"og:title\" content=\"EL COMPLIANCE Y SUS ELEMENTOS PR\u00c1CTICOS ESENCIALES - Burgoa Editores, S.A.S.\" \/>\n<meta property=\"og:url\" content=\"https:\/\/burgoa-editores.mx\/en\/product\/el-compliance-y-sus-elementos-practicos-esenciales\/\" \/>\n<meta property=\"og:site_name\" content=\"Burgoa Editores, S.A.S.\" \/>\n<meta property=\"article:publisher\" content=\"https:\/\/www.facebook.com\/BurgoaEditores\/\" \/>\n<meta property=\"article:author\" content=\"https:\/\/www.facebook.com\/BurgoaEditores\/\" \/>\n<meta property=\"article:modified_time\" content=\"2025-11-18T06:00:52+00:00\" \/>\n<meta property=\"og:image\" content=\"https:\/\/burgoa-editores.mx\/wp-content\/uploads\/2021\/07\/be_elcompliance.jpg\" \/>\n\t<meta property=\"og:image:width\" content=\"1728\" \/>\n\t<meta property=\"og:image:height\" content=\"2304\" \/>\n<meta name=\"twitter:card\" content=\"summary_large_image\" \/>\n<meta name=\"twitter:creator\" content=\"@burgoaeditores\" \/>\n<meta name=\"twitter:site\" content=\"@burgoaeditores\" \/>\n<script type=\"application\/ld+json\" class=\"yoast-schema-graph\">{\"@context\":\"https:\/\/schema.org\",\"@graph\":[{\"@type\":\"Organization\",\"@id\":\"https:\/\/burgoa-editores.mx\/en\/#organization\",\"name\":\"Burgoa Editores S.C.\",\"url\":\"https:\/\/burgoa-editores.mx\/en\/\",\"sameAs\":[\"https:\/\/www.facebook.com\/BurgoaEditores\/\",\"https:\/\/www.youtube.com\/channel\/UCh8cOciWHTRhTn39kZ5pFyQ\/\",\"https:\/\/twitter.com\/burgoaeditores\"],\"logo\":{\"@type\":\"ImageObject\",\"@id\":\"https:\/\/burgoa-editores.mx\/en\/#logo\",\"inLanguage\":\"en-US\",\"url\":\"https:\/\/burgoa-editores.mx\/wp-content\/uploads\/2020\/09\/Logo-Burgoa-Editores-RB-2.png\",\"width\":271,\"height\":300,\"caption\":\"Burgoa Editores S.C.\"},\"image\":{\"@id\":\"https:\/\/burgoa-editores.mx\/en\/#logo\"}},{\"@type\":\"WebSite\",\"@id\":\"https:\/\/burgoa-editores.mx\/en\/#website\",\"url\":\"https:\/\/burgoa-editores.mx\/en\/\",\"name\":\"Burgoa Editores, S.A.S.\",\"description\":\"Editorial\",\"publisher\":{\"@id\":\"https:\/\/burgoa-editores.mx\/en\/#organization\"},\"potentialAction\":[{\"@type\":\"SearchAction\",\"target\":\"https:\/\/burgoa-editores.mx\/en\/?s={search_term_string}\",\"query-input\":\"required name=search_term_string\"}],\"inLanguage\":\"en-US\"},{\"@type\":\"ImageObject\",\"@id\":\"https:\/\/burgoa-editores.mx\/producto\/el-compliance-y-sus-elementos-practicos-esenciales\/#primaryimage\",\"inLanguage\":\"en-US\",\"url\":\"https:\/\/burgoa-editores.mx\/wp-content\/uploads\/2021\/07\/be_elcompliance.jpg\",\"width\":1728,\"height\":2304},{\"@type\":\"WebPage\",\"@id\":\"https:\/\/burgoa-editores.mx\/producto\/el-compliance-y-sus-elementos-practicos-esenciales\/#webpage\",\"url\":\"https:\/\/burgoa-editores.mx\/producto\/el-compliance-y-sus-elementos-practicos-esenciales\/\",\"name\":\"EL COMPLIANCE Y SUS ELEMENTOS PR\\u00c1CTICOS ESENCIALES - Burgoa Editores, S.A.S.\",\"isPartOf\":{\"@id\":\"https:\/\/burgoa-editores.mx\/en\/#website\"},\"primaryImageOfPage\":{\"@id\":\"https:\/\/burgoa-editores.mx\/producto\/el-compliance-y-sus-elementos-practicos-esenciales\/#primaryimage\"},\"datePublished\":\"2021-07-14T15:30:12+00:00\",\"dateModified\":\"2025-11-18T06:00:52+00:00\",\"inLanguage\":\"en-US\",\"potentialAction\":[{\"@type\":\"ReadAction\",\"target\":[\"https:\/\/burgoa-editores.mx\/producto\/el-compliance-y-sus-elementos-practicos-esenciales\/\"]}]}]}<\/script>\n<!-- \/ Yoast SEO plugin. -->","_links":{"self":[{"href":"https:\/\/burgoa-editores.mx\/en\/wp-json\/wp\/v2\/product\/13445","targetHints":{"allow":["GET"]}}],"collection":[{"href":"https:\/\/burgoa-editores.mx\/en\/wp-json\/wp\/v2\/product"}],"about":[{"href":"https:\/\/burgoa-editores.mx\/en\/wp-json\/wp\/v2\/types\/product"}],"wp:featuredmedia":[{"embeddable":true,"href":"https:\/\/burgoa-editores.mx\/en\/wp-json\/wp\/v2\/media\/13575"}],"wp:attachment":[{"href":"https:\/\/burgoa-editores.mx\/en\/wp-json\/wp\/v2\/media?parent=13445"}],"curies":[{"name":"wp","href":"https:\/\/api.w.org\/{rel}","templated":true}]}}