{"id":13498,"date":"2021-08-03T14:45:27","date_gmt":"2021-08-03T19:45:27","guid":{"rendered":"https:\/\/burgoa-editores.mx\/?post_type=product&#038;p=13498"},"modified":"2025-11-18T00:00:52","modified_gmt":"2025-11-18T06:00:52","slug":"las-crisis-no-superadas-de-la-seguridad-social","status":"publish","type":"product","link":"https:\/\/burgoa-editores.mx\/en\/product\/las-crisis-no-superadas-de-la-seguridad-social\/","title":{"rendered":"LAS CRISIS NO SUPERADAS DE LA SEGURIDAD SOCIAL"},"content":{"rendered":"<p>Este libro es una recopilaci\u00f3n de los art\u00edculos publicados en La Cr\u00f3nica y El Universal entre los a\u00f1os 2009 y 2020 sobre los temas de la seguridad social, pensiones y jubilaciones, seguro del retiro y la Comisi\u00f3n Nacional del Sistema de Ahorro para el Retiro (CONSAR), la salud y su universalizaci\u00f3n, as\u00ed como el derecho laboral y el empleo informal.<br \/>\nLa selecci\u00f3n se integra en un collage. No hay una l\u00ednea conductora. Las ideas se vinculan con las noticias del momento en que se publicaron, pero hay una constante: la convicci\u00f3n de que la seguridad social, las pensiones y la salud deben extenderse efectivamente a toda la poblaci\u00f3n, no solo quedarse como un derecho derivado de la relaci\u00f3n laboral formal. La universalidad debe concretarse y no quedarse en el discurso y las buenas intenciones.<br \/>\nEste collage sale a la luz en un momento en el que se aprob\u00f3 una reforma al seguro de retiro, cesant\u00eda en edad avanzada y vejez, que pretende ser la gran reforma a la seguridad social, adem\u00e1s se sustituyo el Seguro Popular, que era un esquema de ahorro financiero para cubrir riesgos futuros, por el Instituto de Salud para el Bienestar (INSABI), que regresa al modelo de asistencialismo social.<br \/>\nEl libro es la ruta que hemos intentado trazar como sociedad hacia la universalizaci\u00f3n. Muestra que una reforma de la seguridad social exige talento, conocimiento t\u00e9cnico y fuerza pol\u00edtica. Lamentablemente, para la mayor\u00eda de la poblaci\u00f3n estos tres elementos no se han reunido. Los cambios del 2018-2020 parten de premisas falsas y una motivaci\u00f3n equivocada, que es aumentar la popularidad del presidente L\u00f3pez Obrador. El resultado beneficia a un grupo poblacional peque\u00f1o y compromete el futuro de las generaciones j\u00f3venes.<br \/>\nEsta recopilaci\u00f3n pretende crear conciencia en el lector de que una reforma profunda es inaplazable. Hoy mas que nunca debemos debatir abiertamente c\u00f3mo se distribuir\u00e1n las cargas financieras entre las generaciones y los grupos sociales. No es justo que la mayor\u00eda del gasto publico en pensiones y salud se concentre en los trabajadores formales de ingresos altos.<br \/>\nLa reforma, pero tambi\u00e9n la falta de una reforma afecta los derechos de las personas, su salud, su ingreso digno y su protecci\u00f3n ante los riesgos de la vida. Un arreglo social conveniente es una fuente de igualdad entre las personas. La garant\u00eda de un ingreso en la vejez o la atenci\u00f3n oportuna y adecuada a la salud libera a las personas. El efectivo respeto, defensa y promoci\u00f3n de estos derechos humanos es el sustento de la convivencia arm\u00f3nica y pac\u00edfica. Es la expresi\u00f3n de la justicia.<\/p>","protected":false},"excerpt":{"rendered":"<p><a href=\"https:\/\/www.amazon.com.mx\/Las-crisis-superadas-seguridad-social-ebook\/dp\/B09BS4WZ7T\/ref=sr_1_6?crid=11AXCH8YAKEZG&amp;keywords=burgoa+editores&amp;qid=1663949907&amp;s=digital-text&amp;sprefix=burgo%2Cdigital-text%2C193&amp;sr=1-6\" target=\"_blank\" rel=\"noopener noreferrer\"><img loading=\"lazy\" decoding=\"async\" class=\"alignnone size-full wp-image-13486\" src=\"https:\/\/burgoa-editores.mx\/wp-content\/uploads\/2021\/05\/disponible_kindle-e1626978297450.png\" alt=\"\" width=\"219\" height=\"65\" \/><\/a><br \/>\n<iframe loading=\"lazy\" style=\"max-width: 100%;\" src=\"https:\/\/leer.amazon.com.mx\/kp\/card?asin=B09BS4WZ7T&amp;preview=inline&amp;linkCode=kpe&amp;ref_=cm_sw_r_kb_dp_4KJVG20XX5B5ASHVRSJ3\" width=\"336\" height=\"550\" frameborder=\"0\" sandbox=\"allow-scripts allow-same-origin allow-popups\" allowfullscreen=\"allowfullscreen\"><\/iframe><\/p>\n<p> <a class=\"more-link\" href=\"https:\/\/burgoa-editores.mx\/en\/product\/las-crisis-no-superadas-de-la-seguridad-social\/\">Read more<\/a><\/p>","protected":false},"featured_media":13574,"template":"","meta":[],"class_list":{"0":"post-13498","1":"product","2":"type-product","3":"status-publish","4":"has-post-thumbnail","6":"product_cat-libros","7":"product_tag-fiscal"},"yoast_head":"<!-- This site is optimized with the Yoast SEO plugin v14.9 - https:\/\/yoast.com\/wordpress\/plugins\/seo\/ -->\n<title>LAS CRISIS NO SUPERADAS DE LA SEGURIDAD SOCIAL - Burgoa Editores, S.A.S.<\/title>\n<meta name=\"robots\" content=\"index, follow, max-snippet:-1, max-image-preview:large, max-video-preview:-1\" \/>\n<link rel=\"canonical\" href=\"https:\/\/burgoa-editores.mx\/en\/product\/las-crisis-no-superadas-de-la-seguridad-social\/\" \/>\n<meta property=\"og:locale\" content=\"en_US\" \/>\n<meta property=\"og:type\" content=\"article\" \/>\n<meta property=\"og:title\" content=\"LAS CRISIS NO SUPERADAS DE LA SEGURIDAD SOCIAL - Burgoa Editores, S.A.S.\" \/>\n<meta property=\"og:url\" content=\"https:\/\/burgoa-editores.mx\/en\/product\/las-crisis-no-superadas-de-la-seguridad-social\/\" \/>\n<meta property=\"og:site_name\" content=\"Burgoa Editores, S.A.S.\" \/>\n<meta property=\"article:publisher\" content=\"https:\/\/www.facebook.com\/BurgoaEditores\/\" \/>\n<meta property=\"article:author\" content=\"https:\/\/www.facebook.com\/BurgoaEditores\/\" \/>\n<meta property=\"article:modified_time\" content=\"2025-11-18T06:00:52+00:00\" \/>\n<meta property=\"og:image\" content=\"https:\/\/burgoa-editores.mx\/wp-content\/uploads\/2021\/08\/be_lascrisis.jpg\" \/>\n\t<meta property=\"og:image:width\" content=\"1728\" \/>\n\t<meta property=\"og:image:height\" content=\"2304\" \/>\n<meta name=\"twitter:card\" content=\"summary_large_image\" \/>\n<meta name=\"twitter:creator\" content=\"@burgoaeditores\" \/>\n<meta name=\"twitter:site\" content=\"@burgoaeditores\" \/>\n<script type=\"application\/ld+json\" class=\"yoast-schema-graph\">{\"@context\":\"https:\/\/schema.org\",\"@graph\":[{\"@type\":\"Organization\",\"@id\":\"https:\/\/burgoa-editores.mx\/en\/#organization\",\"name\":\"Burgoa Editores S.C.\",\"url\":\"https:\/\/burgoa-editores.mx\/en\/\",\"sameAs\":[\"https:\/\/www.facebook.com\/BurgoaEditores\/\",\"https:\/\/www.youtube.com\/channel\/UCh8cOciWHTRhTn39kZ5pFyQ\/\",\"https:\/\/twitter.com\/burgoaeditores\"],\"logo\":{\"@type\":\"ImageObject\",\"@id\":\"https:\/\/burgoa-editores.mx\/en\/#logo\",\"inLanguage\":\"en-US\",\"url\":\"https:\/\/burgoa-editores.mx\/wp-content\/uploads\/2020\/09\/Logo-Burgoa-Editores-RB-2.png\",\"width\":271,\"height\":300,\"caption\":\"Burgoa Editores S.C.\"},\"image\":{\"@id\":\"https:\/\/burgoa-editores.mx\/en\/#logo\"}},{\"@type\":\"WebSite\",\"@id\":\"https:\/\/burgoa-editores.mx\/en\/#website\",\"url\":\"https:\/\/burgoa-editores.mx\/en\/\",\"name\":\"Burgoa Editores, S.A.S.\",\"description\":\"Editorial\",\"publisher\":{\"@id\":\"https:\/\/burgoa-editores.mx\/en\/#organization\"},\"potentialAction\":[{\"@type\":\"SearchAction\",\"target\":\"https:\/\/burgoa-editores.mx\/en\/?s={search_term_string}\",\"query-input\":\"required name=search_term_string\"}],\"inLanguage\":\"en-US\"},{\"@type\":\"ImageObject\",\"@id\":\"https:\/\/burgoa-editores.mx\/producto\/las-crisis-no-superadas-de-la-seguridad-social\/#primaryimage\",\"inLanguage\":\"en-US\",\"url\":\"https:\/\/burgoa-editores.mx\/wp-content\/uploads\/2021\/08\/be_lascrisis.jpg\",\"width\":1728,\"height\":2304},{\"@type\":\"WebPage\",\"@id\":\"https:\/\/burgoa-editores.mx\/producto\/las-crisis-no-superadas-de-la-seguridad-social\/#webpage\",\"url\":\"https:\/\/burgoa-editores.mx\/producto\/las-crisis-no-superadas-de-la-seguridad-social\/\",\"name\":\"LAS CRISIS NO SUPERADAS DE LA SEGURIDAD SOCIAL - Burgoa Editores, S.A.S.\",\"isPartOf\":{\"@id\":\"https:\/\/burgoa-editores.mx\/en\/#website\"},\"primaryImageOfPage\":{\"@id\":\"https:\/\/burgoa-editores.mx\/producto\/las-crisis-no-superadas-de-la-seguridad-social\/#primaryimage\"},\"datePublished\":\"2021-08-03T19:45:27+00:00\",\"dateModified\":\"2025-11-18T06:00:52+00:00\",\"inLanguage\":\"en-US\",\"potentialAction\":[{\"@type\":\"ReadAction\",\"target\":[\"https:\/\/burgoa-editores.mx\/producto\/las-crisis-no-superadas-de-la-seguridad-social\/\"]}]}]}<\/script>\n<!-- \/ Yoast SEO plugin. -->","_links":{"self":[{"href":"https:\/\/burgoa-editores.mx\/en\/wp-json\/wp\/v2\/product\/13498","targetHints":{"allow":["GET"]}}],"collection":[{"href":"https:\/\/burgoa-editores.mx\/en\/wp-json\/wp\/v2\/product"}],"about":[{"href":"https:\/\/burgoa-editores.mx\/en\/wp-json\/wp\/v2\/types\/product"}],"wp:featuredmedia":[{"embeddable":true,"href":"https:\/\/burgoa-editores.mx\/en\/wp-json\/wp\/v2\/media\/13574"}],"wp:attachment":[{"href":"https:\/\/burgoa-editores.mx\/en\/wp-json\/wp\/v2\/media?parent=13498"}],"curies":[{"name":"wp","href":"https:\/\/api.w.org\/{rel}","templated":true}]}}