{"id":13611,"date":"2021-09-12T17:45:50","date_gmt":"2021-09-12T22:45:50","guid":{"rendered":"https:\/\/burgoa-editores.mx\/?post_type=product&#038;p=13611"},"modified":"2025-11-18T00:00:51","modified_gmt":"2025-11-18T06:00:51","slug":"mexico-500-anos-de-la-conquista-200-anos-de-independencia","status":"publish","type":"product","link":"https:\/\/burgoa-editores.mx\/en\/product\/mexico-500-anos-de-la-conquista-200-anos-de-independencia\/","title":{"rendered":"M\u00c9XICO 500 A\u00d1OS DE LA CONQUISTA, 200 A\u00d1OS DE INDEPENDENCIA"},"content":{"rendered":"<ul>\n<li>Las naciones cultas conservan, y dir\u00eda, disfrutan el conocimiento de su historia, preservan sus acervos documentales, protegen sus monumentos hist\u00f3ricos y art\u00edsticos, exploran incesantemente los hechos del pasado y, cuando es menester, se reconcilian con su historia.La memoria del pasado edifica la conciencia de nuestra identidad, compele al conocimiento de nosotros mismos, de nuestra yoidad social, es decir, la condici\u00f3n del ser yo de la naci\u00f3n.De esta manera, la indagaci\u00f3n hist\u00f3rica respecto de nuestras ra\u00edces es fundamental para la comprensi\u00f3n de nosotros como sociedad y, en lo individual, como miembros de \u00e9sta.En esta l\u00ednea, los aniversarios son propicios para detenernos y hacer la introspecci\u00f3n de nuestra identidad, explorar y reflexionar acerca del pasado com\u00fan, forjador de nuestro presente.En este 2021 se cumplen quinientos a\u00f1os de la culminaci\u00f3n de la conquista y doscientos de la consumaci\u00f3n de la independencia, fechas entre las que floreci\u00f3 el periodo de la Colonia; esos hitos y la \u00e9poca vivida entre ellos fueron la mamposter\u00eda y la primera planta del monumento magnifico llamado M\u00e9xico, por lo cual, no solo debemos conocerlas cabalmente, sino solazarnos con sus estampas y, sobre todo, amarlas, como se debe amar toda nuestra historia.En esta obra, distintos autores, desarrollan temas relacionados con los centenarios y con la \u00e9poca colonial de M\u00e9xico, naturalmente, pero tambi\u00e9n de Espa\u00f1a y de Iberoam\u00e9rica, porque los procesos hist\u00f3ricos tienen intensas relaciones con una y con otra.As\u00ed pues, esperamos gusten de la lectura, como los autores hemos disfrutado de la investigaci\u00f3n.<\/li>\n<\/ul>","protected":false},"excerpt":{"rendered":"<p><a href=\"https:\/\/www.amazon.com.mx\/M%C3%A9xico-500-a%C3%B1os-Conquista-Independencia-ebook\/dp\/B09FZZH9CW\/ref=sr_1_1?__mk_es_MX=%C3%85M%C3%85%C5%BD%C3%95%C3%91&amp;crid=11RB8LJX75B2B&amp;keywords=LM%C3%89XICO+500+A%C3%91OS+DE+LA+CONQUISTA&amp;qid=1663960388&amp;sprefix=lm%C3%A9xico+500+a%C3%B1os+de+la+conquista%2Caps%2C346&amp;sr=8-1-spell\" target=\"_blank\" rel=\"noopener noreferrer\"><img loading=\"lazy\" decoding=\"async\" class=\"alignnone size-full wp-image-13486\" src=\"https:\/\/burgoa-editores.mx\/wp-content\/uploads\/2021\/05\/disponible_kindle-e1626978297450.png\" alt=\"\" width=\"219\" height=\"65\" \/><\/a><br \/>\n<iframe loading=\"lazy\" style=\"max-width: 100%;\" src=\"https:\/\/leer.amazon.com.mx\/kp\/card?asin=B09FZZH9CW&amp;preview=inline&amp;linkCode=kpe&amp;ref_=cm_sw_r_kb_dp_WZVPE0V4HEMK4PGF960S\" width=\"336\" height=\"550\" frameborder=\"0\" sandbox=\"allow-scripts allow-same-origin allow-popups\" allowfullscreen=\"allowfullscreen\"><\/iframe><\/p>\n<p> <a class=\"more-link\" href=\"https:\/\/burgoa-editores.mx\/en\/product\/mexico-500-anos-de-la-conquista-200-anos-de-independencia\/\">Read more<\/a><\/p>","protected":false},"featured_media":13612,"template":"","meta":[],"class_list":{"0":"post-13611","1":"product","2":"type-product","3":"status-publish","4":"has-post-thumbnail","6":"product_cat-libros","7":"product_tag-fiscal"},"yoast_head":"<!-- This site is optimized with the Yoast SEO plugin v14.9 - https:\/\/yoast.com\/wordpress\/plugins\/seo\/ -->\n<title>M\u00c9XICO 500 A\u00d1OS DE LA CONQUISTA, 200 A\u00d1OS DE INDEPENDENCIA - Burgoa Editores, S.A.S.<\/title>\n<meta name=\"robots\" content=\"index, follow, max-snippet:-1, max-image-preview:large, max-video-preview:-1\" \/>\n<link rel=\"canonical\" href=\"https:\/\/burgoa-editores.mx\/en\/product\/mexico-500-anos-de-la-conquista-200-anos-de-independencia\/\" \/>\n<meta property=\"og:locale\" content=\"en_US\" \/>\n<meta property=\"og:type\" content=\"article\" \/>\n<meta property=\"og:title\" content=\"M\u00c9XICO 500 A\u00d1OS DE LA CONQUISTA, 200 A\u00d1OS DE INDEPENDENCIA - Burgoa Editores, S.A.S.\" \/>\n<meta property=\"og:url\" content=\"https:\/\/burgoa-editores.mx\/en\/product\/mexico-500-anos-de-la-conquista-200-anos-de-independencia\/\" \/>\n<meta property=\"og:site_name\" content=\"Burgoa Editores, S.A.S.\" \/>\n<meta property=\"article:publisher\" content=\"https:\/\/www.facebook.com\/BurgoaEditores\/\" \/>\n<meta property=\"article:author\" content=\"https:\/\/www.facebook.com\/BurgoaEditores\/\" \/>\n<meta property=\"article:modified_time\" content=\"2025-11-18T06:00:51+00:00\" \/>\n<meta property=\"og:image\" content=\"https:\/\/burgoa-editores.mx\/wp-content\/uploads\/2021\/09\/MEXICO.jpg\" \/>\n\t<meta property=\"og:image:width\" content=\"1728\" \/>\n\t<meta property=\"og:image:height\" content=\"2304\" \/>\n<meta name=\"twitter:card\" content=\"summary_large_image\" \/>\n<meta name=\"twitter:creator\" content=\"@burgoaeditores\" \/>\n<meta name=\"twitter:site\" content=\"@burgoaeditores\" \/>\n<script type=\"application\/ld+json\" class=\"yoast-schema-graph\">{\"@context\":\"https:\/\/schema.org\",\"@graph\":[{\"@type\":\"Organization\",\"@id\":\"https:\/\/burgoa-editores.mx\/en\/#organization\",\"name\":\"Burgoa Editores S.C.\",\"url\":\"https:\/\/burgoa-editores.mx\/en\/\",\"sameAs\":[\"https:\/\/www.facebook.com\/BurgoaEditores\/\",\"https:\/\/www.youtube.com\/channel\/UCh8cOciWHTRhTn39kZ5pFyQ\/\",\"https:\/\/twitter.com\/burgoaeditores\"],\"logo\":{\"@type\":\"ImageObject\",\"@id\":\"https:\/\/burgoa-editores.mx\/en\/#logo\",\"inLanguage\":\"en-US\",\"url\":\"https:\/\/burgoa-editores.mx\/wp-content\/uploads\/2020\/09\/Logo-Burgoa-Editores-RB-2.png\",\"width\":271,\"height\":300,\"caption\":\"Burgoa Editores S.C.\"},\"image\":{\"@id\":\"https:\/\/burgoa-editores.mx\/en\/#logo\"}},{\"@type\":\"WebSite\",\"@id\":\"https:\/\/burgoa-editores.mx\/en\/#website\",\"url\":\"https:\/\/burgoa-editores.mx\/en\/\",\"name\":\"Burgoa Editores, S.A.S.\",\"description\":\"Editorial\",\"publisher\":{\"@id\":\"https:\/\/burgoa-editores.mx\/en\/#organization\"},\"potentialAction\":[{\"@type\":\"SearchAction\",\"target\":\"https:\/\/burgoa-editores.mx\/en\/?s={search_term_string}\",\"query-input\":\"required name=search_term_string\"}],\"inLanguage\":\"en-US\"},{\"@type\":\"ImageObject\",\"@id\":\"https:\/\/burgoa-editores.mx\/producto\/mexico-500-anos-de-la-conquista-200-anos-de-independencia\/#primaryimage\",\"inLanguage\":\"en-US\",\"url\":\"https:\/\/burgoa-editores.mx\/wp-content\/uploads\/2021\/09\/MEXICO.jpg\",\"width\":1728,\"height\":2304},{\"@type\":\"WebPage\",\"@id\":\"https:\/\/burgoa-editores.mx\/producto\/mexico-500-anos-de-la-conquista-200-anos-de-independencia\/#webpage\",\"url\":\"https:\/\/burgoa-editores.mx\/producto\/mexico-500-anos-de-la-conquista-200-anos-de-independencia\/\",\"name\":\"M\\u00c9XICO 500 A\\u00d1OS DE LA CONQUISTA, 200 A\\u00d1OS DE INDEPENDENCIA - Burgoa Editores, S.A.S.\",\"isPartOf\":{\"@id\":\"https:\/\/burgoa-editores.mx\/en\/#website\"},\"primaryImageOfPage\":{\"@id\":\"https:\/\/burgoa-editores.mx\/producto\/mexico-500-anos-de-la-conquista-200-anos-de-independencia\/#primaryimage\"},\"datePublished\":\"2021-09-12T22:45:50+00:00\",\"dateModified\":\"2025-11-18T06:00:51+00:00\",\"inLanguage\":\"en-US\",\"potentialAction\":[{\"@type\":\"ReadAction\",\"target\":[\"https:\/\/burgoa-editores.mx\/producto\/mexico-500-anos-de-la-conquista-200-anos-de-independencia\/\"]}]}]}<\/script>\n<!-- \/ Yoast SEO plugin. -->","_links":{"self":[{"href":"https:\/\/burgoa-editores.mx\/en\/wp-json\/wp\/v2\/product\/13611","targetHints":{"allow":["GET"]}}],"collection":[{"href":"https:\/\/burgoa-editores.mx\/en\/wp-json\/wp\/v2\/product"}],"about":[{"href":"https:\/\/burgoa-editores.mx\/en\/wp-json\/wp\/v2\/types\/product"}],"wp:featuredmedia":[{"embeddable":true,"href":"https:\/\/burgoa-editores.mx\/en\/wp-json\/wp\/v2\/media\/13612"}],"wp:attachment":[{"href":"https:\/\/burgoa-editores.mx\/en\/wp-json\/wp\/v2\/media?parent=13611"}],"curies":[{"name":"wp","href":"https:\/\/api.w.org\/{rel}","templated":true}]}}