{"id":13639,"date":"2021-11-09T14:54:36","date_gmt":"2021-11-09T20:54:36","guid":{"rendered":"https:\/\/burgoa-editores.mx\/?post_type=product&#038;p=13639"},"modified":"2025-11-18T00:00:51","modified_gmt":"2025-11-18T06:00:51","slug":"reforma-fiscal-2022","status":"publish","type":"product","link":"https:\/\/burgoa-editores.mx\/en\/product\/reforma-fiscal-2022\/","title":{"rendered":"REFORMA FISCAL 2022"},"content":{"rendered":"<p>Como es costumbre en todos los sexenios, a mitad de cada periodo presidencial surgen cambios sustanciales en el sistema fiscal, entendiendo por sustancia aquello que afecta verdaderamente el fondo o contenido de la tributaci\u00f3n del pa\u00eds, ya sea la derogaci\u00f3n de ciertas porciones normativas \u00fatiles al pago del impuesto, la creaci\u00f3n de algunas otras, as\u00ed como nuevas figuras o puntos de relevancia para las normas de causaci\u00f3n \u2013 como le llama el art\u00edculo 6 del C\u00f3digo Fiscal de la Federaci\u00f3n (CFF) -, mientras que, en los dem\u00e1s a\u00f1os los cambios son ajustes formales a las leyes y la mayor\u00eda de las veces son cambios procedimentales que advertimos constantemente en el CFF.<\/p>\n<p>Existen puntos importantes a considerar para entender debidamente la reforma fiscal 2022: el primero de ellos es que, a diferencia de lo sucedido en todos los sexenios anteriores, en donde la mitad del periodo presidencial se arrojaba una serie de cambios de contenido, fondo o sustancia. En este caso surge un punto particular, pues, desde la campa\u00f1a presidencial del actual titular del Ejecutivo, asi como la fracci\u00f3n X del \u201cDECRETO por el que se establecen las medidas de austeridad que deber\u00e1n observar las dependencias y entidades de la Administracion P\u00fablica Federal bajo los criterios que en el mismo se indican.\u201d Llamado \u201cDecreto austeridad\u201d publicado el 23 de abril de 2020:<\/p>\n<ol>\n<li>Todo ello, sin aumentar el precio de los combustibles, sin aumentar los impuestos o crear impuestos nuevos y sin endeudar al pa\u00eds.<\/li>\n<\/ol>\n<p>Muchas inquietudes y tem\u00e1ticas son tocadas en esta obra por los autores que en ella participan, tanto catedr\u00e1ticos como profesionistas independientes, practicantes, miembros de Tribunales y Prodecon abordan los t\u00f3picos esenciales y b\u00e1sicos de la reforma fiscal para 2022, en donde no s\u00f3lo se realiza una par\u00e1frasis de su texto, sino una reflexi\u00f3n t\u00e9cnica sobre los puntos b\u00e1sicos que representa el cambio normativo, contratastado con las expectativas econ\u00f3micas futuras, basado en las pol\u00edticas publicas actuales. De tal suerte que, el texto sirve para apoyo en la toma de decisiones y, mas importante a\u00fan, como una forma de proyectar el futuro que se avecina, pues es claro que el ritmo econ\u00f3mico no termina con un acto de autoridad, sino que debe ser motivo de preparaci\u00f3n previa a ello, lo cual ofrecen de manera reflexiva los cap\u00edtulos que conforman esta obra para un mejor entendimiento y manejo de los retos que representa la reforma fiscal 2022.<\/p>","protected":false},"excerpt":{"rendered":"<p>&nbsp;<\/p>\n<p>&nbsp;<\/p>\n<p> <a class=\"more-link\" href=\"https:\/\/burgoa-editores.mx\/en\/product\/reforma-fiscal-2022\/\">Read more<\/a><\/p>","protected":false},"featured_media":13760,"template":"","meta":[],"class_list":{"0":"post-13639","1":"product","2":"type-product","3":"status-publish","4":"has-post-thumbnail","6":"product_cat-libros","7":"product_tag-fiscal"},"yoast_head":"<!-- This site is optimized with the Yoast SEO plugin v14.9 - https:\/\/yoast.com\/wordpress\/plugins\/seo\/ -->\n<title>REFORMA FISCAL 2022 - Burgoa Editores, S.A.S.<\/title>\n<meta name=\"robots\" content=\"index, follow, max-snippet:-1, max-image-preview:large, max-video-preview:-1\" \/>\n<link rel=\"canonical\" href=\"https:\/\/burgoa-editores.mx\/en\/product\/reforma-fiscal-2022\/\" \/>\n<meta property=\"og:locale\" content=\"en_US\" \/>\n<meta property=\"og:type\" content=\"article\" \/>\n<meta property=\"og:title\" content=\"REFORMA FISCAL 2022 - Burgoa Editores, S.A.S.\" \/>\n<meta property=\"og:description\" content=\"&nbsp;  &nbsp;\" \/>\n<meta property=\"og:url\" content=\"https:\/\/burgoa-editores.mx\/en\/product\/reforma-fiscal-2022\/\" \/>\n<meta property=\"og:site_name\" content=\"Burgoa Editores, S.A.S.\" \/>\n<meta property=\"article:publisher\" content=\"https:\/\/www.facebook.com\/BurgoaEditores\/\" \/>\n<meta property=\"article:author\" content=\"https:\/\/www.facebook.com\/BurgoaEditores\/\" \/>\n<meta property=\"article:modified_time\" content=\"2025-11-18T06:00:51+00:00\" \/>\n<meta property=\"og:image\" content=\"https:\/\/burgoa-editores.mx\/wp-content\/uploads\/2021\/11\/Reforma-2022a.jpg\" \/>\n\t<meta property=\"og:image:width\" content=\"1728\" \/>\n\t<meta property=\"og:image:height\" content=\"2304\" \/>\n<meta name=\"twitter:card\" content=\"summary_large_image\" \/>\n<meta name=\"twitter:creator\" content=\"@burgoaeditores\" \/>\n<meta name=\"twitter:site\" content=\"@burgoaeditores\" \/>\n<script type=\"application\/ld+json\" class=\"yoast-schema-graph\">{\"@context\":\"https:\/\/schema.org\",\"@graph\":[{\"@type\":\"Organization\",\"@id\":\"https:\/\/burgoa-editores.mx\/en\/#organization\",\"name\":\"Burgoa Editores S.C.\",\"url\":\"https:\/\/burgoa-editores.mx\/en\/\",\"sameAs\":[\"https:\/\/www.facebook.com\/BurgoaEditores\/\",\"https:\/\/www.youtube.com\/channel\/UCh8cOciWHTRhTn39kZ5pFyQ\/\",\"https:\/\/twitter.com\/burgoaeditores\"],\"logo\":{\"@type\":\"ImageObject\",\"@id\":\"https:\/\/burgoa-editores.mx\/en\/#logo\",\"inLanguage\":\"en-US\",\"url\":\"https:\/\/burgoa-editores.mx\/wp-content\/uploads\/2020\/09\/Logo-Burgoa-Editores-RB-2.png\",\"width\":271,\"height\":300,\"caption\":\"Burgoa Editores S.C.\"},\"image\":{\"@id\":\"https:\/\/burgoa-editores.mx\/en\/#logo\"}},{\"@type\":\"WebSite\",\"@id\":\"https:\/\/burgoa-editores.mx\/en\/#website\",\"url\":\"https:\/\/burgoa-editores.mx\/en\/\",\"name\":\"Burgoa Editores, S.A.S.\",\"description\":\"Editorial\",\"publisher\":{\"@id\":\"https:\/\/burgoa-editores.mx\/en\/#organization\"},\"potentialAction\":[{\"@type\":\"SearchAction\",\"target\":\"https:\/\/burgoa-editores.mx\/en\/?s={search_term_string}\",\"query-input\":\"required name=search_term_string\"}],\"inLanguage\":\"en-US\"},{\"@type\":\"ImageObject\",\"@id\":\"https:\/\/burgoa-editores.mx\/producto\/reforma-fiscal-2022\/#primaryimage\",\"inLanguage\":\"en-US\",\"url\":\"https:\/\/burgoa-editores.mx\/wp-content\/uploads\/2021\/11\/Reforma-2022a.jpg\",\"width\":1728,\"height\":2304},{\"@type\":\"WebPage\",\"@id\":\"https:\/\/burgoa-editores.mx\/producto\/reforma-fiscal-2022\/#webpage\",\"url\":\"https:\/\/burgoa-editores.mx\/producto\/reforma-fiscal-2022\/\",\"name\":\"REFORMA FISCAL 2022 - Burgoa Editores, S.A.S.\",\"isPartOf\":{\"@id\":\"https:\/\/burgoa-editores.mx\/en\/#website\"},\"primaryImageOfPage\":{\"@id\":\"https:\/\/burgoa-editores.mx\/producto\/reforma-fiscal-2022\/#primaryimage\"},\"datePublished\":\"2021-11-09T20:54:36+00:00\",\"dateModified\":\"2025-11-18T06:00:51+00:00\",\"inLanguage\":\"en-US\",\"potentialAction\":[{\"@type\":\"ReadAction\",\"target\":[\"https:\/\/burgoa-editores.mx\/producto\/reforma-fiscal-2022\/\"]}]}]}<\/script>\n<!-- \/ Yoast SEO plugin. -->","_links":{"self":[{"href":"https:\/\/burgoa-editores.mx\/en\/wp-json\/wp\/v2\/product\/13639","targetHints":{"allow":["GET"]}}],"collection":[{"href":"https:\/\/burgoa-editores.mx\/en\/wp-json\/wp\/v2\/product"}],"about":[{"href":"https:\/\/burgoa-editores.mx\/en\/wp-json\/wp\/v2\/types\/product"}],"wp:featuredmedia":[{"embeddable":true,"href":"https:\/\/burgoa-editores.mx\/en\/wp-json\/wp\/v2\/media\/13760"}],"wp:attachment":[{"href":"https:\/\/burgoa-editores.mx\/en\/wp-json\/wp\/v2\/media?parent=13639"}],"curies":[{"name":"wp","href":"https:\/\/api.w.org\/{rel}","templated":true}]}}