{"id":13699,"date":"2021-12-07T20:07:26","date_gmt":"2021-12-08T02:07:26","guid":{"rendered":"https:\/\/burgoa-editores.mx\/?post_type=product&#038;p=13699"},"modified":"2026-04-27T01:02:00","modified_gmt":"2026-04-27T06:02:00","slug":"ficciones-y-presunciones-legales","status":"publish","type":"product","link":"https:\/\/burgoa-editores.mx\/en\/product\/ficciones-y-presunciones-legales\/","title":{"rendered":"FICCIONES Y PRESUNCIONES LEGALES"},"content":{"rendered":"<p>Todo sistema legal, en cualquier rama del Derecho y en cualquier pa\u00eds se resuelve en una tr\u00edada a la cual be denominado \u201ctr\u00edada normativa\u201d. Tr\u00edada a porque se compone de las tres normas y con ellas se desarrolla cualquier rama del Derecho. Son tres normas, por as\u00ed llamarlo con las que se desarrolla un sistema legal, independientemente de si son normas descriptivas o prescriptivas, allende sus excepciones por contradicci\u00f3n o por especificidad. El primer tipo de las normas las llam\u00e9 \u201cnormas sustanciales o primarias\u201d, sustanciales porque tienen el fondo de la materia que se versan o primarias porque son las primeras que se aplican o en las que se piensan en todo caso. Las segundas normas las nombr\u00e9 \u201cnormas sancionadoras o secundarias\u201d porque contienen el c\u00famulo de castigos ante el incumplimiento de los deberes, no as\u00ed respecto a los permisos, de tal suerte que, las normas sancionadoras o secundarias tienen como finalidad establecer sanciones para reincorporar las conductas de las personas conforme lo establecido en las normas primarias o sustanciales. Y, dado que, las sanciones generalmente versan sobre multas o prisi\u00f3n, al ser ambas derechos constitucionales corresponde un derecho constitucional que permita a las personas defenderse mediante debida audiencia o debido proceso, dando lugar al tercer tipo de las normas denominadas \u201cnormas de procedimiento\u201d.<\/p>\n<p>Todas estas normas componen un sistema legal y, por tanto, tienen un tratamiento espec\u00edfico cuando se confrontan con problemas en el tiempo, o ante el silencio pues no siempre opera en forma f\u00e9rrea la irretroactividad, as\u00ed como tampoco opera siempre en forma f\u00e9rrea la supletoriedad ni siempre lo es en un solo sentido, ya que, puede ser en forma descriptiva o en forma prescriptiva, dependiendo del tipo de norma de que se trate.<\/p>\n<p>Teniendo en cuenta todo lo anterior, es posible partir al entendimiento de las ficciones y de las presunciones legales, las cuales tienen como finalidad robustecer las pol\u00edticas p\u00fablicas del gobierno en turno, teniendo siempre presente que no arrojan un plus o una novedad respecto a lo ya establecido en las normas primarias o de procedimiento \u2013 las normas sancionadoras no son susceptibles de ficciones o presunciones -, por lo cual, solo son figuras de soporte, por as\u00ed llamarlas y, dado ello, se concentran en forma descriptiva o prescriptiva, para ficciones o presunciones, respectivamente.<\/p>","protected":false},"excerpt":{"rendered":"<p><a href=\"https:\/\/www.amazon.com.mx\/Ficciones-presunciones-legales-Carlos-Alberto-ebook\/dp\/B09MSQ4ZNY\/ref=sr_1_8?crid=11AXCH8YAKEZG&amp;keywords=burgoa+editores&amp;qid=1663950221&amp;s=digital-text&amp;sprefix=burgo%2Cdigital-text%2C193&amp;sr=1-8\" target=\"_blank\" rel=\"noopener noreferrer\"><img loading=\"lazy\" decoding=\"async\" class=\"alignnone size-full wp-image-13486\" src=\"https:\/\/burgoa-editores.mx\/wp-content\/uploads\/2021\/05\/disponible_kindle-e1626978297450.png\" alt=\"\" width=\"219\" height=\"65\" \/><\/a><br \/>\n<iframe loading=\"lazy\" style=\"max-width: 100%;\" src=\"https:\/\/leer.amazon.com.mx\/kp\/card?asin=B09MSQ4ZNY&amp;preview=inline&amp;linkCode=kpe&amp;ref_=cm_sw_r_kb_dp_VEQ7JTY7VFJ0ZHQNYTQJ\" width=\"336\" height=\"550\" frameborder=\"0\" sandbox=\"allow-scripts allow-same-origin allow-popups\" allowfullscreen=\"allowfullscreen\"><\/iframe><\/p>\n<p> <a class=\"more-link\" href=\"https:\/\/burgoa-editores.mx\/en\/product\/ficciones-y-presunciones-legales\/\">Read more<\/a><\/p>","protected":false},"featured_media":13700,"template":"","meta":[],"class_list":{"0":"post-13699","1":"product","2":"type-product","3":"status-publish","4":"has-post-thumbnail","6":"product_cat-libros","7":"product_tag-fiscal"},"yoast_head":"<!-- This site is optimized with the Yoast SEO plugin v14.9 - https:\/\/yoast.com\/wordpress\/plugins\/seo\/ -->\n<title>FICCIONES Y PRESUNCIONES LEGALES - Burgoa Editores, S.A.S.<\/title>\n<meta name=\"robots\" content=\"index, follow, max-snippet:-1, max-image-preview:large, max-video-preview:-1\" \/>\n<link rel=\"canonical\" href=\"https:\/\/burgoa-editores.mx\/en\/product\/ficciones-y-presunciones-legales\/\" \/>\n<meta property=\"og:locale\" content=\"en_US\" \/>\n<meta property=\"og:type\" content=\"article\" \/>\n<meta property=\"og:title\" content=\"FICCIONES Y PRESUNCIONES LEGALES - Burgoa Editores, S.A.S.\" \/>\n<meta property=\"og:url\" content=\"https:\/\/burgoa-editores.mx\/en\/product\/ficciones-y-presunciones-legales\/\" \/>\n<meta property=\"og:site_name\" content=\"Burgoa Editores, S.A.S.\" \/>\n<meta property=\"article:publisher\" content=\"https:\/\/www.facebook.com\/BurgoaEditores\/\" \/>\n<meta property=\"article:author\" content=\"https:\/\/www.facebook.com\/BurgoaEditores\/\" \/>\n<meta property=\"article:modified_time\" content=\"2026-04-27T06:02:00+00:00\" \/>\n<meta property=\"og:image\" content=\"https:\/\/burgoa-editores.mx\/wp-content\/uploads\/2021\/12\/ficciones-768x1024.png\" \/>\n\t<meta property=\"og:image:width\" content=\"768\" \/>\n\t<meta property=\"og:image:height\" content=\"1024\" \/>\n<meta name=\"twitter:card\" content=\"summary_large_image\" \/>\n<meta name=\"twitter:creator\" content=\"@burgoaeditores\" \/>\n<meta name=\"twitter:site\" content=\"@burgoaeditores\" \/>\n<script type=\"application\/ld+json\" class=\"yoast-schema-graph\">{\"@context\":\"https:\/\/schema.org\",\"@graph\":[{\"@type\":\"Organization\",\"@id\":\"https:\/\/burgoa-editores.mx\/en\/#organization\",\"name\":\"Burgoa Editores S.C.\",\"url\":\"https:\/\/burgoa-editores.mx\/en\/\",\"sameAs\":[\"https:\/\/www.facebook.com\/BurgoaEditores\/\",\"https:\/\/www.youtube.com\/channel\/UCh8cOciWHTRhTn39kZ5pFyQ\/\",\"https:\/\/twitter.com\/burgoaeditores\"],\"logo\":{\"@type\":\"ImageObject\",\"@id\":\"https:\/\/burgoa-editores.mx\/en\/#logo\",\"inLanguage\":\"en-US\",\"url\":\"https:\/\/burgoa-editores.mx\/wp-content\/uploads\/2020\/09\/Logo-Burgoa-Editores-RB-2.png\",\"width\":271,\"height\":300,\"caption\":\"Burgoa Editores S.C.\"},\"image\":{\"@id\":\"https:\/\/burgoa-editores.mx\/en\/#logo\"}},{\"@type\":\"WebSite\",\"@id\":\"https:\/\/burgoa-editores.mx\/en\/#website\",\"url\":\"https:\/\/burgoa-editores.mx\/en\/\",\"name\":\"Burgoa Editores, S.A.S.\",\"description\":\"Editorial\",\"publisher\":{\"@id\":\"https:\/\/burgoa-editores.mx\/en\/#organization\"},\"potentialAction\":[{\"@type\":\"SearchAction\",\"target\":\"https:\/\/burgoa-editores.mx\/en\/?s={search_term_string}\",\"query-input\":\"required name=search_term_string\"}],\"inLanguage\":\"en-US\"},{\"@type\":\"ImageObject\",\"@id\":\"https:\/\/burgoa-editores.mx\/producto\/ficciones-y-presunciones-legales\/#primaryimage\",\"inLanguage\":\"en-US\",\"url\":\"https:\/\/burgoa-editores.mx\/wp-content\/uploads\/2021\/12\/ficciones.png\",\"width\":1728,\"height\":2304},{\"@type\":\"WebPage\",\"@id\":\"https:\/\/burgoa-editores.mx\/producto\/ficciones-y-presunciones-legales\/#webpage\",\"url\":\"https:\/\/burgoa-editores.mx\/producto\/ficciones-y-presunciones-legales\/\",\"name\":\"FICCIONES Y PRESUNCIONES LEGALES - Burgoa Editores, S.A.S.\",\"isPartOf\":{\"@id\":\"https:\/\/burgoa-editores.mx\/en\/#website\"},\"primaryImageOfPage\":{\"@id\":\"https:\/\/burgoa-editores.mx\/producto\/ficciones-y-presunciones-legales\/#primaryimage\"},\"datePublished\":\"2021-12-08T02:07:26+00:00\",\"dateModified\":\"2026-04-27T06:02:00+00:00\",\"inLanguage\":\"en-US\",\"potentialAction\":[{\"@type\":\"ReadAction\",\"target\":[\"https:\/\/burgoa-editores.mx\/producto\/ficciones-y-presunciones-legales\/\"]}]}]}<\/script>\n<!-- \/ Yoast SEO plugin. -->","_links":{"self":[{"href":"https:\/\/burgoa-editores.mx\/en\/wp-json\/wp\/v2\/product\/13699","targetHints":{"allow":["GET"]}}],"collection":[{"href":"https:\/\/burgoa-editores.mx\/en\/wp-json\/wp\/v2\/product"}],"about":[{"href":"https:\/\/burgoa-editores.mx\/en\/wp-json\/wp\/v2\/types\/product"}],"wp:featuredmedia":[{"embeddable":true,"href":"https:\/\/burgoa-editores.mx\/en\/wp-json\/wp\/v2\/media\/13700"}],"wp:attachment":[{"href":"https:\/\/burgoa-editores.mx\/en\/wp-json\/wp\/v2\/media?parent=13699"}],"curies":[{"name":"wp","href":"https:\/\/api.w.org\/{rel}","templated":true}]}}