{"id":13869,"date":"2022-06-10T08:59:43","date_gmt":"2022-06-10T13:59:43","guid":{"rendered":"https:\/\/burgoa-editores.mx\/?post_type=product&#038;p=13869"},"modified":"2025-11-18T00:00:50","modified_gmt":"2025-11-18T06:00:50","slug":"aspectos-contables-juricos-y-fiscales-del-resico","status":"publish","type":"product","link":"https:\/\/burgoa-editores.mx\/en\/product\/aspectos-contables-juricos-y-fiscales-del-resico\/","title":{"rendered":"ASPECTOS CONTABLES, JUR\u00cdDICOS Y FISCALES DEL RESICO"},"content":{"rendered":"<p>El objetivo de este libro es determinar el alcance de las disposiciones fiscales que regulan al RESICO, dejar constancia de que es el que sustituye, en el caso de las personas f\u00edsicas, al RIF de manera parcial, al R\u00e9gimen Intermedio, al R\u00e9gimen de Peque\u00f1os contribuyentes (REPECO), al R\u00e9gimen de Causantes Menores, asi como, trat\u00e1ndose tambi\u00e9n de personas morales, al R\u00e9gimen Simplificado y, en fin, a abordar y mencionar los detalles y errores jur\u00eddicos que vienen a ser las se\u00f1ales de cambio del partido en el poder y no a la \u201cReforma Fiscal Integral\u201d que tanto hemos esperado y escuchado.<\/p>\n<p>Esta obra busca brindar a los lectores un c\u00famulo de reflexiones sobre el nuevo r\u00e9gimen, tanto desde el punto de vista contable-fiscal, por lo que la obra se divide en dos grandes cap\u00edtulos. Ambos se desarrollan en contraste con las pol\u00edticas publicas de la administraci\u00f3n en turno, lo que comparado con las pol\u00edticas p\u00fablicas de administraciones pasadas, arrojan un panorama en donde el lector podr\u00e1 advertir las conveniencias e inconveniencias de este nuevo r\u00e9gimen, no solo desde si mismo o desde dentro del RESICO en el presente, sino, mas importante aun, desde fuera de si y a futuro para la proyecci\u00f3n econ\u00f3mica que se ha marcado para nuestro pa\u00eds, lo que esperamos sea de provecho y utilidad en el quehacer diario de todos los interesados en este nuevo r\u00e9gimen.<\/p>","protected":false},"excerpt":{"rendered":"<p>El objetivo de este libro es determinar el alcance de&hellip;<\/p>\n<p> <a class=\"more-link\" href=\"https:\/\/burgoa-editores.mx\/en\/product\/aspectos-contables-juricos-y-fiscales-del-resico\/\">Read more<\/a><\/p>","protected":false},"featured_media":13870,"template":"","meta":[],"class_list":{"0":"post-13869","1":"product","2":"type-product","3":"status-publish","4":"has-post-thumbnail","6":"product_cat-libros","7":"product_tag-fiscal"},"yoast_head":"<!-- This site is optimized with the Yoast SEO plugin v14.9 - https:\/\/yoast.com\/wordpress\/plugins\/seo\/ -->\n<title>ASPECTOS CONTABLES, JUR\u00cdDICOS Y FISCALES DEL RESICO - Burgoa Editores, S.A.S.<\/title>\n<meta name=\"robots\" content=\"index, follow, max-snippet:-1, max-image-preview:large, max-video-preview:-1\" \/>\n<link rel=\"canonical\" href=\"https:\/\/burgoa-editores.mx\/en\/product\/aspectos-contables-juricos-y-fiscales-del-resico\/\" \/>\n<meta property=\"og:locale\" content=\"en_US\" \/>\n<meta property=\"og:type\" content=\"article\" \/>\n<meta property=\"og:title\" content=\"ASPECTOS CONTABLES, JUR\u00cdDICOS Y FISCALES DEL RESICO - Burgoa Editores, S.A.S.\" \/>\n<meta property=\"og:description\" content=\"El objetivo de este libro es determinar el alcance de&hellip;  Read more\" \/>\n<meta property=\"og:url\" content=\"https:\/\/burgoa-editores.mx\/en\/product\/aspectos-contables-juricos-y-fiscales-del-resico\/\" \/>\n<meta property=\"og:site_name\" content=\"Burgoa Editores, S.A.S.\" \/>\n<meta property=\"article:publisher\" content=\"https:\/\/www.facebook.com\/BurgoaEditores\/\" \/>\n<meta property=\"article:author\" content=\"https:\/\/www.facebook.com\/BurgoaEditores\/\" \/>\n<meta property=\"article:modified_time\" content=\"2025-11-18T06:00:50+00:00\" \/>\n<meta property=\"og:image\" content=\"https:\/\/burgoa-editores.mx\/wp-content\/uploads\/2022\/06\/RESICO-768x1024.png\" \/>\n\t<meta property=\"og:image:width\" content=\"768\" \/>\n\t<meta property=\"og:image:height\" content=\"1024\" \/>\n<meta name=\"twitter:card\" content=\"summary_large_image\" \/>\n<meta name=\"twitter:creator\" content=\"@burgoaeditores\" \/>\n<meta name=\"twitter:site\" content=\"@burgoaeditores\" \/>\n<script type=\"application\/ld+json\" class=\"yoast-schema-graph\">{\"@context\":\"https:\/\/schema.org\",\"@graph\":[{\"@type\":\"Organization\",\"@id\":\"https:\/\/burgoa-editores.mx\/en\/#organization\",\"name\":\"Burgoa Editores S.C.\",\"url\":\"https:\/\/burgoa-editores.mx\/en\/\",\"sameAs\":[\"https:\/\/www.facebook.com\/BurgoaEditores\/\",\"https:\/\/www.youtube.com\/channel\/UCh8cOciWHTRhTn39kZ5pFyQ\/\",\"https:\/\/twitter.com\/burgoaeditores\"],\"logo\":{\"@type\":\"ImageObject\",\"@id\":\"https:\/\/burgoa-editores.mx\/en\/#logo\",\"inLanguage\":\"en-US\",\"url\":\"https:\/\/burgoa-editores.mx\/wp-content\/uploads\/2020\/09\/Logo-Burgoa-Editores-RB-2.png\",\"width\":271,\"height\":300,\"caption\":\"Burgoa Editores S.C.\"},\"image\":{\"@id\":\"https:\/\/burgoa-editores.mx\/en\/#logo\"}},{\"@type\":\"WebSite\",\"@id\":\"https:\/\/burgoa-editores.mx\/en\/#website\",\"url\":\"https:\/\/burgoa-editores.mx\/en\/\",\"name\":\"Burgoa Editores, S.A.S.\",\"description\":\"Editorial\",\"publisher\":{\"@id\":\"https:\/\/burgoa-editores.mx\/en\/#organization\"},\"potentialAction\":[{\"@type\":\"SearchAction\",\"target\":\"https:\/\/burgoa-editores.mx\/en\/?s={search_term_string}\",\"query-input\":\"required name=search_term_string\"}],\"inLanguage\":\"en-US\"},{\"@type\":\"ImageObject\",\"@id\":\"https:\/\/burgoa-editores.mx\/producto\/aspectos-contables-juricos-y-fiscales-del-resico\/#primaryimage\",\"inLanguage\":\"en-US\",\"url\":\"https:\/\/burgoa-editores.mx\/wp-content\/uploads\/2022\/06\/RESICO.png\",\"width\":1728,\"height\":2304},{\"@type\":\"WebPage\",\"@id\":\"https:\/\/burgoa-editores.mx\/producto\/aspectos-contables-juricos-y-fiscales-del-resico\/#webpage\",\"url\":\"https:\/\/burgoa-editores.mx\/producto\/aspectos-contables-juricos-y-fiscales-del-resico\/\",\"name\":\"ASPECTOS CONTABLES, JUR\\u00cdDICOS Y FISCALES DEL RESICO - Burgoa Editores, S.A.S.\",\"isPartOf\":{\"@id\":\"https:\/\/burgoa-editores.mx\/en\/#website\"},\"primaryImageOfPage\":{\"@id\":\"https:\/\/burgoa-editores.mx\/producto\/aspectos-contables-juricos-y-fiscales-del-resico\/#primaryimage\"},\"datePublished\":\"2022-06-10T13:59:43+00:00\",\"dateModified\":\"2025-11-18T06:00:50+00:00\",\"inLanguage\":\"en-US\",\"potentialAction\":[{\"@type\":\"ReadAction\",\"target\":[\"https:\/\/burgoa-editores.mx\/producto\/aspectos-contables-juricos-y-fiscales-del-resico\/\"]}]}]}<\/script>\n<!-- \/ Yoast SEO plugin. -->","_links":{"self":[{"href":"https:\/\/burgoa-editores.mx\/en\/wp-json\/wp\/v2\/product\/13869","targetHints":{"allow":["GET"]}}],"collection":[{"href":"https:\/\/burgoa-editores.mx\/en\/wp-json\/wp\/v2\/product"}],"about":[{"href":"https:\/\/burgoa-editores.mx\/en\/wp-json\/wp\/v2\/types\/product"}],"wp:featuredmedia":[{"embeddable":true,"href":"https:\/\/burgoa-editores.mx\/en\/wp-json\/wp\/v2\/media\/13870"}],"wp:attachment":[{"href":"https:\/\/burgoa-editores.mx\/en\/wp-json\/wp\/v2\/media?parent=13869"}],"curies":[{"name":"wp","href":"https:\/\/api.w.org\/{rel}","templated":true}]}}