{"id":13906,"date":"2022-08-31T12:42:27","date_gmt":"2022-08-31T17:42:27","guid":{"rendered":"https:\/\/burgoa-editores.mx\/?post_type=product&#038;p=13906"},"modified":"2025-11-18T00:00:50","modified_gmt":"2025-11-18T06:00:50","slug":"retos-y-expectativas-del-derecho-principalista-y-garantista","status":"publish","type":"product","link":"https:\/\/burgoa-editores.mx\/en\/product\/retos-y-expectativas-del-derecho-principalista-y-garantista\/","title":{"rendered":"RETOS Y EXPECTATIVAS DEL DERECHO PRINCIPALISTA Y GARANTISTA"},"content":{"rendered":"<p>Los d\u00edas 22 y 23 de marzo de 2022, en la Universidad An\u00e1huac Quer\u00e9taro, tuvo lugar el primer congreso de Facultades y Escuelas de Derecho de la Red Internacional de Universidades del Regnum Christi.<\/p>\n<p>Se trat\u00f3 de la primera ocasi\u00f3n en que se reunieron directivos, investigadores, profesores y estudiantes de esas Facultades y Escuelas para exponer temas relativos al Derecho como ciencia, como objeto epistemol\u00f3gico de estudio, como profesi\u00f3n y como proyecto de vida, lo cual result\u00f3 en un interesante y nutritivo intercambio de conocimientos, ideas y experiencias, que enriquecen a las instituciones participantes, desde luego; pero, tambi\u00e9n aportan mucho al Derecho, difundiendo el pensamiento y la investigaci\u00f3n de nuestras instituciones educativas.<\/p>\n<p>Los investigadores, profesores y estudiantes tuvieron la oportunidad de compartir el congreso despu\u00e9s del largo tiempo de contracci\u00f3n por la pandemia de COVID-19. Finalmente, fue una celebraci\u00f3n acad\u00e9mica de intenso entusiasmo, en la que compartieron podio juristas experimentados y estudiantes din\u00e1micos, todos explorando el campo del Derecho.<\/p>","protected":false},"excerpt":{"rendered":"<p>Los d\u00edas 22 y 23 de marzo de 2022, en&hellip;<\/p>\n<p> <a class=\"more-link\" href=\"https:\/\/burgoa-editores.mx\/en\/product\/retos-y-expectativas-del-derecho-principalista-y-garantista\/\">Read more<\/a><\/p>","protected":false},"featured_media":13908,"template":"","meta":[],"class_list":{"0":"post-13906","1":"product","2":"type-product","3":"status-publish","4":"has-post-thumbnail","6":"product_cat-libros","7":"product_tag-fiscal"},"yoast_head":"<!-- This site is optimized with the Yoast SEO plugin v14.9 - https:\/\/yoast.com\/wordpress\/plugins\/seo\/ -->\n<title>RETOS Y EXPECTATIVAS DEL DERECHO PRINCIPALISTA Y GARANTISTA - Burgoa Editores, S.A.S.<\/title>\n<meta name=\"robots\" content=\"index, follow, max-snippet:-1, max-image-preview:large, max-video-preview:-1\" \/>\n<link rel=\"canonical\" href=\"https:\/\/burgoa-editores.mx\/en\/product\/retos-y-expectativas-del-derecho-principalista-y-garantista\/\" \/>\n<meta property=\"og:locale\" content=\"en_US\" \/>\n<meta property=\"og:type\" content=\"article\" \/>\n<meta property=\"og:title\" content=\"RETOS Y EXPECTATIVAS DEL DERECHO PRINCIPALISTA Y GARANTISTA - Burgoa Editores, S.A.S.\" \/>\n<meta property=\"og:description\" content=\"Los d\u00edas 22 y 23 de marzo de 2022, en&hellip;  Read more\" \/>\n<meta property=\"og:url\" content=\"https:\/\/burgoa-editores.mx\/en\/product\/retos-y-expectativas-del-derecho-principalista-y-garantista\/\" \/>\n<meta property=\"og:site_name\" content=\"Burgoa Editores, S.A.S.\" \/>\n<meta property=\"article:publisher\" content=\"https:\/\/www.facebook.com\/BurgoaEditores\/\" \/>\n<meta property=\"article:author\" content=\"https:\/\/www.facebook.com\/BurgoaEditores\/\" \/>\n<meta property=\"article:modified_time\" content=\"2025-11-18T06:00:50+00:00\" \/>\n<meta property=\"og:image\" content=\"https:\/\/burgoa-editores.mx\/wp-content\/uploads\/2022\/08\/retos_espectativas_del_derecho.jpg\" \/>\n\t<meta property=\"og:image:width\" content=\"1728\" \/>\n\t<meta property=\"og:image:height\" content=\"2304\" \/>\n<meta name=\"twitter:card\" content=\"summary_large_image\" \/>\n<meta name=\"twitter:creator\" content=\"@burgoaeditores\" \/>\n<meta name=\"twitter:site\" content=\"@burgoaeditores\" \/>\n<script type=\"application\/ld+json\" class=\"yoast-schema-graph\">{\"@context\":\"https:\/\/schema.org\",\"@graph\":[{\"@type\":\"Organization\",\"@id\":\"https:\/\/burgoa-editores.mx\/en\/#organization\",\"name\":\"Burgoa Editores S.C.\",\"url\":\"https:\/\/burgoa-editores.mx\/en\/\",\"sameAs\":[\"https:\/\/www.facebook.com\/BurgoaEditores\/\",\"https:\/\/www.youtube.com\/channel\/UCh8cOciWHTRhTn39kZ5pFyQ\/\",\"https:\/\/twitter.com\/burgoaeditores\"],\"logo\":{\"@type\":\"ImageObject\",\"@id\":\"https:\/\/burgoa-editores.mx\/en\/#logo\",\"inLanguage\":\"en-US\",\"url\":\"https:\/\/burgoa-editores.mx\/wp-content\/uploads\/2020\/09\/Logo-Burgoa-Editores-RB-2.png\",\"width\":271,\"height\":300,\"caption\":\"Burgoa Editores S.C.\"},\"image\":{\"@id\":\"https:\/\/burgoa-editores.mx\/en\/#logo\"}},{\"@type\":\"WebSite\",\"@id\":\"https:\/\/burgoa-editores.mx\/en\/#website\",\"url\":\"https:\/\/burgoa-editores.mx\/en\/\",\"name\":\"Burgoa Editores, S.A.S.\",\"description\":\"Editorial\",\"publisher\":{\"@id\":\"https:\/\/burgoa-editores.mx\/en\/#organization\"},\"potentialAction\":[{\"@type\":\"SearchAction\",\"target\":\"https:\/\/burgoa-editores.mx\/en\/?s={search_term_string}\",\"query-input\":\"required name=search_term_string\"}],\"inLanguage\":\"en-US\"},{\"@type\":\"ImageObject\",\"@id\":\"https:\/\/burgoa-editores.mx\/producto\/retos-y-expectativas-del-derecho-principalista-y-garantista\/#primaryimage\",\"inLanguage\":\"en-US\",\"url\":\"https:\/\/burgoa-editores.mx\/wp-content\/uploads\/2022\/08\/retos_espectativas_del_derecho.jpg\",\"width\":1728,\"height\":2304},{\"@type\":\"WebPage\",\"@id\":\"https:\/\/burgoa-editores.mx\/producto\/retos-y-expectativas-del-derecho-principalista-y-garantista\/#webpage\",\"url\":\"https:\/\/burgoa-editores.mx\/producto\/retos-y-expectativas-del-derecho-principalista-y-garantista\/\",\"name\":\"RETOS Y EXPECTATIVAS DEL DERECHO PRINCIPALISTA Y GARANTISTA - Burgoa Editores, S.A.S.\",\"isPartOf\":{\"@id\":\"https:\/\/burgoa-editores.mx\/en\/#website\"},\"primaryImageOfPage\":{\"@id\":\"https:\/\/burgoa-editores.mx\/producto\/retos-y-expectativas-del-derecho-principalista-y-garantista\/#primaryimage\"},\"datePublished\":\"2022-08-31T17:42:27+00:00\",\"dateModified\":\"2025-11-18T06:00:50+00:00\",\"inLanguage\":\"en-US\",\"potentialAction\":[{\"@type\":\"ReadAction\",\"target\":[\"https:\/\/burgoa-editores.mx\/producto\/retos-y-expectativas-del-derecho-principalista-y-garantista\/\"]}]}]}<\/script>\n<!-- \/ Yoast SEO plugin. -->","_links":{"self":[{"href":"https:\/\/burgoa-editores.mx\/en\/wp-json\/wp\/v2\/product\/13906","targetHints":{"allow":["GET"]}}],"collection":[{"href":"https:\/\/burgoa-editores.mx\/en\/wp-json\/wp\/v2\/product"}],"about":[{"href":"https:\/\/burgoa-editores.mx\/en\/wp-json\/wp\/v2\/types\/product"}],"wp:featuredmedia":[{"embeddable":true,"href":"https:\/\/burgoa-editores.mx\/en\/wp-json\/wp\/v2\/media\/13908"}],"wp:attachment":[{"href":"https:\/\/burgoa-editores.mx\/en\/wp-json\/wp\/v2\/media?parent=13906"}],"curies":[{"name":"wp","href":"https:\/\/api.w.org\/{rel}","templated":true}]}}