{"id":13914,"date":"2022-09-06T17:09:24","date_gmt":"2022-09-06T22:09:24","guid":{"rendered":"https:\/\/burgoa-editores.mx\/?post_type=product&#038;p=13914"},"modified":"2025-11-18T00:00:50","modified_gmt":"2025-11-18T06:00:50","slug":"la-racionalidad-juridica","status":"publish","type":"product","link":"https:\/\/burgoa-editores.mx\/en\/product\/la-racionalidad-juridica\/","title":{"rendered":"LA RACIONALIDAD JUR\u00cdDICA"},"content":{"rendered":"<p>Los valores, sin duda, son tema de mayor complejidad a las normas escritas, comenzando porque no todos est\u00e1n positivizados en la Constituci\u00f3n. Por eso, en la pr\u00e1ctica, diversas disciplinas se suman a la opini\u00f3n de lo que dicen las normas subconstitucionales. Contadores, economistas, administradores y muchos m\u00e1s tienen una opini\u00f3n e, incluso, una interpretaci\u00f3n de lo que leen en las normas, pues se escriben en forma condicional bajo el si\u2026 entonces, haciendo f\u00e1cil la obtenci\u00f3n de conclusiones, ya que siguen una inercia l\u00f3gica. Pero no es igual cuando se arriba a temas constitucionales en donde los valores, no siempre son escritos, y a\u00fan los escritos son de estructura abierta, lo que al no estar condicionada, no establecen a precisi\u00f3n la conclusi\u00f3n que resultara, pues tienen una inercia axiol\u00f3gica, y es all\u00ed cuando se busca que, m\u00e1s all\u00e1 de la legalidad, sea racional, momento en el cual dejan de escucharse tantas voces y tantas opiniones, dado que, la racionalidad no solo reviste los actos de las autoridades y sentencias de los juzgadores sino igualmente los negocios de las empresas, los contratos entre particulares y las peticiones a las autoridades.<\/p>\n<p>La racionalidad como lo expongo en esta obra, se basa mas en la experiencia que en el conocimiento, ya que, por muchos estudios que se tengan sobre un tema, se requiere la experiencia de lo vivido en donde se ponen a prueba los conocimientos adquiridos, pero el conocimiento suficiente tambi\u00e9n es importante, lo que constituye una mezcla de alto inter\u00e9s e importancia para dar cauce a mejores decisiones, mejores planeaciones, mejores interpretaciones, mejor cumplimiento de particulares y mejor aplicaci\u00f3n por parte de las autoridades. Esto es una tarea que no es sencilla, pero es factible para todo aquel interesado, inquieto y comprometido en la racionalidad jur\u00eddica.<\/p>","protected":false},"excerpt":{"rendered":"<p>Los valores, sin duda, son tema de mayor complejidad a&hellip;<\/p>\n<p> <a class=\"more-link\" href=\"https:\/\/burgoa-editores.mx\/en\/product\/la-racionalidad-juridica\/\">Read more<\/a><\/p>","protected":false},"featured_media":13915,"template":"","meta":[],"class_list":{"0":"post-13914","1":"product","2":"type-product","3":"status-publish","4":"has-post-thumbnail","6":"product_cat-libros","7":"product_tag-fiscal"},"yoast_head":"<!-- This site is optimized with the Yoast SEO plugin v14.9 - https:\/\/yoast.com\/wordpress\/plugins\/seo\/ -->\n<title>LA RACIONALIDAD JUR\u00cdDICA - Burgoa Editores, S.A.S.<\/title>\n<meta name=\"robots\" content=\"index, follow, max-snippet:-1, max-image-preview:large, max-video-preview:-1\" \/>\n<link rel=\"canonical\" href=\"https:\/\/burgoa-editores.mx\/en\/product\/la-racionalidad-juridica\/\" \/>\n<meta property=\"og:locale\" content=\"en_US\" \/>\n<meta property=\"og:type\" content=\"article\" \/>\n<meta property=\"og:title\" content=\"LA RACIONALIDAD JUR\u00cdDICA - Burgoa Editores, S.A.S.\" \/>\n<meta property=\"og:description\" content=\"Los valores, sin duda, son tema de mayor complejidad a&hellip;  Read more\" \/>\n<meta property=\"og:url\" content=\"https:\/\/burgoa-editores.mx\/en\/product\/la-racionalidad-juridica\/\" \/>\n<meta property=\"og:site_name\" content=\"Burgoa Editores, S.A.S.\" \/>\n<meta property=\"article:publisher\" content=\"https:\/\/www.facebook.com\/BurgoaEditores\/\" \/>\n<meta property=\"article:author\" content=\"https:\/\/www.facebook.com\/BurgoaEditores\/\" \/>\n<meta property=\"article:modified_time\" content=\"2025-11-18T06:00:50+00:00\" \/>\n<meta property=\"og:image\" content=\"https:\/\/burgoa-editores.mx\/wp-content\/uploads\/2022\/09\/Racionalidad_juri.jpg\" \/>\n\t<meta property=\"og:image:width\" content=\"1728\" \/>\n\t<meta property=\"og:image:height\" content=\"2304\" \/>\n<meta name=\"twitter:card\" content=\"summary_large_image\" \/>\n<meta name=\"twitter:creator\" content=\"@burgoaeditores\" \/>\n<meta name=\"twitter:site\" content=\"@burgoaeditores\" \/>\n<script type=\"application\/ld+json\" class=\"yoast-schema-graph\">{\"@context\":\"https:\/\/schema.org\",\"@graph\":[{\"@type\":\"Organization\",\"@id\":\"https:\/\/burgoa-editores.mx\/en\/#organization\",\"name\":\"Burgoa Editores S.C.\",\"url\":\"https:\/\/burgoa-editores.mx\/en\/\",\"sameAs\":[\"https:\/\/www.facebook.com\/BurgoaEditores\/\",\"https:\/\/www.youtube.com\/channel\/UCh8cOciWHTRhTn39kZ5pFyQ\/\",\"https:\/\/twitter.com\/burgoaeditores\"],\"logo\":{\"@type\":\"ImageObject\",\"@id\":\"https:\/\/burgoa-editores.mx\/en\/#logo\",\"inLanguage\":\"en-US\",\"url\":\"https:\/\/burgoa-editores.mx\/wp-content\/uploads\/2020\/09\/Logo-Burgoa-Editores-RB-2.png\",\"width\":271,\"height\":300,\"caption\":\"Burgoa Editores S.C.\"},\"image\":{\"@id\":\"https:\/\/burgoa-editores.mx\/en\/#logo\"}},{\"@type\":\"WebSite\",\"@id\":\"https:\/\/burgoa-editores.mx\/en\/#website\",\"url\":\"https:\/\/burgoa-editores.mx\/en\/\",\"name\":\"Burgoa Editores, S.A.S.\",\"description\":\"Editorial\",\"publisher\":{\"@id\":\"https:\/\/burgoa-editores.mx\/en\/#organization\"},\"potentialAction\":[{\"@type\":\"SearchAction\",\"target\":\"https:\/\/burgoa-editores.mx\/en\/?s={search_term_string}\",\"query-input\":\"required name=search_term_string\"}],\"inLanguage\":\"en-US\"},{\"@type\":\"ImageObject\",\"@id\":\"https:\/\/burgoa-editores.mx\/producto\/la-racionalidad-juridica\/#primaryimage\",\"inLanguage\":\"en-US\",\"url\":\"https:\/\/burgoa-editores.mx\/wp-content\/uploads\/2022\/09\/Racionalidad_juri.jpg\",\"width\":1728,\"height\":2304},{\"@type\":\"WebPage\",\"@id\":\"https:\/\/burgoa-editores.mx\/producto\/la-racionalidad-juridica\/#webpage\",\"url\":\"https:\/\/burgoa-editores.mx\/producto\/la-racionalidad-juridica\/\",\"name\":\"LA RACIONALIDAD JUR\\u00cdDICA - Burgoa Editores, S.A.S.\",\"isPartOf\":{\"@id\":\"https:\/\/burgoa-editores.mx\/en\/#website\"},\"primaryImageOfPage\":{\"@id\":\"https:\/\/burgoa-editores.mx\/producto\/la-racionalidad-juridica\/#primaryimage\"},\"datePublished\":\"2022-09-06T22:09:24+00:00\",\"dateModified\":\"2025-11-18T06:00:50+00:00\",\"inLanguage\":\"en-US\",\"potentialAction\":[{\"@type\":\"ReadAction\",\"target\":[\"https:\/\/burgoa-editores.mx\/producto\/la-racionalidad-juridica\/\"]}]}]}<\/script>\n<!-- \/ Yoast SEO plugin. -->","_links":{"self":[{"href":"https:\/\/burgoa-editores.mx\/en\/wp-json\/wp\/v2\/product\/13914","targetHints":{"allow":["GET"]}}],"collection":[{"href":"https:\/\/burgoa-editores.mx\/en\/wp-json\/wp\/v2\/product"}],"about":[{"href":"https:\/\/burgoa-editores.mx\/en\/wp-json\/wp\/v2\/types\/product"}],"wp:featuredmedia":[{"embeddable":true,"href":"https:\/\/burgoa-editores.mx\/en\/wp-json\/wp\/v2\/media\/13915"}],"wp:attachment":[{"href":"https:\/\/burgoa-editores.mx\/en\/wp-json\/wp\/v2\/media?parent=13914"}],"curies":[{"name":"wp","href":"https:\/\/api.w.org\/{rel}","templated":true}]}}