{"id":13943,"date":"2022-10-07T20:34:32","date_gmt":"2022-10-08T01:34:32","guid":{"rendered":"https:\/\/burgoa-editores.mx\/?post_type=product&#038;p=13943"},"modified":"2025-11-18T00:00:49","modified_gmt":"2025-11-18T06:00:49","slug":"mitos-fiscales","status":"publish","type":"product","link":"https:\/\/burgoa-editores.mx\/en\/product\/mitos-fiscales\/","title":{"rendered":"MITOS FISCALES"},"content":{"rendered":"<p>Existen muchos temas desconocidos &#8211; es una forma de decirlo \u2013 aunque, realmente me gustar\u00eda mas decir que existen muchos temas que a\u00fan no conocemos y, por eso, la tarea de muchas obras, como \u00e9sta, que tienen la finalidad de compartir con agrado el esfuerzo de los autores que, desde el propio <em>expertise, <\/em>se suman para ayudar a entender mejor muchos de los mitos que se viven sobre determinados temas en la pr\u00e1ctica fiscal, \u00e1rea que resulta muy importante, dado el rubro econ\u00f3mico que significa para el patrimonio de todas las personas, contribuyentes y clientes.<\/p>\n<p>A diferencia de las obras que se generan a una sola voz por un solo autor, de alta val\u00eda sin duda, esta obra se genera en varias voces, en donde todos los autores cuentan con experiencia sobre el tema que abordan y, as\u00ed, sumado a la experiencia propia, se transmite en estas l\u00edneas para los lectores.<\/p>\n<p>Este es el plus que los autores de esta obra brindan, ya que, adem\u00e1s de ser una obra conjunta que re\u00fane a diversos especialistas en cada uno de los temas de la materia, lo que en si mismo ayuda ya en su desarrollo, re\u00fane no solo el conocimiento de cada punto que se aborda sino tambi\u00e9n la experiencia, lo cual en muchas ocasiones es m\u00e1s valiosa que el conocimiento mismo.<\/p>\n<p>Los temas se dividen, por practicidad en su presentaci\u00f3n, en mitos fiscales contables y mitos ficales legales, en la inercia de que algunos temas tienen mayor relaci\u00f3n con la actividad que a cada uno corresponde; sin embargo, no hay exclusividad en ello, dado que, la rama fiscal es una sola, por tanto, es solo una diferenciaci\u00f3n tentativa, pues, definitivamente, todos los temas son de inter\u00e9s y de aplicaci\u00f3n a ambas disciplinas y aun a la administraci\u00f3n y econom\u00eda donde tambi\u00e9n discurre la tributaci\u00f3n.<\/p>\n<p>En esta obra cada autor tiene algo importante que decir y compartir, apoyado en sustentos legales, antecedentes, experiencias y en ocasiones, ejemplos de actos reales de autoridades, con lo cual se enriquece m\u00e1s su contenido y el lector encontrar\u00e1 una respuesta mas fundada en la que el mito se descubre en su totalidad, dando lugar a una posibilidad de su uso pr\u00e1ctico que sume al mejor desarrollo de los temas a favor de la tributaci\u00f3n en el pa\u00eds, todo lo cual, esperamos sea de su agrado.<\/p>","protected":false},"excerpt":{"rendered":"<p>Existen muchos temas desconocidos &#8211; es una forma de decirlo&hellip;<\/p>\n<p> <a class=\"more-link\" href=\"https:\/\/burgoa-editores.mx\/en\/product\/mitos-fiscales\/\">Read more<\/a><\/p>","protected":false},"featured_media":13945,"template":"","meta":[],"class_list":{"0":"post-13943","1":"product","2":"type-product","3":"status-publish","4":"has-post-thumbnail","6":"product_cat-libros","7":"product_tag-fiscal"},"yoast_head":"<!-- This site is optimized with the Yoast SEO plugin v14.9 - https:\/\/yoast.com\/wordpress\/plugins\/seo\/ -->\n<title>MITOS FISCALES - Burgoa Editores, S.A.S.<\/title>\n<meta name=\"robots\" content=\"index, follow, max-snippet:-1, max-image-preview:large, max-video-preview:-1\" \/>\n<link rel=\"canonical\" href=\"https:\/\/burgoa-editores.mx\/en\/product\/mitos-fiscales\/\" \/>\n<meta property=\"og:locale\" content=\"en_US\" \/>\n<meta property=\"og:type\" content=\"article\" \/>\n<meta property=\"og:title\" content=\"MITOS FISCALES - Burgoa Editores, S.A.S.\" \/>\n<meta property=\"og:description\" content=\"Existen muchos temas desconocidos &#8211; es una forma de decirlo&hellip;  Read more\" \/>\n<meta property=\"og:url\" content=\"https:\/\/burgoa-editores.mx\/en\/product\/mitos-fiscales\/\" \/>\n<meta property=\"og:site_name\" content=\"Burgoa Editores, S.A.S.\" \/>\n<meta property=\"article:publisher\" content=\"https:\/\/www.facebook.com\/BurgoaEditores\/\" \/>\n<meta property=\"article:author\" content=\"https:\/\/www.facebook.com\/BurgoaEditores\/\" \/>\n<meta property=\"article:modified_time\" content=\"2025-11-18T06:00:49+00:00\" \/>\n<meta property=\"og:image\" content=\"https:\/\/burgoa-editores.mx\/wp-content\/uploads\/2022\/10\/nuevos-mitos-fiscales-768x1024.png\" \/>\n\t<meta property=\"og:image:width\" content=\"768\" \/>\n\t<meta property=\"og:image:height\" content=\"1024\" \/>\n<meta name=\"twitter:card\" content=\"summary_large_image\" \/>\n<meta name=\"twitter:creator\" content=\"@burgoaeditores\" \/>\n<meta name=\"twitter:site\" content=\"@burgoaeditores\" \/>\n<script type=\"application\/ld+json\" class=\"yoast-schema-graph\">{\"@context\":\"https:\/\/schema.org\",\"@graph\":[{\"@type\":\"Organization\",\"@id\":\"https:\/\/burgoa-editores.mx\/en\/#organization\",\"name\":\"Burgoa Editores S.C.\",\"url\":\"https:\/\/burgoa-editores.mx\/en\/\",\"sameAs\":[\"https:\/\/www.facebook.com\/BurgoaEditores\/\",\"https:\/\/www.youtube.com\/channel\/UCh8cOciWHTRhTn39kZ5pFyQ\/\",\"https:\/\/twitter.com\/burgoaeditores\"],\"logo\":{\"@type\":\"ImageObject\",\"@id\":\"https:\/\/burgoa-editores.mx\/en\/#logo\",\"inLanguage\":\"en-US\",\"url\":\"https:\/\/burgoa-editores.mx\/wp-content\/uploads\/2020\/09\/Logo-Burgoa-Editores-RB-2.png\",\"width\":271,\"height\":300,\"caption\":\"Burgoa Editores S.C.\"},\"image\":{\"@id\":\"https:\/\/burgoa-editores.mx\/en\/#logo\"}},{\"@type\":\"WebSite\",\"@id\":\"https:\/\/burgoa-editores.mx\/en\/#website\",\"url\":\"https:\/\/burgoa-editores.mx\/en\/\",\"name\":\"Burgoa Editores, S.A.S.\",\"description\":\"Editorial\",\"publisher\":{\"@id\":\"https:\/\/burgoa-editores.mx\/en\/#organization\"},\"potentialAction\":[{\"@type\":\"SearchAction\",\"target\":\"https:\/\/burgoa-editores.mx\/en\/?s={search_term_string}\",\"query-input\":\"required name=search_term_string\"}],\"inLanguage\":\"en-US\"},{\"@type\":\"ImageObject\",\"@id\":\"https:\/\/burgoa-editores.mx\/producto\/mitos-fiscales\/#primaryimage\",\"inLanguage\":\"en-US\",\"url\":\"https:\/\/burgoa-editores.mx\/wp-content\/uploads\/2022\/10\/nuevos-mitos-fiscales.png\",\"width\":1728,\"height\":2304},{\"@type\":\"WebPage\",\"@id\":\"https:\/\/burgoa-editores.mx\/producto\/mitos-fiscales\/#webpage\",\"url\":\"https:\/\/burgoa-editores.mx\/producto\/mitos-fiscales\/\",\"name\":\"MITOS FISCALES - Burgoa Editores, S.A.S.\",\"isPartOf\":{\"@id\":\"https:\/\/burgoa-editores.mx\/en\/#website\"},\"primaryImageOfPage\":{\"@id\":\"https:\/\/burgoa-editores.mx\/producto\/mitos-fiscales\/#primaryimage\"},\"datePublished\":\"2022-10-08T01:34:32+00:00\",\"dateModified\":\"2025-11-18T06:00:49+00:00\",\"inLanguage\":\"en-US\",\"potentialAction\":[{\"@type\":\"ReadAction\",\"target\":[\"https:\/\/burgoa-editores.mx\/producto\/mitos-fiscales\/\"]}]}]}<\/script>\n<!-- \/ Yoast SEO plugin. -->","_links":{"self":[{"href":"https:\/\/burgoa-editores.mx\/en\/wp-json\/wp\/v2\/product\/13943","targetHints":{"allow":["GET"]}}],"collection":[{"href":"https:\/\/burgoa-editores.mx\/en\/wp-json\/wp\/v2\/product"}],"about":[{"href":"https:\/\/burgoa-editores.mx\/en\/wp-json\/wp\/v2\/types\/product"}],"wp:featuredmedia":[{"embeddable":true,"href":"https:\/\/burgoa-editores.mx\/en\/wp-json\/wp\/v2\/media\/13945"}],"wp:attachment":[{"href":"https:\/\/burgoa-editores.mx\/en\/wp-json\/wp\/v2\/media?parent=13943"}],"curies":[{"name":"wp","href":"https:\/\/api.w.org\/{rel}","templated":true}]}}