{"id":13961,"date":"2022-11-16T15:28:50","date_gmt":"2022-11-16T21:28:50","guid":{"rendered":"https:\/\/burgoa-editores.mx\/?post_type=product&#038;p=13961"},"modified":"2025-11-18T00:00:49","modified_gmt":"2025-11-18T06:00:49","slug":"el-deesafio-ambiental-en-el-mundo","status":"publish","type":"product","link":"https:\/\/burgoa-editores.mx\/en\/product\/el-deesafio-ambiental-en-el-mundo\/","title":{"rendered":"EL DEESAF\u00cdO AMBIENTAL EN EL MUNDO"},"content":{"rendered":"<p>El tema ambiental alcanz\u00f3 nivel pol\u00edtico internacional reci\u00e9n en la d\u00e9cada de los setenta del siglo pasado. Las naciones con medios para influir en otras usan los temas ambientales como asuntos de derechos humanos, para tratar de presionar de acuerdo a alg\u00fan inter\u00e9s pol\u00edtico, pero no realmente para proteger la \u00fanica naturaleza que tenemos.<\/p>\n<p>Por ello, los problemas relacionados con el medio ambiente han ido en aumento a\u00f1o tras a\u00f1o, tanto los nuevos retos a los que debemos hacer frente como la magnitud de los que tenemos.<\/p>\n<p>Este libro naci\u00f3 con la intenci\u00f3n de aclarar nuestras posibilidades, tantas cosas que debemos hacer, como insistir en todos los campos de la actividad social en las cuestiones ambientales como una preocupaci\u00f3n humana; exigir a las personas de poder, pol\u00edtico y econ\u00f3mico, que tomen en serio, con alta convicci\u00f3n, la preservaci\u00f3n del planeta; desarrollar una \u00e9tica ambiental; investigar sobre los aspectos ambientales, solo a trav\u00e9s del conocimiento podremos lograr la aut\u00e9ntica preservaci\u00f3n de la vida en nuestro mundo.<\/p>\n<p>\u00a1Disfruta de esta fuente de conocimiento!<\/p>\n<p>The environmental issue reached international political level only in the seventies of the last century. Nations with means to influence others use environmental issues as human rights issues, to try to push according to some political interest, but not really to protect the only nature we have.<\/p>\n<p>Therefore, the problems related to the environment have been increasing year after year, both the new challenges that we must face and the magnitude of the ones we have.<\/p>\n<p>This book was born with the intention of clarifying our possibilities, so many things that we must do, such as insisting in all fields of social activity on environmental issues as a human concern; demand that people in power, political and economic, take seriously, with high conviction, the preservation of the planet; develop an environmental ethic; research on environmental aspects, only through knowledge can we achieve the authentic preservation of life in our world.<\/p>\n<p>Enjoy this source of knowledge!<\/p>","protected":false},"excerpt":{"rendered":"<p>El tema ambiental alcanz\u00f3 nivel pol\u00edtico internacional reci\u00e9n en la&hellip;<\/p>\n<p> <a class=\"more-link\" href=\"https:\/\/burgoa-editores.mx\/en\/product\/el-deesafio-ambiental-en-el-mundo\/\">Read more<\/a><\/p>","protected":false},"featured_media":13962,"template":"","meta":[],"class_list":{"0":"post-13961","1":"product","2":"type-product","3":"status-publish","4":"has-post-thumbnail","6":"product_cat-libros","7":"product_tag-fiscal"},"yoast_head":"<!-- This site is optimized with the Yoast SEO plugin v14.9 - https:\/\/yoast.com\/wordpress\/plugins\/seo\/ -->\n<title>EL DEESAF\u00cdO AMBIENTAL EN EL MUNDO - Burgoa Editores, S.A.S.<\/title>\n<meta name=\"robots\" content=\"index, follow, max-snippet:-1, max-image-preview:large, max-video-preview:-1\" \/>\n<link rel=\"canonical\" href=\"https:\/\/burgoa-editores.mx\/en\/product\/el-deesafio-ambiental-en-el-mundo\/\" \/>\n<meta property=\"og:locale\" content=\"en_US\" \/>\n<meta property=\"og:type\" content=\"article\" \/>\n<meta property=\"og:title\" content=\"EL DEESAF\u00cdO AMBIENTAL EN EL MUNDO - Burgoa Editores, S.A.S.\" \/>\n<meta property=\"og:description\" content=\"El tema ambiental alcanz\u00f3 nivel pol\u00edtico internacional reci\u00e9n en la&hellip;  Read more\" \/>\n<meta property=\"og:url\" content=\"https:\/\/burgoa-editores.mx\/en\/product\/el-deesafio-ambiental-en-el-mundo\/\" \/>\n<meta property=\"og:site_name\" content=\"Burgoa Editores, S.A.S.\" \/>\n<meta property=\"article:publisher\" content=\"https:\/\/www.facebook.com\/BurgoaEditores\/\" \/>\n<meta property=\"article:author\" content=\"https:\/\/www.facebook.com\/BurgoaEditores\/\" \/>\n<meta property=\"article:modified_time\" content=\"2025-11-18T06:00:49+00:00\" \/>\n<meta property=\"og:image\" content=\"https:\/\/burgoa-editores.mx\/wp-content\/uploads\/2022\/11\/EL_DESAFIO_AMBIENTAL.jpg\" \/>\n\t<meta property=\"og:image:width\" content=\"1728\" \/>\n\t<meta property=\"og:image:height\" content=\"2304\" \/>\n<meta name=\"twitter:card\" content=\"summary_large_image\" \/>\n<meta name=\"twitter:creator\" content=\"@burgoaeditores\" \/>\n<meta name=\"twitter:site\" content=\"@burgoaeditores\" \/>\n<script type=\"application\/ld+json\" class=\"yoast-schema-graph\">{\"@context\":\"https:\/\/schema.org\",\"@graph\":[{\"@type\":\"Organization\",\"@id\":\"https:\/\/burgoa-editores.mx\/en\/#organization\",\"name\":\"Burgoa Editores S.C.\",\"url\":\"https:\/\/burgoa-editores.mx\/en\/\",\"sameAs\":[\"https:\/\/www.facebook.com\/BurgoaEditores\/\",\"https:\/\/www.youtube.com\/channel\/UCh8cOciWHTRhTn39kZ5pFyQ\/\",\"https:\/\/twitter.com\/burgoaeditores\"],\"logo\":{\"@type\":\"ImageObject\",\"@id\":\"https:\/\/burgoa-editores.mx\/en\/#logo\",\"inLanguage\":\"en-US\",\"url\":\"https:\/\/burgoa-editores.mx\/wp-content\/uploads\/2020\/09\/Logo-Burgoa-Editores-RB-2.png\",\"width\":271,\"height\":300,\"caption\":\"Burgoa Editores S.C.\"},\"image\":{\"@id\":\"https:\/\/burgoa-editores.mx\/en\/#logo\"}},{\"@type\":\"WebSite\",\"@id\":\"https:\/\/burgoa-editores.mx\/en\/#website\",\"url\":\"https:\/\/burgoa-editores.mx\/en\/\",\"name\":\"Burgoa Editores, S.A.S.\",\"description\":\"Editorial\",\"publisher\":{\"@id\":\"https:\/\/burgoa-editores.mx\/en\/#organization\"},\"potentialAction\":[{\"@type\":\"SearchAction\",\"target\":\"https:\/\/burgoa-editores.mx\/en\/?s={search_term_string}\",\"query-input\":\"required name=search_term_string\"}],\"inLanguage\":\"en-US\"},{\"@type\":\"ImageObject\",\"@id\":\"https:\/\/burgoa-editores.mx\/producto\/el-deesafio-ambiental-en-el-mundo\/#primaryimage\",\"inLanguage\":\"en-US\",\"url\":\"https:\/\/burgoa-editores.mx\/wp-content\/uploads\/2022\/11\/EL_DESAFIO_AMBIENTAL.jpg\",\"width\":1728,\"height\":2304},{\"@type\":\"WebPage\",\"@id\":\"https:\/\/burgoa-editores.mx\/producto\/el-deesafio-ambiental-en-el-mundo\/#webpage\",\"url\":\"https:\/\/burgoa-editores.mx\/producto\/el-deesafio-ambiental-en-el-mundo\/\",\"name\":\"EL DEESAF\\u00cdO AMBIENTAL EN EL MUNDO - Burgoa Editores, S.A.S.\",\"isPartOf\":{\"@id\":\"https:\/\/burgoa-editores.mx\/en\/#website\"},\"primaryImageOfPage\":{\"@id\":\"https:\/\/burgoa-editores.mx\/producto\/el-deesafio-ambiental-en-el-mundo\/#primaryimage\"},\"datePublished\":\"2022-11-16T21:28:50+00:00\",\"dateModified\":\"2025-11-18T06:00:49+00:00\",\"inLanguage\":\"en-US\",\"potentialAction\":[{\"@type\":\"ReadAction\",\"target\":[\"https:\/\/burgoa-editores.mx\/producto\/el-deesafio-ambiental-en-el-mundo\/\"]}]}]}<\/script>\n<!-- \/ Yoast SEO plugin. -->","_links":{"self":[{"href":"https:\/\/burgoa-editores.mx\/en\/wp-json\/wp\/v2\/product\/13961","targetHints":{"allow":["GET"]}}],"collection":[{"href":"https:\/\/burgoa-editores.mx\/en\/wp-json\/wp\/v2\/product"}],"about":[{"href":"https:\/\/burgoa-editores.mx\/en\/wp-json\/wp\/v2\/types\/product"}],"wp:featuredmedia":[{"embeddable":true,"href":"https:\/\/burgoa-editores.mx\/en\/wp-json\/wp\/v2\/media\/13962"}],"wp:attachment":[{"href":"https:\/\/burgoa-editores.mx\/en\/wp-json\/wp\/v2\/media?parent=13961"}],"curies":[{"name":"wp","href":"https:\/\/api.w.org\/{rel}","templated":true}]}}