{"id":13979,"date":"2022-12-16T12:07:17","date_gmt":"2022-12-16T18:07:17","guid":{"rendered":"https:\/\/burgoa-editores.mx\/?post_type=product&#038;p=13979"},"modified":"2025-11-18T00:00:48","modified_gmt":"2025-11-18T06:00:48","slug":"principios-y-conceptos-fiscales-fundamentales","status":"publish","type":"product","link":"https:\/\/burgoa-editores.mx\/en\/product\/principios-y-conceptos-fiscales-fundamentales\/","title":{"rendered":"PRINCIPIOS Y CONCEPTOS FISCALES FUNDAMENTALES"},"content":{"rendered":"<p>En los Estados actuales, no siempre son los gobiernos quienes ponen las \u201ccondiciones del juego\u201d a la econom\u00eda, como sol\u00eda ser en anta\u00f1o, sino, por el contrario, es la econom\u00eda quien establece las condiciones a los Estados, acordando en donde depositar\u00e1n sus capitales para forzar las decisiones de la pol\u00edtica.<\/p>\n<p>La parte fiscal no escapa de dicho embate y, es por ello que, determinadas legislaciones mundiales prefieren flexibilizarse y terminar siendo para\u00edsos fiscales para dar espacio a la dominaci\u00f3n econ\u00f3mica de los pa\u00edses fuertes, mientras que, otros toman una postura contraria y prefieren hacer m\u00e1s r\u00edgida su legislaci\u00f3n para dar acceso a los beneficios fiscales solo a aquellos que puedan cubrir \u2013 y que de antemano se sabe que cubrir\u00e1n \u2013 los altos requisitos legales que, previamente modificados, establece la ley.<\/p>\n<p>Aqu\u00ed, es importante ver que la regulaci\u00f3n normativa solo puede arribar a las consecuencias de los actos de las personas, mas no al inicio de sus decisiones, dado que, la libertad contractual es un derecho fundamental, cuenta con el beneficio de indisponibilidad pasiva, es decir, de terceros incluyentes al Estado, y de disponibilidad activa de su propio titular. En tal sentido, la toma de decisiones, econ\u00f3micamente hablando, es libre para todas las personas y al Estado \u00fanicamente le corresponde acotar los l\u00edmites de sus efectos, en tanto no afecten el derecho de terceros o constituyan il\u00edcitos, considerados as\u00ed por la legislaci\u00f3n local. Es qui en donde los principios son importantes, ya que, ser\u00e1n el l\u00edmite y lineamiento para la toma de decisiones, tanto administrativas como legislativas.<\/p>\n<p>Los principios, en tal sentido, tienen una estructura y una funci\u00f3n que debe ser conocida en su totalidad, aunado a que pueden ser propios de diversas disciplinas, por eso, esta obra se divide en tres partes: la primera se enfoca en los principios jur\u00eddicos o constitucionales que se encuentran e el art\u00edculo31 fracci\u00f3n IV de la Constituci\u00f3n, en donde se advierten la proporcionalidad, equidad, legalidad y destino al gasto p\u00fablico; la segunda parte se enfoca a los principios \u00e9tico \u2013 pol\u00edticos, en donde se encuentran los principios econ\u00f3micos y se refieren a la extrafiscalidad, simetr\u00eda fiscal y el m\u00ednimo vital; para pasar, finalmente, a los principios presupuestarios en donde se encuentra la certidumbre jur\u00eddica, la oportunidad, la rentabilidad y la estabilidad para la finanzas p\u00fablicas.<\/p>","protected":false},"excerpt":{"rendered":"<p>En los Estados actuales, no siempre son los gobiernos quienes&hellip;<\/p>\n<p> <a class=\"more-link\" href=\"https:\/\/burgoa-editores.mx\/en\/product\/principios-y-conceptos-fiscales-fundamentales\/\">Read more<\/a><\/p>","protected":false},"featured_media":13980,"template":"","meta":[],"class_list":{"0":"post-13979","1":"product","2":"type-product","3":"status-publish","4":"has-post-thumbnail","6":"product_cat-libros","7":"product_tag-fiscal"},"yoast_head":"<!-- This site is optimized with the Yoast SEO plugin v14.9 - https:\/\/yoast.com\/wordpress\/plugins\/seo\/ -->\n<title>PRINCIPIOS Y CONCEPTOS FISCALES FUNDAMENTALES - Burgoa Editores, S.A.S.<\/title>\n<meta name=\"robots\" content=\"index, follow, max-snippet:-1, max-image-preview:large, max-video-preview:-1\" \/>\n<link rel=\"canonical\" href=\"https:\/\/burgoa-editores.mx\/en\/product\/principios-y-conceptos-fiscales-fundamentales\/\" \/>\n<meta property=\"og:locale\" content=\"en_US\" \/>\n<meta property=\"og:type\" content=\"article\" \/>\n<meta property=\"og:title\" content=\"PRINCIPIOS Y CONCEPTOS FISCALES FUNDAMENTALES - Burgoa Editores, S.A.S.\" \/>\n<meta property=\"og:description\" content=\"En los Estados actuales, no siempre son los gobiernos quienes&hellip;  Read more\" \/>\n<meta property=\"og:url\" content=\"https:\/\/burgoa-editores.mx\/en\/product\/principios-y-conceptos-fiscales-fundamentales\/\" \/>\n<meta property=\"og:site_name\" content=\"Burgoa Editores, S.A.S.\" \/>\n<meta property=\"article:publisher\" content=\"https:\/\/www.facebook.com\/BurgoaEditores\/\" \/>\n<meta property=\"article:author\" content=\"https:\/\/www.facebook.com\/BurgoaEditores\/\" \/>\n<meta property=\"article:modified_time\" content=\"2025-11-18T06:00:48+00:00\" \/>\n<meta property=\"og:image\" content=\"https:\/\/burgoa-editores.mx\/wp-content\/uploads\/2022\/12\/PRINCIPIOS-Y-CONCEPTOS-768x1024.png\" \/>\n\t<meta property=\"og:image:width\" content=\"768\" \/>\n\t<meta property=\"og:image:height\" content=\"1024\" \/>\n<meta name=\"twitter:card\" content=\"summary_large_image\" \/>\n<meta name=\"twitter:creator\" content=\"@burgoaeditores\" \/>\n<meta name=\"twitter:site\" content=\"@burgoaeditores\" \/>\n<script type=\"application\/ld+json\" class=\"yoast-schema-graph\">{\"@context\":\"https:\/\/schema.org\",\"@graph\":[{\"@type\":\"Organization\",\"@id\":\"https:\/\/burgoa-editores.mx\/en\/#organization\",\"name\":\"Burgoa Editores S.C.\",\"url\":\"https:\/\/burgoa-editores.mx\/en\/\",\"sameAs\":[\"https:\/\/www.facebook.com\/BurgoaEditores\/\",\"https:\/\/www.youtube.com\/channel\/UCh8cOciWHTRhTn39kZ5pFyQ\/\",\"https:\/\/twitter.com\/burgoaeditores\"],\"logo\":{\"@type\":\"ImageObject\",\"@id\":\"https:\/\/burgoa-editores.mx\/en\/#logo\",\"inLanguage\":\"en-US\",\"url\":\"https:\/\/burgoa-editores.mx\/wp-content\/uploads\/2020\/09\/Logo-Burgoa-Editores-RB-2.png\",\"width\":271,\"height\":300,\"caption\":\"Burgoa Editores S.C.\"},\"image\":{\"@id\":\"https:\/\/burgoa-editores.mx\/en\/#logo\"}},{\"@type\":\"WebSite\",\"@id\":\"https:\/\/burgoa-editores.mx\/en\/#website\",\"url\":\"https:\/\/burgoa-editores.mx\/en\/\",\"name\":\"Burgoa Editores, S.A.S.\",\"description\":\"Editorial\",\"publisher\":{\"@id\":\"https:\/\/burgoa-editores.mx\/en\/#organization\"},\"potentialAction\":[{\"@type\":\"SearchAction\",\"target\":\"https:\/\/burgoa-editores.mx\/en\/?s={search_term_string}\",\"query-input\":\"required name=search_term_string\"}],\"inLanguage\":\"en-US\"},{\"@type\":\"ImageObject\",\"@id\":\"https:\/\/burgoa-editores.mx\/producto\/principios-y-conceptos-fiscales-fundamentales\/#primaryimage\",\"inLanguage\":\"en-US\",\"url\":\"https:\/\/burgoa-editores.mx\/wp-content\/uploads\/2022\/12\/PRINCIPIOS-Y-CONCEPTOS.png\",\"width\":1728,\"height\":2304},{\"@type\":\"WebPage\",\"@id\":\"https:\/\/burgoa-editores.mx\/producto\/principios-y-conceptos-fiscales-fundamentales\/#webpage\",\"url\":\"https:\/\/burgoa-editores.mx\/producto\/principios-y-conceptos-fiscales-fundamentales\/\",\"name\":\"PRINCIPIOS Y CONCEPTOS FISCALES FUNDAMENTALES - Burgoa Editores, S.A.S.\",\"isPartOf\":{\"@id\":\"https:\/\/burgoa-editores.mx\/en\/#website\"},\"primaryImageOfPage\":{\"@id\":\"https:\/\/burgoa-editores.mx\/producto\/principios-y-conceptos-fiscales-fundamentales\/#primaryimage\"},\"datePublished\":\"2022-12-16T18:07:17+00:00\",\"dateModified\":\"2025-11-18T06:00:48+00:00\",\"inLanguage\":\"en-US\",\"potentialAction\":[{\"@type\":\"ReadAction\",\"target\":[\"https:\/\/burgoa-editores.mx\/producto\/principios-y-conceptos-fiscales-fundamentales\/\"]}]}]}<\/script>\n<!-- \/ Yoast SEO plugin. -->","_links":{"self":[{"href":"https:\/\/burgoa-editores.mx\/en\/wp-json\/wp\/v2\/product\/13979","targetHints":{"allow":["GET"]}}],"collection":[{"href":"https:\/\/burgoa-editores.mx\/en\/wp-json\/wp\/v2\/product"}],"about":[{"href":"https:\/\/burgoa-editores.mx\/en\/wp-json\/wp\/v2\/types\/product"}],"wp:featuredmedia":[{"embeddable":true,"href":"https:\/\/burgoa-editores.mx\/en\/wp-json\/wp\/v2\/media\/13980"}],"wp:attachment":[{"href":"https:\/\/burgoa-editores.mx\/en\/wp-json\/wp\/v2\/media?parent=13979"}],"curies":[{"name":"wp","href":"https:\/\/api.w.org\/{rel}","templated":true}]}}