{"id":14040,"date":"2023-01-30T14:37:21","date_gmt":"2023-01-30T20:37:21","guid":{"rendered":"https:\/\/burgoa-editores.mx\/?post_type=product&#038;p=14040"},"modified":"2026-04-27T01:01:54","modified_gmt":"2026-04-27T06:01:54","slug":"reforma-fiscal-2023","status":"publish","type":"product","link":"https:\/\/burgoa-editores.mx\/en\/product\/reforma-fiscal-2023\/","title":{"rendered":"REFORMA FISCAL 2023"},"content":{"rendered":"<p>\u00bfQui\u00e9n gana mas en 2023 con la reforma fiscal 2022? \u00bfQu\u00e9 ha estimulado mas el legislador fiscal, que se deba dinero o finanzas sanas? \u00bfVerdaderamente ver\u00e1 ensanchados sus bolsillos la hacienda p\u00fablica o ver\u00e1 perder ingresos por la no-acumulaci\u00f3n de ingresos de los deudores, ya que el informe no le dar\u00e1 el acreedor al SAT, sino hasta que proceda la deducci\u00f3n a\u00f1os despu\u00e9s de iniciado un juicio? \u00bfEsta medida hace palmario el valor que -como principio- tiene el gasto p\u00fablico? \u00bfSe pens\u00f3 verdaderamente en los dos extremos de la medida tomada? \u00bfSe pens\u00f3 constitucionalmente -gasto p\u00fablico y crecimiento econ\u00f3mico- antes que pensar tributariamente -no procedencia de deducciones-? \u00bfEsta es la progresividad a que se obligan todas las autoridades con el tercer p\u00e1rrafo del art\u00edculo 1\u00ba constitucional o queda solo en papel?<\/p>\n<p>Quiz\u00e1 lo que parece bueno en el momento -no deducci\u00f3n de cr\u00e9ditos incobrables- no sea igualmente bueno a futuro -no acumulaci\u00f3n de cr\u00e9ditos incobrables-. Y, lo mismo aplica para cualquier tema en donde no siempre el presente -no deducci\u00f3n de CFDI \u00b4s para EDOS y no acreditamiento de IVA para quienes pagan con compensaci\u00f3n civil- da el mismo resultado a futuro -no acumulaci\u00f3n de CFDI \u2018s para EFOS y no IVA trasladado para proveedores en compensaci\u00f3n civil-.<\/p>\n<p>Bajo un an\u00e1lisis exhaustivo, los autores -practicantes, catedr\u00e1ticos y miembros o exmiembros de autoridades- con base en su experiencia, comentan los temas m\u00e1s relevantes para 2023, tanto en la referencia econ\u00f3mica, como en la referencia impositiva que ata\u00f1e a cada una de las contribuciones que se conocen y se enfrentan d\u00eda a d\u00eda. Con textos que no son simple par\u00e1frasis de las normas, ni repetici\u00f3n de lo dicho por tribunales, sino un estudio sustancial de los temas que se abordan, los autores llevan los contenidos con reflexi\u00f3n que discurre no solo en el concepto, sino, principalmente, en su uso diario, con la bondad de ser expuestos de manera sencilla, sin arribar a complejidades de lectura a fin de que puedan ser accesibles para su comprensi\u00f3n.<\/p>\n<p><em>Reforma fiscal 2023, <\/em>en un reto no solo en lo acad\u00e9mico o el estudio, sino, igualmente en lo pr\u00e1ctico, ya que, ante la falta de un texto no debe adoptarse la medida c\u00f3moda sino la medida proactiva para atender los temas de manera puntual y reordenar, de ser el caso, los esquemas de negocio, la practica diaria y el comportamiento tributario de todo contribuyente, retos que se generan a\u00f1o con a\u00f1o y que en 2023 se recrudecen dado el \u00e1mbito que se vive a nivel nacional e internacional y, del cual, \u00e9sta obra se suma para afrontarlo y abordarlo debidamente, al margen de la ley y con el conocimiento adecuado de los autores.<\/p>","protected":false},"excerpt":{"rendered":"<p>\u00bfQui\u00e9n gana mas en 2023 con la reforma fiscal 2022?&hellip;<\/p>\n<p> <a class=\"more-link\" href=\"https:\/\/burgoa-editores.mx\/en\/product\/reforma-fiscal-2023\/\">Read more<\/a><\/p>","protected":false},"featured_media":14041,"template":"","meta":[],"class_list":{"0":"post-14040","1":"product","2":"type-product","3":"status-publish","4":"has-post-thumbnail","6":"product_cat-libros","7":"product_tag-fiscal"},"yoast_head":"<!-- This site is optimized with the Yoast SEO plugin v14.9 - https:\/\/yoast.com\/wordpress\/plugins\/seo\/ -->\n<title>REFORMA FISCAL 2023 - Burgoa Editores, S.A.S.<\/title>\n<meta name=\"robots\" content=\"index, follow, max-snippet:-1, max-image-preview:large, max-video-preview:-1\" \/>\n<link rel=\"canonical\" href=\"https:\/\/burgoa-editores.mx\/en\/product\/reforma-fiscal-2023\/\" \/>\n<meta property=\"og:locale\" content=\"en_US\" \/>\n<meta property=\"og:type\" content=\"article\" \/>\n<meta property=\"og:title\" content=\"REFORMA FISCAL 2023 - Burgoa Editores, S.A.S.\" \/>\n<meta property=\"og:description\" content=\"\u00bfQui\u00e9n gana mas en 2023 con la reforma fiscal 2022?&hellip;  Read more\" \/>\n<meta property=\"og:url\" content=\"https:\/\/burgoa-editores.mx\/en\/product\/reforma-fiscal-2023\/\" \/>\n<meta property=\"og:site_name\" content=\"Burgoa Editores, S.A.S.\" \/>\n<meta property=\"article:publisher\" content=\"https:\/\/www.facebook.com\/BurgoaEditores\/\" \/>\n<meta property=\"article:author\" content=\"https:\/\/www.facebook.com\/BurgoaEditores\/\" \/>\n<meta property=\"article:modified_time\" content=\"2026-04-27T06:01:54+00:00\" \/>\n<meta property=\"og:image\" content=\"https:\/\/burgoa-editores.mx\/wp-content\/uploads\/2023\/01\/REFORMA-FISCAL-2023D-768x1024.png\" \/>\n\t<meta property=\"og:image:width\" content=\"768\" \/>\n\t<meta property=\"og:image:height\" content=\"1024\" \/>\n<meta name=\"twitter:card\" content=\"summary_large_image\" \/>\n<meta name=\"twitter:creator\" content=\"@burgoaeditores\" \/>\n<meta name=\"twitter:site\" content=\"@burgoaeditores\" \/>\n<script type=\"application\/ld+json\" class=\"yoast-schema-graph\">{\"@context\":\"https:\/\/schema.org\",\"@graph\":[{\"@type\":\"Organization\",\"@id\":\"https:\/\/burgoa-editores.mx\/en\/#organization\",\"name\":\"Burgoa Editores S.C.\",\"url\":\"https:\/\/burgoa-editores.mx\/en\/\",\"sameAs\":[\"https:\/\/www.facebook.com\/BurgoaEditores\/\",\"https:\/\/www.youtube.com\/channel\/UCh8cOciWHTRhTn39kZ5pFyQ\/\",\"https:\/\/twitter.com\/burgoaeditores\"],\"logo\":{\"@type\":\"ImageObject\",\"@id\":\"https:\/\/burgoa-editores.mx\/en\/#logo\",\"inLanguage\":\"en-US\",\"url\":\"https:\/\/burgoa-editores.mx\/wp-content\/uploads\/2020\/09\/Logo-Burgoa-Editores-RB-2.png\",\"width\":271,\"height\":300,\"caption\":\"Burgoa Editores S.C.\"},\"image\":{\"@id\":\"https:\/\/burgoa-editores.mx\/en\/#logo\"}},{\"@type\":\"WebSite\",\"@id\":\"https:\/\/burgoa-editores.mx\/en\/#website\",\"url\":\"https:\/\/burgoa-editores.mx\/en\/\",\"name\":\"Burgoa Editores, S.A.S.\",\"description\":\"Editorial\",\"publisher\":{\"@id\":\"https:\/\/burgoa-editores.mx\/en\/#organization\"},\"potentialAction\":[{\"@type\":\"SearchAction\",\"target\":\"https:\/\/burgoa-editores.mx\/en\/?s={search_term_string}\",\"query-input\":\"required name=search_term_string\"}],\"inLanguage\":\"en-US\"},{\"@type\":\"ImageObject\",\"@id\":\"https:\/\/burgoa-editores.mx\/producto\/reforma-fiscal-2023\/#primaryimage\",\"inLanguage\":\"en-US\",\"url\":\"https:\/\/burgoa-editores.mx\/wp-content\/uploads\/2023\/01\/REFORMA-FISCAL-2023D.png\",\"width\":1728,\"height\":2304},{\"@type\":\"WebPage\",\"@id\":\"https:\/\/burgoa-editores.mx\/producto\/reforma-fiscal-2023\/#webpage\",\"url\":\"https:\/\/burgoa-editores.mx\/producto\/reforma-fiscal-2023\/\",\"name\":\"REFORMA FISCAL 2023 - Burgoa Editores, S.A.S.\",\"isPartOf\":{\"@id\":\"https:\/\/burgoa-editores.mx\/en\/#website\"},\"primaryImageOfPage\":{\"@id\":\"https:\/\/burgoa-editores.mx\/producto\/reforma-fiscal-2023\/#primaryimage\"},\"datePublished\":\"2023-01-30T20:37:21+00:00\",\"dateModified\":\"2026-04-27T06:01:54+00:00\",\"inLanguage\":\"en-US\",\"potentialAction\":[{\"@type\":\"ReadAction\",\"target\":[\"https:\/\/burgoa-editores.mx\/producto\/reforma-fiscal-2023\/\"]}]}]}<\/script>\n<!-- \/ Yoast SEO plugin. -->","_links":{"self":[{"href":"https:\/\/burgoa-editores.mx\/en\/wp-json\/wp\/v2\/product\/14040","targetHints":{"allow":["GET"]}}],"collection":[{"href":"https:\/\/burgoa-editores.mx\/en\/wp-json\/wp\/v2\/product"}],"about":[{"href":"https:\/\/burgoa-editores.mx\/en\/wp-json\/wp\/v2\/types\/product"}],"wp:featuredmedia":[{"embeddable":true,"href":"https:\/\/burgoa-editores.mx\/en\/wp-json\/wp\/v2\/media\/14041"}],"wp:attachment":[{"href":"https:\/\/burgoa-editores.mx\/en\/wp-json\/wp\/v2\/media?parent=14040"}],"curies":[{"name":"wp","href":"https:\/\/api.w.org\/{rel}","templated":true}]}}