{"id":14069,"date":"2023-03-08T12:53:05","date_gmt":"2023-03-08T18:53:05","guid":{"rendered":"https:\/\/burgoa-editores.mx\/?post_type=product&#038;p=14069"},"modified":"2025-11-18T00:00:48","modified_gmt":"2025-11-18T06:00:48","slug":"medidas-cautelares","status":"publish","type":"product","link":"https:\/\/burgoa-editores.mx\/en\/product\/medidas-cautelares\/","title":{"rendered":"MEDIDAS CAUTELARES"},"content":{"rendered":"<p>Si el lector esta intrigado por el t\u00edtulo de la presente obra y duda cual puede ser su contenido, perm\u00edtame confundirlo un poco m\u00e1s: haga usted tres columnas con los siguientes conceptos e intente combinar el primer concepto de la primera columna con todos y cada uno de los conceptos de la segunda columna y cada combinaci\u00f3n resultante comb\u00ednela con cada uno de los conceptos de la columna tercera. Acabar\u00e1 usted con cerca de cien frases:<\/p>\n<p>&nbsp;<\/p>\n<table width=\"436\">\n<tbody>\n<tr>\n<td width=\"145\">Medidas<\/td>\n<td width=\"145\">Cautelares<\/td>\n<td width=\"145\">Negativas<\/td>\n<\/tr>\n<tr>\n<td width=\"145\">Medidas<\/td>\n<td width=\"145\">Preventivas<\/td>\n<td width=\"145\">Definitivas<\/td>\n<\/tr>\n<tr>\n<td width=\"145\">Providencias<\/td>\n<td width=\"145\">Precautorias<\/td>\n<td width=\"145\">Temporales<\/td>\n<\/tr>\n<tr>\n<td width=\"145\">Resoluciones<\/td>\n<td width=\"145\">Preparatorias<\/td>\n<td width=\"145\">Innominadas<\/td>\n<\/tr>\n<tr>\n<td width=\"145\"><\/td>\n<td width=\"145\">Conservativas<\/td>\n<td width=\"145\">Provisionales<\/td>\n<\/tr>\n<\/tbody>\n<\/table>\n<p>&nbsp;<\/p>\n<p>A cada una de estas frases resultantes les podr\u00e1 atribuir, sin duda, un sentido jur\u00eddico, pero, si le piden que defina todas y cada una de ellas, va a encontrarse que muchas ser\u00e1n similares y le costar\u00e1 mucho trabajo\u00a0 precisar los conceptos b\u00e1sicos a que se refiere la materia y, mucho m\u00e1s, encontrarles una ubicaci\u00f3n precisa en el universo del Derecho Procesal.<\/p>\n<p>Esta es la tarea a la cual se dedicaron autores como Chiovenda, Calamandrei y Carnelutti en la doctrina general y ahora Jesus Moreno emprende dentro del terreno del Derecho Procesal en M\u00e9xico.<\/p>\n<p>Las medidas cautelares son indispensables para evitar que se haga in\u00fatil la sentencia de fondo y, por el contrario, lograr que la misma tenga eficacia pr\u00e1ctica, esto es, que se cercioren del seguro acatamiento de la sentencia definitiva que resuelva el proceso.<\/p>","protected":false},"excerpt":{"rendered":"<p><a href=\"https:\/\/www.amazon.com.mx\/dp\/B0BXTDXBS3\/ref=sr_1_1?__mk_es_MX=%C3%85M%C3%85%C5%BD%C3%95%C3%91&amp;crid=OTQSZPBHOTO4&amp;keywords=MEDIDAS+CAUTELARES+burgoa&amp;qid=1678320885&amp;sprefix=medidas+cautelares+burgoa%2Caps%2C233&amp;sr=8-1\" target=\"_blank\" rel=\"noopener noreferrer\"><img loading=\"lazy\" decoding=\"async\" class=\"alignnone wp-image-13486 size-full\" src=\"https:\/\/burgoa-editores.mx\/wp-content\/uploads\/2021\/05\/disponible_kindle-e1626978297450.png\" alt=\"\" width=\"219\" height=\"65\" \/><\/a><br \/>\n<iframe loading=\"lazy\" style=\"max-width: 100%;\" src=\"https:\/\/leer.amazon.com.mx\/kp\/card?asin=B0BXTDXBS3&amp;preview=inline&amp;linkCode=kpe&amp;ref_=cm_sw_r_kb_dp_MGVFDBAWTAQPY2F5423D\" width=\"336\" height=\"550\" frameborder=\"0\" sandbox=\"allow-scripts allow-same-origin allow-popups\" allowfullscreen=\"allowfullscreen\"><\/iframe><\/p>\n<p> <a class=\"more-link\" href=\"https:\/\/burgoa-editores.mx\/en\/product\/medidas-cautelares\/\">Read more<\/a><\/p>","protected":false},"featured_media":14072,"template":"","meta":[],"class_list":{"0":"post-14069","1":"product","2":"type-product","3":"status-publish","4":"has-post-thumbnail","6":"product_cat-libros","7":"product_tag-fiscal"},"yoast_head":"<!-- This site is optimized with the Yoast SEO plugin v14.9 - https:\/\/yoast.com\/wordpress\/plugins\/seo\/ -->\n<title>MEDIDAS CAUTELARES - Burgoa Editores, S.A.S.<\/title>\n<meta name=\"robots\" content=\"index, follow, max-snippet:-1, max-image-preview:large, max-video-preview:-1\" \/>\n<link rel=\"canonical\" href=\"https:\/\/burgoa-editores.mx\/en\/product\/medidas-cautelares\/\" \/>\n<meta property=\"og:locale\" content=\"en_US\" \/>\n<meta property=\"og:type\" content=\"article\" \/>\n<meta property=\"og:title\" content=\"MEDIDAS CAUTELARES - Burgoa Editores, S.A.S.\" \/>\n<meta property=\"og:url\" content=\"https:\/\/burgoa-editores.mx\/en\/product\/medidas-cautelares\/\" \/>\n<meta property=\"og:site_name\" content=\"Burgoa Editores, S.A.S.\" \/>\n<meta property=\"article:publisher\" content=\"https:\/\/www.facebook.com\/BurgoaEditores\/\" \/>\n<meta property=\"article:author\" content=\"https:\/\/www.facebook.com\/BurgoaEditores\/\" \/>\n<meta property=\"article:modified_time\" content=\"2025-11-18T06:00:48+00:00\" \/>\n<meta property=\"og:image\" content=\"https:\/\/burgoa-editores.mx\/wp-content\/uploads\/2023\/03\/medidas-cautelares-768x1024.png\" \/>\n\t<meta property=\"og:image:width\" content=\"768\" \/>\n\t<meta property=\"og:image:height\" content=\"1024\" \/>\n<meta name=\"twitter:card\" content=\"summary_large_image\" \/>\n<meta name=\"twitter:creator\" content=\"@burgoaeditores\" \/>\n<meta name=\"twitter:site\" content=\"@burgoaeditores\" \/>\n<script type=\"application\/ld+json\" class=\"yoast-schema-graph\">{\"@context\":\"https:\/\/schema.org\",\"@graph\":[{\"@type\":\"Organization\",\"@id\":\"https:\/\/burgoa-editores.mx\/en\/#organization\",\"name\":\"Burgoa Editores S.C.\",\"url\":\"https:\/\/burgoa-editores.mx\/en\/\",\"sameAs\":[\"https:\/\/www.facebook.com\/BurgoaEditores\/\",\"https:\/\/www.youtube.com\/channel\/UCh8cOciWHTRhTn39kZ5pFyQ\/\",\"https:\/\/twitter.com\/burgoaeditores\"],\"logo\":{\"@type\":\"ImageObject\",\"@id\":\"https:\/\/burgoa-editores.mx\/en\/#logo\",\"inLanguage\":\"en-US\",\"url\":\"https:\/\/burgoa-editores.mx\/wp-content\/uploads\/2020\/09\/Logo-Burgoa-Editores-RB-2.png\",\"width\":271,\"height\":300,\"caption\":\"Burgoa Editores S.C.\"},\"image\":{\"@id\":\"https:\/\/burgoa-editores.mx\/en\/#logo\"}},{\"@type\":\"WebSite\",\"@id\":\"https:\/\/burgoa-editores.mx\/en\/#website\",\"url\":\"https:\/\/burgoa-editores.mx\/en\/\",\"name\":\"Burgoa Editores, S.A.S.\",\"description\":\"Editorial\",\"publisher\":{\"@id\":\"https:\/\/burgoa-editores.mx\/en\/#organization\"},\"potentialAction\":[{\"@type\":\"SearchAction\",\"target\":\"https:\/\/burgoa-editores.mx\/en\/?s={search_term_string}\",\"query-input\":\"required name=search_term_string\"}],\"inLanguage\":\"en-US\"},{\"@type\":\"ImageObject\",\"@id\":\"https:\/\/burgoa-editores.mx\/producto\/medidas-cautelares\/#primaryimage\",\"inLanguage\":\"en-US\",\"url\":\"https:\/\/burgoa-editores.mx\/wp-content\/uploads\/2023\/03\/medidas-cautelares.png\",\"width\":1728,\"height\":2304},{\"@type\":\"WebPage\",\"@id\":\"https:\/\/burgoa-editores.mx\/producto\/medidas-cautelares\/#webpage\",\"url\":\"https:\/\/burgoa-editores.mx\/producto\/medidas-cautelares\/\",\"name\":\"MEDIDAS CAUTELARES - Burgoa Editores, S.A.S.\",\"isPartOf\":{\"@id\":\"https:\/\/burgoa-editores.mx\/en\/#website\"},\"primaryImageOfPage\":{\"@id\":\"https:\/\/burgoa-editores.mx\/producto\/medidas-cautelares\/#primaryimage\"},\"datePublished\":\"2023-03-08T18:53:05+00:00\",\"dateModified\":\"2025-11-18T06:00:48+00:00\",\"inLanguage\":\"en-US\",\"potentialAction\":[{\"@type\":\"ReadAction\",\"target\":[\"https:\/\/burgoa-editores.mx\/producto\/medidas-cautelares\/\"]}]}]}<\/script>\n<!-- \/ Yoast SEO plugin. -->","_links":{"self":[{"href":"https:\/\/burgoa-editores.mx\/en\/wp-json\/wp\/v2\/product\/14069","targetHints":{"allow":["GET"]}}],"collection":[{"href":"https:\/\/burgoa-editores.mx\/en\/wp-json\/wp\/v2\/product"}],"about":[{"href":"https:\/\/burgoa-editores.mx\/en\/wp-json\/wp\/v2\/types\/product"}],"wp:featuredmedia":[{"embeddable":true,"href":"https:\/\/burgoa-editores.mx\/en\/wp-json\/wp\/v2\/media\/14072"}],"wp:attachment":[{"href":"https:\/\/burgoa-editores.mx\/en\/wp-json\/wp\/v2\/media?parent=14069"}],"curies":[{"name":"wp","href":"https:\/\/api.w.org\/{rel}","templated":true}]}}