{"id":14143,"date":"2023-07-06T10:41:12","date_gmt":"2023-07-06T15:41:12","guid":{"rendered":"https:\/\/burgoa-editores.mx\/?post_type=product&#038;p=14143"},"modified":"2025-11-18T00:00:48","modified_gmt":"2025-11-18T06:00:48","slug":"argumentacion-en-la-defensa-juridica","status":"publish","type":"product","link":"https:\/\/burgoa-editores.mx\/en\/product\/argumentacion-en-la-defensa-juridica\/","title":{"rendered":"ARGUMENTACION EN LA DEFENSA JURIDICA"},"content":{"rendered":"<p>Una de las tareas mas importantes en el desarrollo de la pr\u00e1ctica jur\u00eddica es la argumentaci\u00f3n, dado que, \u00e9sta concreta todas las ideas derivadas de interpretaciones y justificaciones que surgen en el Derecho. Recordemos que, mientras que las normas jur\u00eddicas se interpretan a trav\u00e9s de la jurisprudencia, sentencias, criterios de autoridades, entre otros, los hechos se aprecias a trav\u00e9s de las pruebas.<\/p>\n<p>Esta obra es \u00fatil para los interesados en el litigio contra las autoridades, ya sea que se combata la inconstitucionalidad de una ley (autoridad legislativa), un acto de autoridad administrativa o una sentencia (autoridad judicial), en donde la expresi\u00f3n de agravios es importante, ya que, es la denotaci\u00f3n de las afecciones a colaci\u00f3n de los actos referidos que, sin duda, se producen en la esfera jur\u00eddica de las personas destinatarias del acto que se combate en el medio de defensa.<\/p>\n<p>La defensa, independientemente de la formaci\u00f3n profesional que se tenga -incluso aun par abogados- , implica un esfuerzo mayor, dado que, tiene como punto esencial para el desarrollo de las ideas de impugnaci\u00f3n a la argumentaci\u00f3n jur\u00eddica, esto hace evidente, hoy mas que nunca, que es necesaria la preparaci\u00f3n y actualizaci\u00f3n de los temas actuales y contempor\u00e1neos de la materia jur\u00eddica, as\u00ed como el conocimiento de las verdaderas interpretaciones a las reformas y cambios normativos.<\/p>","protected":false},"excerpt":{"rendered":"<p>Una de las tareas mas importantes en el desarrollo de&hellip;<\/p>\n<p> <a class=\"more-link\" href=\"https:\/\/burgoa-editores.mx\/en\/product\/argumentacion-en-la-defensa-juridica\/\">Read more<\/a><\/p>","protected":false},"featured_media":14145,"template":"","meta":[],"class_list":{"0":"post-14143","1":"product","2":"type-product","3":"status-publish","4":"has-post-thumbnail","6":"product_cat-libros","7":"product_tag-fiscal"},"yoast_head":"<!-- This site is optimized with the Yoast SEO plugin v14.9 - https:\/\/yoast.com\/wordpress\/plugins\/seo\/ -->\n<title>ARGUMENTACION EN LA DEFENSA JURIDICA - Burgoa Editores, S.A.S.<\/title>\n<meta name=\"robots\" content=\"index, follow, max-snippet:-1, max-image-preview:large, max-video-preview:-1\" \/>\n<link rel=\"canonical\" href=\"https:\/\/burgoa-editores.mx\/en\/product\/argumentacion-en-la-defensa-juridica\/\" \/>\n<meta property=\"og:locale\" content=\"en_US\" \/>\n<meta property=\"og:type\" content=\"article\" \/>\n<meta property=\"og:title\" content=\"ARGUMENTACION EN LA DEFENSA JURIDICA - Burgoa Editores, S.A.S.\" \/>\n<meta property=\"og:description\" content=\"Una de las tareas mas importantes en el desarrollo de&hellip;  Read more\" \/>\n<meta property=\"og:url\" content=\"https:\/\/burgoa-editores.mx\/en\/product\/argumentacion-en-la-defensa-juridica\/\" \/>\n<meta property=\"og:site_name\" content=\"Burgoa Editores, S.A.S.\" \/>\n<meta property=\"article:publisher\" content=\"https:\/\/www.facebook.com\/BurgoaEditores\/\" \/>\n<meta property=\"article:author\" content=\"https:\/\/www.facebook.com\/BurgoaEditores\/\" \/>\n<meta property=\"article:modified_time\" content=\"2025-11-18T06:00:48+00:00\" \/>\n<meta property=\"og:image\" content=\"https:\/\/burgoa-editores.mx\/wp-content\/uploads\/2023\/07\/INTEGRACION-ARG-LIBRO-768x1024.png\" \/>\n\t<meta property=\"og:image:width\" content=\"768\" \/>\n\t<meta property=\"og:image:height\" content=\"1024\" \/>\n<meta name=\"twitter:card\" content=\"summary_large_image\" \/>\n<meta name=\"twitter:creator\" content=\"@burgoaeditores\" \/>\n<meta name=\"twitter:site\" content=\"@burgoaeditores\" \/>\n<script type=\"application\/ld+json\" class=\"yoast-schema-graph\">{\"@context\":\"https:\/\/schema.org\",\"@graph\":[{\"@type\":\"Organization\",\"@id\":\"https:\/\/burgoa-editores.mx\/en\/#organization\",\"name\":\"Burgoa Editores S.C.\",\"url\":\"https:\/\/burgoa-editores.mx\/en\/\",\"sameAs\":[\"https:\/\/www.facebook.com\/BurgoaEditores\/\",\"https:\/\/www.youtube.com\/channel\/UCh8cOciWHTRhTn39kZ5pFyQ\/\",\"https:\/\/twitter.com\/burgoaeditores\"],\"logo\":{\"@type\":\"ImageObject\",\"@id\":\"https:\/\/burgoa-editores.mx\/en\/#logo\",\"inLanguage\":\"en-US\",\"url\":\"https:\/\/burgoa-editores.mx\/wp-content\/uploads\/2020\/09\/Logo-Burgoa-Editores-RB-2.png\",\"width\":271,\"height\":300,\"caption\":\"Burgoa Editores S.C.\"},\"image\":{\"@id\":\"https:\/\/burgoa-editores.mx\/en\/#logo\"}},{\"@type\":\"WebSite\",\"@id\":\"https:\/\/burgoa-editores.mx\/en\/#website\",\"url\":\"https:\/\/burgoa-editores.mx\/en\/\",\"name\":\"Burgoa Editores, S.A.S.\",\"description\":\"Editorial\",\"publisher\":{\"@id\":\"https:\/\/burgoa-editores.mx\/en\/#organization\"},\"potentialAction\":[{\"@type\":\"SearchAction\",\"target\":\"https:\/\/burgoa-editores.mx\/en\/?s={search_term_string}\",\"query-input\":\"required name=search_term_string\"}],\"inLanguage\":\"en-US\"},{\"@type\":\"ImageObject\",\"@id\":\"https:\/\/burgoa-editores.mx\/producto\/argumentacion-en-la-defensa-juridica\/#primaryimage\",\"inLanguage\":\"en-US\",\"url\":\"https:\/\/burgoa-editores.mx\/wp-content\/uploads\/2023\/07\/INTEGRACION-ARG-LIBRO.png\",\"width\":1728,\"height\":2304},{\"@type\":\"WebPage\",\"@id\":\"https:\/\/burgoa-editores.mx\/producto\/argumentacion-en-la-defensa-juridica\/#webpage\",\"url\":\"https:\/\/burgoa-editores.mx\/producto\/argumentacion-en-la-defensa-juridica\/\",\"name\":\"ARGUMENTACION EN LA DEFENSA JURIDICA - Burgoa Editores, S.A.S.\",\"isPartOf\":{\"@id\":\"https:\/\/burgoa-editores.mx\/en\/#website\"},\"primaryImageOfPage\":{\"@id\":\"https:\/\/burgoa-editores.mx\/producto\/argumentacion-en-la-defensa-juridica\/#primaryimage\"},\"datePublished\":\"2023-07-06T15:41:12+00:00\",\"dateModified\":\"2025-11-18T06:00:48+00:00\",\"inLanguage\":\"en-US\",\"potentialAction\":[{\"@type\":\"ReadAction\",\"target\":[\"https:\/\/burgoa-editores.mx\/producto\/argumentacion-en-la-defensa-juridica\/\"]}]}]}<\/script>\n<!-- \/ Yoast SEO plugin. -->","_links":{"self":[{"href":"https:\/\/burgoa-editores.mx\/en\/wp-json\/wp\/v2\/product\/14143","targetHints":{"allow":["GET"]}}],"collection":[{"href":"https:\/\/burgoa-editores.mx\/en\/wp-json\/wp\/v2\/product"}],"about":[{"href":"https:\/\/burgoa-editores.mx\/en\/wp-json\/wp\/v2\/types\/product"}],"wp:featuredmedia":[{"embeddable":true,"href":"https:\/\/burgoa-editores.mx\/en\/wp-json\/wp\/v2\/media\/14145"}],"wp:attachment":[{"href":"https:\/\/burgoa-editores.mx\/en\/wp-json\/wp\/v2\/media?parent=14143"}],"curies":[{"name":"wp","href":"https:\/\/api.w.org\/{rel}","templated":true}]}}