{"id":14309,"date":"2024-03-12T20:47:20","date_gmt":"2024-03-13T02:47:20","guid":{"rendered":"https:\/\/burgoa-editores.mx\/?post_type=product&#038;p=14309"},"modified":"2025-11-18T00:00:47","modified_gmt":"2025-11-18T06:00:47","slug":"reforma-fiscal-2024","status":"publish","type":"product","link":"https:\/\/burgoa-editores.mx\/en\/product\/reforma-fiscal-2024\/","title":{"rendered":"REFORMA FISCAL 2024"},"content":{"rendered":"<p>En este 2024 no se prev\u00e9 una reforma sustancial o formal al ejercicio fiscal, de la misma manera que sucedi\u00f3 para el periodo de 2023. Esto es, no s\u00f3lo no se generan cambios a la mec\u00e1nica en el c\u00e1lculo de los impuestos, sino que, tampoco se prev\u00e9 el nacimiento de avisos, informes o cualquier otra tarea, ni modificaciones ligeras al esquema tributario del pa\u00eds.<br \/>\nSin duda, es algo natural porque la administraci\u00f3n en turno est\u00e1 a punto de concluir, lo que, en la experiencia mexicana, representa que no haya grandes cambios, ya que, a finales de 2024 entra nueva administraci\u00f3n, por ello, tampoco se augura un gran cambio para 2025. Las modificaciones tributarias se presentar\u00e1n sino hasta el primer a\u00f1o de funciones, lo cual posiblemente surja para 2026.<\/p>\n<p>Sin embargo, m\u00e1s all\u00e1 de los cambios que puedan finalmente quedar impresos en las normas del pa\u00eds, lo que s\u00ed es posible observar desde ahora son pol\u00edticas p\u00fablicas con que se manejar\u00e1 la administraci\u00f3n futura, ya que, con base en las propuestas de las y los candidatos que contiendan para la presidencia de M\u00e9xico el siguiente a\u00f1o, se sabr\u00e1 el modelo econ\u00f3mico que se seguir(asistencialista, garantista, liberal, entre otros) y, con ello, es relativamente f\u00e1cil advertir el futuro econ\u00f3mico que seguir\u00e1 la naci\u00f3n , a fin de que los particulares est\u00e9n atentos del proyecto a seguir, ya sea que contemple o no apoyos a las empresas, atenci\u00f3n a determinados sectores y las estrategias para afrontar los retos que la econom\u00eda internacional representa para nuestro pa\u00eds.<\/p>\n<p>Todos los autores, expertos en materia, desde sus experiencias (acad\u00e9micas, profesional e investigaci\u00f3n) aportan a esta obra un variopinto de \u00e1ngulos que, sin duda, resultan de alta ayuda para el contribuyente, asesores e interesados en la materia, sin necesidad de agotar los temas en el orden que se exponen, ya que, puede leerse partiendo del tema que resulte de inter\u00e9s sin inconveniente de debido entendimiento. Esperamos que sea de utilidad a los lectores para afrontar de manera m\u00e1s informada y t\u00e9cnica los retos que la din\u00e1mica fiscal presenta d\u00eda a d\u00eda.<\/p>","protected":false},"excerpt":{"rendered":"<p>En este 2024 no se prev\u00e9 una reforma sustancial o&hellip;<\/p>\n<p> <a class=\"more-link\" href=\"https:\/\/burgoa-editores.mx\/en\/product\/reforma-fiscal-2024\/\">Read more<\/a><\/p>","protected":false},"featured_media":14310,"template":"","meta":[],"class_list":{"0":"post-14309","1":"product","2":"type-product","3":"status-publish","4":"has-post-thumbnail","6":"product_cat-libros","7":"product_tag-fiscal"},"yoast_head":"<!-- This site is optimized with the Yoast SEO plugin v14.9 - https:\/\/yoast.com\/wordpress\/plugins\/seo\/ -->\n<title>REFORMA FISCAL 2024 - Burgoa Editores, S.A.S.<\/title>\n<meta name=\"robots\" content=\"index, follow, max-snippet:-1, max-image-preview:large, max-video-preview:-1\" \/>\n<link rel=\"canonical\" href=\"https:\/\/burgoa-editores.mx\/en\/product\/reforma-fiscal-2024\/\" \/>\n<meta property=\"og:locale\" content=\"en_US\" \/>\n<meta property=\"og:type\" content=\"article\" \/>\n<meta property=\"og:title\" content=\"REFORMA FISCAL 2024 - Burgoa Editores, S.A.S.\" \/>\n<meta property=\"og:description\" content=\"En este 2024 no se prev\u00e9 una reforma sustancial o&hellip;  Read more\" \/>\n<meta property=\"og:url\" content=\"https:\/\/burgoa-editores.mx\/en\/product\/reforma-fiscal-2024\/\" \/>\n<meta property=\"og:site_name\" content=\"Burgoa Editores, S.A.S.\" \/>\n<meta property=\"article:publisher\" content=\"https:\/\/www.facebook.com\/BurgoaEditores\/\" \/>\n<meta property=\"article:author\" content=\"https:\/\/www.facebook.com\/BurgoaEditores\/\" \/>\n<meta property=\"article:modified_time\" content=\"2025-11-18T06:00:47+00:00\" \/>\n<meta property=\"og:image\" content=\"https:\/\/burgoa-editores.mx\/wp-content\/uploads\/2024\/03\/Reforma-2024-768x1024.png\" \/>\n\t<meta property=\"og:image:width\" content=\"768\" \/>\n\t<meta property=\"og:image:height\" content=\"1024\" \/>\n<meta name=\"twitter:card\" content=\"summary_large_image\" \/>\n<meta name=\"twitter:creator\" content=\"@burgoaeditores\" \/>\n<meta name=\"twitter:site\" content=\"@burgoaeditores\" \/>\n<script type=\"application\/ld+json\" class=\"yoast-schema-graph\">{\"@context\":\"https:\/\/schema.org\",\"@graph\":[{\"@type\":\"Organization\",\"@id\":\"https:\/\/burgoa-editores.mx\/en\/#organization\",\"name\":\"Burgoa Editores S.C.\",\"url\":\"https:\/\/burgoa-editores.mx\/en\/\",\"sameAs\":[\"https:\/\/www.facebook.com\/BurgoaEditores\/\",\"https:\/\/www.youtube.com\/channel\/UCh8cOciWHTRhTn39kZ5pFyQ\/\",\"https:\/\/twitter.com\/burgoaeditores\"],\"logo\":{\"@type\":\"ImageObject\",\"@id\":\"https:\/\/burgoa-editores.mx\/en\/#logo\",\"inLanguage\":\"en-US\",\"url\":\"https:\/\/burgoa-editores.mx\/wp-content\/uploads\/2020\/09\/Logo-Burgoa-Editores-RB-2.png\",\"width\":271,\"height\":300,\"caption\":\"Burgoa Editores S.C.\"},\"image\":{\"@id\":\"https:\/\/burgoa-editores.mx\/en\/#logo\"}},{\"@type\":\"WebSite\",\"@id\":\"https:\/\/burgoa-editores.mx\/en\/#website\",\"url\":\"https:\/\/burgoa-editores.mx\/en\/\",\"name\":\"Burgoa Editores, S.A.S.\",\"description\":\"Editorial\",\"publisher\":{\"@id\":\"https:\/\/burgoa-editores.mx\/en\/#organization\"},\"potentialAction\":[{\"@type\":\"SearchAction\",\"target\":\"https:\/\/burgoa-editores.mx\/en\/?s={search_term_string}\",\"query-input\":\"required name=search_term_string\"}],\"inLanguage\":\"en-US\"},{\"@type\":\"ImageObject\",\"@id\":\"https:\/\/burgoa-editores.mx\/producto\/reforma-fiscal-2024\/#primaryimage\",\"inLanguage\":\"en-US\",\"url\":\"https:\/\/burgoa-editores.mx\/wp-content\/uploads\/2024\/03\/Reforma-2024.png\",\"width\":1728,\"height\":2304},{\"@type\":\"WebPage\",\"@id\":\"https:\/\/burgoa-editores.mx\/producto\/reforma-fiscal-2024\/#webpage\",\"url\":\"https:\/\/burgoa-editores.mx\/producto\/reforma-fiscal-2024\/\",\"name\":\"REFORMA FISCAL 2024 - Burgoa Editores, S.A.S.\",\"isPartOf\":{\"@id\":\"https:\/\/burgoa-editores.mx\/en\/#website\"},\"primaryImageOfPage\":{\"@id\":\"https:\/\/burgoa-editores.mx\/producto\/reforma-fiscal-2024\/#primaryimage\"},\"datePublished\":\"2024-03-13T02:47:20+00:00\",\"dateModified\":\"2025-11-18T06:00:47+00:00\",\"inLanguage\":\"en-US\",\"potentialAction\":[{\"@type\":\"ReadAction\",\"target\":[\"https:\/\/burgoa-editores.mx\/producto\/reforma-fiscal-2024\/\"]}]}]}<\/script>\n<!-- \/ Yoast SEO plugin. -->","_links":{"self":[{"href":"https:\/\/burgoa-editores.mx\/en\/wp-json\/wp\/v2\/product\/14309","targetHints":{"allow":["GET"]}}],"collection":[{"href":"https:\/\/burgoa-editores.mx\/en\/wp-json\/wp\/v2\/product"}],"about":[{"href":"https:\/\/burgoa-editores.mx\/en\/wp-json\/wp\/v2\/types\/product"}],"wp:featuredmedia":[{"embeddable":true,"href":"https:\/\/burgoa-editores.mx\/en\/wp-json\/wp\/v2\/media\/14310"}],"wp:attachment":[{"href":"https:\/\/burgoa-editores.mx\/en\/wp-json\/wp\/v2\/media?parent=14309"}],"curies":[{"name":"wp","href":"https:\/\/api.w.org\/{rel}","templated":true}]}}