{"id":14400,"date":"2024-09-03T17:13:41","date_gmt":"2024-09-03T22:13:41","guid":{"rendered":"https:\/\/burgoa-editores.mx\/?post_type=product&#038;p=14400"},"modified":"2025-11-18T00:00:47","modified_gmt":"2025-11-18T06:00:47","slug":"garantismo-y-dignidad","status":"publish","type":"product","link":"https:\/\/burgoa-editores.mx\/en\/product\/garantismo-y-dignidad\/","title":{"rendered":"GARANTISMO Y DIGNIDAD"},"content":{"rendered":"<p>Sin duda, los deberes del Estado y terceros son importantes para la satisfacci\u00f3n y respeto de los derechos, pero no de todos los derechos sino solo de aquellos que implican una dependencia por las conductas de terceros, incluido el Estado. En este sentido, es evidente que, la dependencia es la esencia del garantismo, pues no existen deberes de terceros si no existen derechos de las personas.<\/p>\n<p>Con lo anterior, es evidente que, las garant\u00edas por s\u00ed solas no cuentan con \u201cvalor\u201d, ya que, \u00e9ste es exclusivamente de los derechos. Y, si las garant\u00edas son solo de los derechos pasivos, en donde las personas dependen de terceros, incluido el Estado, claramente no cuentan con valor ni son motivo de ponderaci\u00f3n, pues el valor no es propio.<\/p>\n<p>Todo lo anterior recobra importancia y es esencial para el estudio de las garant\u00edas y, m\u00e1s importante a\u00fan, para su debida aplicaci\u00f3n pr\u00e1ctica, de tal forma que, si no son entendidas debidamente, los resultados pueden no llevar a debidas conclusiones.<\/p>\n<p>El garantismo es tan vasto como los derechos y, al ser \u00e9stos expansivos y nunca interpretados ni aplicados de forma restrictiva o estricta, es esencial para cualquiera de las ramas del Derecho de que se trate, ya que, en todas ellas se involucran personas titulares de derechos, es una inercia circular y redundante que exige el debido conocimiento de ambos extremos (derechos y garant\u00edas) para hablar de un verdadero Estado de derecho.<\/p>","protected":false},"excerpt":{"rendered":"<p>Sin duda, los deberes del Estado y terceros son importantes&hellip;<\/p>\n<p> <a class=\"more-link\" href=\"https:\/\/burgoa-editores.mx\/en\/product\/garantismo-y-dignidad\/\">Read more<\/a><\/p>","protected":false},"featured_media":14401,"template":"","meta":[],"class_list":{"0":"post-14400","1":"product","2":"type-product","3":"status-publish","4":"has-post-thumbnail","6":"product_cat-libros","7":"product_tag-fiscal"},"yoast_head":"<!-- This site is optimized with the Yoast SEO plugin v14.9 - https:\/\/yoast.com\/wordpress\/plugins\/seo\/ -->\n<title>GARANTISMO Y DIGNIDAD - Burgoa Editores, S.A.S.<\/title>\n<meta name=\"robots\" content=\"index, follow, max-snippet:-1, max-image-preview:large, max-video-preview:-1\" \/>\n<link rel=\"canonical\" href=\"https:\/\/burgoa-editores.mx\/en\/product\/garantismo-y-dignidad\/\" \/>\n<meta property=\"og:locale\" content=\"en_US\" \/>\n<meta property=\"og:type\" content=\"article\" \/>\n<meta property=\"og:title\" content=\"GARANTISMO Y DIGNIDAD - Burgoa Editores, S.A.S.\" \/>\n<meta property=\"og:description\" content=\"Sin duda, los deberes del Estado y terceros son importantes&hellip;  Read more\" \/>\n<meta property=\"og:url\" content=\"https:\/\/burgoa-editores.mx\/en\/product\/garantismo-y-dignidad\/\" \/>\n<meta property=\"og:site_name\" content=\"Burgoa Editores, S.A.S.\" \/>\n<meta property=\"article:publisher\" content=\"https:\/\/www.facebook.com\/BurgoaEditores\/\" \/>\n<meta property=\"article:author\" content=\"https:\/\/www.facebook.com\/BurgoaEditores\/\" \/>\n<meta property=\"article:modified_time\" content=\"2025-11-18T06:00:47+00:00\" \/>\n<meta property=\"og:image\" content=\"https:\/\/burgoa-editores.mx\/wp-content\/uploads\/2024\/09\/Garantismo_y_Dignidad-768x1024.png\" \/>\n\t<meta property=\"og:image:width\" content=\"768\" \/>\n\t<meta property=\"og:image:height\" content=\"1024\" \/>\n<meta name=\"twitter:card\" content=\"summary_large_image\" \/>\n<meta name=\"twitter:creator\" content=\"@burgoaeditores\" \/>\n<meta name=\"twitter:site\" content=\"@burgoaeditores\" \/>\n<script type=\"application\/ld+json\" class=\"yoast-schema-graph\">{\"@context\":\"https:\/\/schema.org\",\"@graph\":[{\"@type\":\"Organization\",\"@id\":\"https:\/\/burgoa-editores.mx\/en\/#organization\",\"name\":\"Burgoa Editores S.C.\",\"url\":\"https:\/\/burgoa-editores.mx\/en\/\",\"sameAs\":[\"https:\/\/www.facebook.com\/BurgoaEditores\/\",\"https:\/\/www.youtube.com\/channel\/UCh8cOciWHTRhTn39kZ5pFyQ\/\",\"https:\/\/twitter.com\/burgoaeditores\"],\"logo\":{\"@type\":\"ImageObject\",\"@id\":\"https:\/\/burgoa-editores.mx\/en\/#logo\",\"inLanguage\":\"en-US\",\"url\":\"https:\/\/burgoa-editores.mx\/wp-content\/uploads\/2020\/09\/Logo-Burgoa-Editores-RB-2.png\",\"width\":271,\"height\":300,\"caption\":\"Burgoa Editores S.C.\"},\"image\":{\"@id\":\"https:\/\/burgoa-editores.mx\/en\/#logo\"}},{\"@type\":\"WebSite\",\"@id\":\"https:\/\/burgoa-editores.mx\/en\/#website\",\"url\":\"https:\/\/burgoa-editores.mx\/en\/\",\"name\":\"Burgoa Editores, S.A.S.\",\"description\":\"Editorial\",\"publisher\":{\"@id\":\"https:\/\/burgoa-editores.mx\/en\/#organization\"},\"potentialAction\":[{\"@type\":\"SearchAction\",\"target\":\"https:\/\/burgoa-editores.mx\/en\/?s={search_term_string}\",\"query-input\":\"required name=search_term_string\"}],\"inLanguage\":\"en-US\"},{\"@type\":\"ImageObject\",\"@id\":\"https:\/\/burgoa-editores.mx\/producto\/garantismo-y-dignidad\/#primaryimage\",\"inLanguage\":\"en-US\",\"url\":\"https:\/\/burgoa-editores.mx\/wp-content\/uploads\/2024\/09\/Garantismo_y_Dignidad.png\",\"width\":1728,\"height\":2304},{\"@type\":\"WebPage\",\"@id\":\"https:\/\/burgoa-editores.mx\/producto\/garantismo-y-dignidad\/#webpage\",\"url\":\"https:\/\/burgoa-editores.mx\/producto\/garantismo-y-dignidad\/\",\"name\":\"GARANTISMO Y DIGNIDAD - Burgoa Editores, S.A.S.\",\"isPartOf\":{\"@id\":\"https:\/\/burgoa-editores.mx\/en\/#website\"},\"primaryImageOfPage\":{\"@id\":\"https:\/\/burgoa-editores.mx\/producto\/garantismo-y-dignidad\/#primaryimage\"},\"datePublished\":\"2024-09-03T22:13:41+00:00\",\"dateModified\":\"2025-11-18T06:00:47+00:00\",\"inLanguage\":\"en-US\",\"potentialAction\":[{\"@type\":\"ReadAction\",\"target\":[\"https:\/\/burgoa-editores.mx\/producto\/garantismo-y-dignidad\/\"]}]}]}<\/script>\n<!-- \/ Yoast SEO plugin. -->","_links":{"self":[{"href":"https:\/\/burgoa-editores.mx\/en\/wp-json\/wp\/v2\/product\/14400","targetHints":{"allow":["GET"]}}],"collection":[{"href":"https:\/\/burgoa-editores.mx\/en\/wp-json\/wp\/v2\/product"}],"about":[{"href":"https:\/\/burgoa-editores.mx\/en\/wp-json\/wp\/v2\/types\/product"}],"wp:featuredmedia":[{"embeddable":true,"href":"https:\/\/burgoa-editores.mx\/en\/wp-json\/wp\/v2\/media\/14401"}],"wp:attachment":[{"href":"https:\/\/burgoa-editores.mx\/en\/wp-json\/wp\/v2\/media?parent=14400"}],"curies":[{"name":"wp","href":"https:\/\/api.w.org\/{rel}","templated":true}]}}