{"id":14427,"date":"2024-10-03T22:22:12","date_gmt":"2024-10-04T03:22:12","guid":{"rendered":"https:\/\/burgoa-editores.mx\/?post_type=product&#038;p=14427"},"modified":"2025-07-11T15:09:25","modified_gmt":"2025-07-11T20:09:25","slug":"el-infonavit","status":"publish","type":"product","link":"https:\/\/burgoa-editores.mx\/en\/product\/el-infonavit\/","title":{"rendered":"EL INFONAVIT"},"content":{"rendered":"<p><strong>Naturaleza Jur\u00eddica, Pol\u00edtica y Administrativa<\/strong><\/p>\n<p>&nbsp;<\/p>\n<p>Poco se ha estudiado formalmente al INFONAVIT; es una Instituci\u00f3n a la que se le ha dado una interpretaci\u00f3n en algunos momentos y otra en otros, las cuales se revisar\u00e1n en el desarrollo de esta obra. Para fines jur\u00eddico &#8211; administrativos no hay un entendimiento formal \u00edntegro de la instituci\u00f3n.<\/p>\n<p>Un elemento fundamental para toda revisi\u00f3n de temas administrativos en el caso mexicano es el observar su correspondencia con el principio de legalidad, establecido desde nuestra Constituci\u00f3n Pol\u00edtica.\u00a0 Por lo cual, toda entidad p\u00fablica debe circunscribirse a alguno de los tipos establecidos en la norma. De ah\u00ed que afirmar que el INFONAVIT pueda ser algo que no corresponda a ning\u00fan tipo normativo de \u00f3rgano estatal no s\u00f3lo es aventurado, sino claramente incorrecto.<\/p>\n<p>El INFONAVIT, como objeto fundamental de esta obra, ha visto polemizada su naturaleza Jur\u00eddica a trav\u00e9s de sus m\u00e1s de cincuenta a\u00f1os de existencia, aunque, en cuanto a teor\u00eda jur\u00eddica, si ha habido un debate jurisdiccional sobre algunos de sus aspectos administrativos. Sin embargo, su esencia sigue indefinida por la imprecisi\u00f3n legal. Desde su fundaci\u00f3n se ha debatido sobre lo que es en algunos foros y coloquios, pero se ha desarrollado poco desde el \u00e1mbito de la ciencia de la administraci\u00f3n p\u00fablica.<\/p>\n<p>La definici\u00f3n plena sobre qu\u00e9 es el INFONAVIT no es algo al arbitrio de los \u00f3rganos internos de \u00e9ste, ni mucho menos del Ejecutivo Federal, sino que s\u00f3lo existen dos opciones forzosas (sobre las cuales se ahondara m\u00e1s adelante):\u00a0 que el Legislador claramente lo precise en la norma o que el\u00a0\u00a0 M\u00e1ximo Tribunal siente jurisprudencia respecto a ellos.\u00a0 Por lo pronto, es justamente el prop\u00f3sito de esta obra proponer al lector que se reconozcan las caracter\u00edsticas fundamentales del INFONAVIT y cu\u00e1l debe ser el correcto tratamiento desde el derecho administrativo para \u00e9ste. A partir de ello, la Intenci\u00f3n es aportar a la discusi\u00f3n de esta muy necesaria definici\u00f3n dentro del andamiaje institucional mexicano, que se ha pospuesto por m\u00e1s de cincuenta a\u00f1os. Aunque no solamente eso, sino que en los hechos se pueda conseguir la adopci\u00f3n de esta definici\u00f3n para dar seguridad jur\u00eddica a los mexicanos.<\/p>","protected":false},"excerpt":{"rendered":"<p><a href=\"https:\/\/leer.amazon.com.mx\/kp\/embed?asin=B0DJDVX5XV&amp;preview=newtab&amp;linkCode=kpe&amp;ref_=kip_embed_taf_preview_SN7389QFKTKXH9CQFEXB\" target=\"_blank\" rel=\"noopener noreferrer\"><img loading=\"lazy\" decoding=\"async\" class=\"alignnone wp-image-13486 size-full\" src=\"https:\/\/burgoa-editores.mx\/wp-content\/uploads\/2021\/05\/disponible_kindle-e1626978297450.png\" alt=\"\" width=\"219\" height=\"65\" \/><\/a><br \/>\n<iframe loading=\"lazy\" style=\"max-width: 100%;\" src=\"https:\/\/leer.amazon.com.mx\/kp\/card?asin=B0DJDVX5XV&amp;preview=inline&amp;linkCode=kpe&amp;ref_=kip_embed_taf_preview_SN7389QFKTKXH9CQFEXB\" width=\"336\" height=\"550\" frameborder=\"0\" sandbox=\"allow-scripts allow-same-origin allow-popups\" allowfullscreen=\"allowfullscreen\"><\/iframe><\/p>\n<p> <a class=\"more-link\" href=\"https:\/\/burgoa-editores.mx\/en\/product\/el-infonavit\/\">Read more<\/a><\/p>","protected":false},"featured_media":14446,"template":"","meta":[],"class_list":{"0":"post-14427","1":"product","2":"type-product","3":"status-publish","4":"has-post-thumbnail","6":"product_cat-libros","7":"product_tag-fiscal"},"yoast_head":"<!-- This site is optimized with the Yoast SEO plugin v14.9 - https:\/\/yoast.com\/wordpress\/plugins\/seo\/ -->\n<title>EL INFONAVIT - Burgoa Editores, S.A.S.<\/title>\n<meta name=\"robots\" content=\"index, follow, max-snippet:-1, max-image-preview:large, max-video-preview:-1\" \/>\n<link rel=\"canonical\" href=\"https:\/\/burgoa-editores.mx\/en\/product\/el-infonavit\/\" \/>\n<meta property=\"og:locale\" content=\"en_US\" \/>\n<meta property=\"og:type\" content=\"article\" \/>\n<meta property=\"og:title\" content=\"EL INFONAVIT - Burgoa Editores, S.A.S.\" \/>\n<meta property=\"og:url\" content=\"https:\/\/burgoa-editores.mx\/en\/product\/el-infonavit\/\" \/>\n<meta property=\"og:site_name\" content=\"Burgoa Editores, S.A.S.\" \/>\n<meta property=\"article:publisher\" content=\"https:\/\/www.facebook.com\/BurgoaEditores\/\" \/>\n<meta property=\"article:author\" content=\"https:\/\/www.facebook.com\/BurgoaEditores\/\" \/>\n<meta property=\"article:modified_time\" content=\"2025-07-11T20:09:25+00:00\" \/>\n<meta property=\"og:image\" content=\"https:\/\/burgoa-editores.mx\/wp-content\/uploads\/2024\/10\/el-infonavit-768x1024.png\" \/>\n\t<meta property=\"og:image:width\" content=\"768\" \/>\n\t<meta property=\"og:image:height\" content=\"1024\" \/>\n<meta name=\"twitter:card\" content=\"summary_large_image\" \/>\n<meta name=\"twitter:creator\" content=\"@burgoaeditores\" \/>\n<meta name=\"twitter:site\" content=\"@burgoaeditores\" \/>\n<script type=\"application\/ld+json\" class=\"yoast-schema-graph\">{\"@context\":\"https:\/\/schema.org\",\"@graph\":[{\"@type\":\"Organization\",\"@id\":\"https:\/\/burgoa-editores.mx\/en\/#organization\",\"name\":\"Burgoa Editores S.C.\",\"url\":\"https:\/\/burgoa-editores.mx\/en\/\",\"sameAs\":[\"https:\/\/www.facebook.com\/BurgoaEditores\/\",\"https:\/\/www.youtube.com\/channel\/UCh8cOciWHTRhTn39kZ5pFyQ\/\",\"https:\/\/twitter.com\/burgoaeditores\"],\"logo\":{\"@type\":\"ImageObject\",\"@id\":\"https:\/\/burgoa-editores.mx\/en\/#logo\",\"inLanguage\":\"en-US\",\"url\":\"https:\/\/burgoa-editores.mx\/wp-content\/uploads\/2020\/09\/Logo-Burgoa-Editores-RB-2.png\",\"width\":271,\"height\":300,\"caption\":\"Burgoa Editores S.C.\"},\"image\":{\"@id\":\"https:\/\/burgoa-editores.mx\/en\/#logo\"}},{\"@type\":\"WebSite\",\"@id\":\"https:\/\/burgoa-editores.mx\/en\/#website\",\"url\":\"https:\/\/burgoa-editores.mx\/en\/\",\"name\":\"Burgoa Editores, S.A.S.\",\"description\":\"Editorial\",\"publisher\":{\"@id\":\"https:\/\/burgoa-editores.mx\/en\/#organization\"},\"potentialAction\":[{\"@type\":\"SearchAction\",\"target\":\"https:\/\/burgoa-editores.mx\/en\/?s={search_term_string}\",\"query-input\":\"required name=search_term_string\"}],\"inLanguage\":\"en-US\"},{\"@type\":\"ImageObject\",\"@id\":\"https:\/\/burgoa-editores.mx\/producto\/el-infonavit\/#primaryimage\",\"inLanguage\":\"en-US\",\"url\":\"https:\/\/burgoa-editores.mx\/wp-content\/uploads\/2024\/10\/el-infonavit.png\",\"width\":1728,\"height\":2304},{\"@type\":\"WebPage\",\"@id\":\"https:\/\/burgoa-editores.mx\/producto\/el-infonavit\/#webpage\",\"url\":\"https:\/\/burgoa-editores.mx\/producto\/el-infonavit\/\",\"name\":\"EL INFONAVIT - Burgoa Editores, S.A.S.\",\"isPartOf\":{\"@id\":\"https:\/\/burgoa-editores.mx\/en\/#website\"},\"primaryImageOfPage\":{\"@id\":\"https:\/\/burgoa-editores.mx\/producto\/el-infonavit\/#primaryimage\"},\"datePublished\":\"2024-10-04T03:22:12+00:00\",\"dateModified\":\"2025-07-11T20:09:25+00:00\",\"inLanguage\":\"en-US\",\"potentialAction\":[{\"@type\":\"ReadAction\",\"target\":[\"https:\/\/burgoa-editores.mx\/producto\/el-infonavit\/\"]}]}]}<\/script>\n<!-- \/ Yoast SEO plugin. -->","_links":{"self":[{"href":"https:\/\/burgoa-editores.mx\/en\/wp-json\/wp\/v2\/product\/14427","targetHints":{"allow":["GET"]}}],"collection":[{"href":"https:\/\/burgoa-editores.mx\/en\/wp-json\/wp\/v2\/product"}],"about":[{"href":"https:\/\/burgoa-editores.mx\/en\/wp-json\/wp\/v2\/types\/product"}],"wp:featuredmedia":[{"embeddable":true,"href":"https:\/\/burgoa-editores.mx\/en\/wp-json\/wp\/v2\/media\/14446"}],"wp:attachment":[{"href":"https:\/\/burgoa-editores.mx\/en\/wp-json\/wp\/v2\/media?parent=14427"}],"curies":[{"name":"wp","href":"https:\/\/api.w.org\/{rel}","templated":true}]}}