{"id":14498,"date":"2025-01-29T15:30:19","date_gmt":"2025-01-29T21:30:19","guid":{"rendered":"https:\/\/burgoa-editores.mx\/?post_type=product&#038;p=14498"},"modified":"2025-11-18T00:00:46","modified_gmt":"2025-11-18T06:00:46","slug":"reforma-fiscal-2025","status":"publish","type":"product","link":"https:\/\/burgoa-editores.mx\/en\/product\/reforma-fiscal-2025\/","title":{"rendered":"REFORMA FISCAL 2025"},"content":{"rendered":"<p>A partir de la administraci\u00f3n anterior, caracterizada por un cambio en el partido pol\u00edtico dominante en M\u00e9xico, se ha mantenido la tendencia de no realizar modificaciones a la normatividad fiscal. Esto contrasta con lo que ocurr\u00eda en a\u00f1os anteriores, cuando, independientemente del partido en el poder, los cambios fiscales eran constantes.<\/p>\n<p>En los \u00faltimos a\u00f1os, se implementaron medidas como la llamada \u201ctasa preferencial\u201d del Impuesto al Valor Agregado (IVA) en la frontera norte, un t\u00e9rmino inexacto, ya que la tasa en realidad no se modific\u00f3. Sin embargo, de manera err\u00f3nea y confusa, en muchos foros y aulas se afirma que existe una tasa del 8%. Posteriormente, una medida similar se aplic\u00f3 en la frontera sur.<\/p>\n<p>Tenemos ahora el inicio de una nueva administraci\u00f3n, cuyas ideas, sustancialmente, no son muy distintas a la de la administraci\u00f3n anterior. Ciertamente existen algunos puntos propios, pero en esencia la inercia es la misma. Y, con ello, pareciera que la inercia tributaria seguir\u00e1 sin tener cambios sustanciales, ya que, al 15 de noviembre de 2024, se emiti\u00f3 la iniciativa de reformas que contempla solamente lo correspondiente a la LIF y Ley Federal de Derechos (la primera inevitable y la segunda com\u00fan).<\/p>\n<p>Esta obra no es parafraseo ni exposici\u00f3n monogr\u00e1fica de los temas, sino un desarrollo integral, relacionada con las dem\u00e1s normas al punto que se aborda, en la que se exponen pros y contras, asi como expectativas, cr\u00edticas e inconvenientes de cada punto, a fin de enriquecer el contenido del uso de este compendio para cualquiera de las actividades a que se busque llevar, ya sea acad\u00e9mica, de estudio, pr\u00e1ctica y muchas m\u00e1s, ya que, al igual que cada a\u00f1o, este libro busca abonar en el conocimiento y reflexi\u00f3n de los temas de inter\u00e9s para aprovechamiento de los lectores.<\/p>\n<p>Y, al igual que en las ediciones anteriores, una de las ventajas que no debe leerse, forzosamente en el orden expuesto, basta con elegir el tema, de mayor gusto o inter\u00e9s para conocer las ideas del autor o de los autores, pues, es evidente que existen puntos que no son tan recurrentes en la materia que igualmente son abordados en m\u00e1s de una ocasi\u00f3n. As\u00ed, el esfuerzo de \u00e9sta publicaci\u00f3n nuevamente se enfoca en satisfacer las inquietudes de los lectores y seguir sumando en el debido estudio de la materia fiscal.<\/p>","protected":false},"excerpt":{"rendered":"<p>A partir de la administraci\u00f3n anterior, caracterizada por un cambio&hellip;<\/p>\n<p> <a class=\"more-link\" href=\"https:\/\/burgoa-editores.mx\/en\/product\/reforma-fiscal-2025\/\">Read more<\/a><\/p>","protected":false},"featured_media":14499,"template":"","meta":[],"class_list":{"0":"post-14498","1":"product","2":"type-product","3":"status-publish","4":"has-post-thumbnail","6":"product_cat-libros","7":"product_tag-fiscal"},"yoast_head":"<!-- This site is optimized with the Yoast SEO plugin v14.9 - https:\/\/yoast.com\/wordpress\/plugins\/seo\/ -->\n<title>REFORMA FISCAL 2025 - Burgoa Editores, S.A.S.<\/title>\n<meta name=\"robots\" content=\"index, follow, max-snippet:-1, max-image-preview:large, max-video-preview:-1\" \/>\n<link rel=\"canonical\" href=\"https:\/\/burgoa-editores.mx\/en\/product\/reforma-fiscal-2025\/\" \/>\n<meta property=\"og:locale\" content=\"en_US\" \/>\n<meta property=\"og:type\" content=\"article\" \/>\n<meta property=\"og:title\" content=\"REFORMA FISCAL 2025 - Burgoa Editores, S.A.S.\" \/>\n<meta property=\"og:description\" content=\"A partir de la administraci\u00f3n anterior, caracterizada por un cambio&hellip;  Read more\" \/>\n<meta property=\"og:url\" content=\"https:\/\/burgoa-editores.mx\/en\/product\/reforma-fiscal-2025\/\" \/>\n<meta property=\"og:site_name\" content=\"Burgoa Editores, S.A.S.\" \/>\n<meta property=\"article:publisher\" content=\"https:\/\/www.facebook.com\/BurgoaEditores\/\" \/>\n<meta property=\"article:author\" content=\"https:\/\/www.facebook.com\/BurgoaEditores\/\" \/>\n<meta property=\"article:modified_time\" content=\"2025-11-18T06:00:46+00:00\" \/>\n<meta property=\"og:image\" content=\"https:\/\/burgoa-editores.mx\/wp-content\/uploads\/2025\/01\/RF2025-768x1024.png\" \/>\n\t<meta property=\"og:image:width\" content=\"768\" \/>\n\t<meta property=\"og:image:height\" content=\"1024\" \/>\n<meta name=\"twitter:card\" content=\"summary_large_image\" \/>\n<meta name=\"twitter:creator\" content=\"@burgoaeditores\" \/>\n<meta name=\"twitter:site\" content=\"@burgoaeditores\" \/>\n<script type=\"application\/ld+json\" class=\"yoast-schema-graph\">{\"@context\":\"https:\/\/schema.org\",\"@graph\":[{\"@type\":\"Organization\",\"@id\":\"https:\/\/burgoa-editores.mx\/en\/#organization\",\"name\":\"Burgoa Editores S.C.\",\"url\":\"https:\/\/burgoa-editores.mx\/en\/\",\"sameAs\":[\"https:\/\/www.facebook.com\/BurgoaEditores\/\",\"https:\/\/www.youtube.com\/channel\/UCh8cOciWHTRhTn39kZ5pFyQ\/\",\"https:\/\/twitter.com\/burgoaeditores\"],\"logo\":{\"@type\":\"ImageObject\",\"@id\":\"https:\/\/burgoa-editores.mx\/en\/#logo\",\"inLanguage\":\"en-US\",\"url\":\"https:\/\/burgoa-editores.mx\/wp-content\/uploads\/2020\/09\/Logo-Burgoa-Editores-RB-2.png\",\"width\":271,\"height\":300,\"caption\":\"Burgoa Editores S.C.\"},\"image\":{\"@id\":\"https:\/\/burgoa-editores.mx\/en\/#logo\"}},{\"@type\":\"WebSite\",\"@id\":\"https:\/\/burgoa-editores.mx\/en\/#website\",\"url\":\"https:\/\/burgoa-editores.mx\/en\/\",\"name\":\"Burgoa Editores, S.A.S.\",\"description\":\"Editorial\",\"publisher\":{\"@id\":\"https:\/\/burgoa-editores.mx\/en\/#organization\"},\"potentialAction\":[{\"@type\":\"SearchAction\",\"target\":\"https:\/\/burgoa-editores.mx\/en\/?s={search_term_string}\",\"query-input\":\"required name=search_term_string\"}],\"inLanguage\":\"en-US\"},{\"@type\":\"ImageObject\",\"@id\":\"https:\/\/burgoa-editores.mx\/producto\/reforma-fiscal-2025\/#primaryimage\",\"inLanguage\":\"en-US\",\"url\":\"https:\/\/burgoa-editores.mx\/wp-content\/uploads\/2025\/01\/RF2025.png\",\"width\":1728,\"height\":2304},{\"@type\":\"WebPage\",\"@id\":\"https:\/\/burgoa-editores.mx\/producto\/reforma-fiscal-2025\/#webpage\",\"url\":\"https:\/\/burgoa-editores.mx\/producto\/reforma-fiscal-2025\/\",\"name\":\"REFORMA FISCAL 2025 - Burgoa Editores, S.A.S.\",\"isPartOf\":{\"@id\":\"https:\/\/burgoa-editores.mx\/en\/#website\"},\"primaryImageOfPage\":{\"@id\":\"https:\/\/burgoa-editores.mx\/producto\/reforma-fiscal-2025\/#primaryimage\"},\"datePublished\":\"2025-01-29T21:30:19+00:00\",\"dateModified\":\"2025-11-18T06:00:46+00:00\",\"inLanguage\":\"en-US\",\"potentialAction\":[{\"@type\":\"ReadAction\",\"target\":[\"https:\/\/burgoa-editores.mx\/producto\/reforma-fiscal-2025\/\"]}]}]}<\/script>\n<!-- \/ Yoast SEO plugin. -->","_links":{"self":[{"href":"https:\/\/burgoa-editores.mx\/en\/wp-json\/wp\/v2\/product\/14498","targetHints":{"allow":["GET"]}}],"collection":[{"href":"https:\/\/burgoa-editores.mx\/en\/wp-json\/wp\/v2\/product"}],"about":[{"href":"https:\/\/burgoa-editores.mx\/en\/wp-json\/wp\/v2\/types\/product"}],"wp:featuredmedia":[{"embeddable":true,"href":"https:\/\/burgoa-editores.mx\/en\/wp-json\/wp\/v2\/media\/14499"}],"wp:attachment":[{"href":"https:\/\/burgoa-editores.mx\/en\/wp-json\/wp\/v2\/media?parent=14498"}],"curies":[{"name":"wp","href":"https:\/\/api.w.org\/{rel}","templated":true}]}}