{"id":14562,"date":"2025-04-25T21:21:17","date_gmt":"2025-04-26T02:21:17","guid":{"rendered":"https:\/\/burgoa-editores.mx\/?post_type=product&#038;p=14562"},"modified":"2025-11-08T20:46:48","modified_gmt":"2025-11-09T02:46:48","slug":"interjeccion-en-la-poltica-ambiental","status":"publish","type":"product","link":"https:\/\/burgoa-editores.mx\/en\/product\/interjeccion-en-la-poltica-ambiental\/","title":{"rendered":"INTERJECCION EN LA P\u00d3LTICA AMBIENTAL"},"content":{"rendered":"<p>Los d\u00edas 9 y 10 de mayo de 2024, la ESADE Law School (Universidad Ram\u00f3n Llull), con la colaboraci\u00f3n de la Asociaci\u00f3n Mexicana de Derecho Administrativo, fue anfitriona del II Congreso Internacional: \u201cCOGITANDI MUTANDI NATURA\u201d, contando con ponentes de Europa, Asia, Norte y Sudam\u00e9rica, cuyas exposiciones ahora se publican.<\/p>\n<p>En este evento acad\u00e9mico, se escudri\u00f1aron con hondura diversos temas relativos al medio ambiente, su sustentabilidad, su sostenibilidad, las reglas jur\u00eddicas que le ata\u00f1en y algunos aspectos pol\u00edticos que la influyen.<\/p>\n<p>La exploraci\u00f3n de los temas que en esta obra se abordan en un paso metodol\u00f3gicamente imprescindible para centrar los distintos aspectos que confluyen para entender a la naturaleza, su desarrollo y preservaci\u00f3n y, muy importantemente, su relaci\u00f3n con el ser humano.<\/p>\n<p>Lejos estamos todav\u00eda de entender filos\u00f3fica y cient\u00edficamente el tema de la naturaleza, la obligaci\u00f3n acad\u00e9mica es continuar cavilando acerca de los temas atinentes para lograr el objetivo, ciertamente alcanzable, de conseguir ese entendimiento.<\/p>\n<p>&nbsp;<\/p>","protected":false},"excerpt":{"rendered":"<p><a href=\"https:\/\/www.amazon.com.mx\/dp\/B0F6G1XBBM\/ref=sr_1_2?crid=2RMUI6A225BJ0&amp;dib=eyJ2IjoiMSJ9.kxEEvJKz4yV-aEKPQzuxkqEc1VTdIUbhtmCWgQveiQyt4mCXBsxaDzba_6bNd8CaJeYLJ-YOvykurFe2fRFlcgWPnUzrrNcXVTdF3Abt8cZCm-9Lm6jbA3qC_3xu2Tnbv_l45jdRGJJ-E1WY1-wSfzfPit6et5Ye2th76iiFBYVhXUslPIBDlupt1ctejXhEvAWTaib5MMGwpZMuUTALcYIGwLmzaEr0cXLpYx0SOlA.KjMRF9PbPmB40EBGTny3bs9n3kOxsYuXF4X3OGGZQUE&amp;dib_tag=se&amp;keywords=burgoa+editores&amp;qid=1745634567&amp;sprefix=burgoa+editores%2Caps%2C216&amp;sr=8-2\" target=\"_blank\" rel=\"noopener noreferrer\"><img loading=\"lazy\" decoding=\"async\" class=\"alignnone wp-image-13486 size-full\" src=\"https:\/\/burgoa-editores.mx\/wp-content\/uploads\/2021\/05\/disponible_kindle-e1626978297450.png\" alt=\"\" width=\"219\" height=\"65\" \/><\/a><\/p>\n<p><iframe loading=\"lazy\" style=\"max-width: 100%;\" src=\"https:\/\/leer.amazon.com.mx\/kp\/card?asin= B0F6G1XBBM&amp;preview=inline&amp;linkCode=kpe&amp;ref_=cm_sw_r_kb_dp_2RMUI6A225BJ0&amp;dib\" width=\"336\" height=\"550\" frameborder=\"0\" sandbox=\"allow-scripts allow-same-origin allow-popups\" allowfullscreen=\"allowfullscreen\"><\/iframe><\/p>\n<p> <a class=\"more-link\" href=\"https:\/\/burgoa-editores.mx\/en\/product\/interjeccion-en-la-poltica-ambiental\/\">Read more<\/a><\/p>","protected":false},"featured_media":14566,"template":"","meta":[],"class_list":{"0":"post-14562","1":"product","2":"type-product","3":"status-publish","4":"has-post-thumbnail","6":"product_cat-libros","7":"product_tag-fiscal"},"yoast_head":"<!-- This site is optimized with the Yoast SEO plugin v14.9 - https:\/\/yoast.com\/wordpress\/plugins\/seo\/ -->\n<title>INTERJECCION EN LA P\u00d3LTICA AMBIENTAL - Burgoa Editores, S.A.S.<\/title>\n<meta name=\"robots\" content=\"index, follow, max-snippet:-1, max-image-preview:large, max-video-preview:-1\" \/>\n<link rel=\"canonical\" href=\"https:\/\/burgoa-editores.mx\/en\/product\/interjeccion-en-la-poltica-ambiental\/\" \/>\n<meta property=\"og:locale\" content=\"en_US\" \/>\n<meta property=\"og:type\" content=\"article\" \/>\n<meta property=\"og:title\" content=\"INTERJECCION EN LA P\u00d3LTICA AMBIENTAL - Burgoa Editores, S.A.S.\" \/>\n<meta property=\"og:url\" content=\"https:\/\/burgoa-editores.mx\/en\/product\/interjeccion-en-la-poltica-ambiental\/\" \/>\n<meta property=\"og:site_name\" content=\"Burgoa Editores, S.A.S.\" \/>\n<meta property=\"article:publisher\" content=\"https:\/\/www.facebook.com\/BurgoaEditores\/\" \/>\n<meta property=\"article:author\" content=\"https:\/\/www.facebook.com\/BurgoaEditores\/\" \/>\n<meta property=\"article:modified_time\" content=\"2025-11-09T02:46:48+00:00\" \/>\n<meta property=\"og:image\" content=\"https:\/\/burgoa-editores.mx\/wp-content\/uploads\/2025\/04\/interjeccion-768x1024.png\" \/>\n\t<meta property=\"og:image:width\" content=\"768\" \/>\n\t<meta property=\"og:image:height\" content=\"1024\" \/>\n<meta name=\"twitter:card\" content=\"summary_large_image\" \/>\n<meta name=\"twitter:creator\" content=\"@burgoaeditores\" \/>\n<meta name=\"twitter:site\" content=\"@burgoaeditores\" \/>\n<script type=\"application\/ld+json\" class=\"yoast-schema-graph\">{\"@context\":\"https:\/\/schema.org\",\"@graph\":[{\"@type\":\"Organization\",\"@id\":\"https:\/\/burgoa-editores.mx\/en\/#organization\",\"name\":\"Burgoa Editores S.C.\",\"url\":\"https:\/\/burgoa-editores.mx\/en\/\",\"sameAs\":[\"https:\/\/www.facebook.com\/BurgoaEditores\/\",\"https:\/\/www.youtube.com\/channel\/UCh8cOciWHTRhTn39kZ5pFyQ\/\",\"https:\/\/twitter.com\/burgoaeditores\"],\"logo\":{\"@type\":\"ImageObject\",\"@id\":\"https:\/\/burgoa-editores.mx\/en\/#logo\",\"inLanguage\":\"en-US\",\"url\":\"https:\/\/burgoa-editores.mx\/wp-content\/uploads\/2020\/09\/Logo-Burgoa-Editores-RB-2.png\",\"width\":271,\"height\":300,\"caption\":\"Burgoa Editores S.C.\"},\"image\":{\"@id\":\"https:\/\/burgoa-editores.mx\/en\/#logo\"}},{\"@type\":\"WebSite\",\"@id\":\"https:\/\/burgoa-editores.mx\/en\/#website\",\"url\":\"https:\/\/burgoa-editores.mx\/en\/\",\"name\":\"Burgoa Editores, S.A.S.\",\"description\":\"Editorial\",\"publisher\":{\"@id\":\"https:\/\/burgoa-editores.mx\/en\/#organization\"},\"potentialAction\":[{\"@type\":\"SearchAction\",\"target\":\"https:\/\/burgoa-editores.mx\/en\/?s={search_term_string}\",\"query-input\":\"required name=search_term_string\"}],\"inLanguage\":\"en-US\"},{\"@type\":\"ImageObject\",\"@id\":\"https:\/\/burgoa-editores.mx\/producto\/interjeccion-en-la-poltica-ambiental\/#primaryimage\",\"inLanguage\":\"en-US\",\"url\":\"https:\/\/burgoa-editores.mx\/wp-content\/uploads\/2025\/04\/interjeccion.png\",\"width\":1728,\"height\":2304},{\"@type\":\"WebPage\",\"@id\":\"https:\/\/burgoa-editores.mx\/producto\/interjeccion-en-la-poltica-ambiental\/#webpage\",\"url\":\"https:\/\/burgoa-editores.mx\/producto\/interjeccion-en-la-poltica-ambiental\/\",\"name\":\"INTERJECCION EN LA P\\u00d3LTICA AMBIENTAL - Burgoa Editores, S.A.S.\",\"isPartOf\":{\"@id\":\"https:\/\/burgoa-editores.mx\/en\/#website\"},\"primaryImageOfPage\":{\"@id\":\"https:\/\/burgoa-editores.mx\/producto\/interjeccion-en-la-poltica-ambiental\/#primaryimage\"},\"datePublished\":\"2025-04-26T02:21:17+00:00\",\"dateModified\":\"2025-11-09T02:46:48+00:00\",\"inLanguage\":\"en-US\",\"potentialAction\":[{\"@type\":\"ReadAction\",\"target\":[\"https:\/\/burgoa-editores.mx\/producto\/interjeccion-en-la-poltica-ambiental\/\"]}]}]}<\/script>\n<!-- \/ Yoast SEO plugin. -->","_links":{"self":[{"href":"https:\/\/burgoa-editores.mx\/en\/wp-json\/wp\/v2\/product\/14562","targetHints":{"allow":["GET"]}}],"collection":[{"href":"https:\/\/burgoa-editores.mx\/en\/wp-json\/wp\/v2\/product"}],"about":[{"href":"https:\/\/burgoa-editores.mx\/en\/wp-json\/wp\/v2\/types\/product"}],"wp:featuredmedia":[{"embeddable":true,"href":"https:\/\/burgoa-editores.mx\/en\/wp-json\/wp\/v2\/media\/14566"}],"wp:attachment":[{"href":"https:\/\/burgoa-editores.mx\/en\/wp-json\/wp\/v2\/media?parent=14562"}],"curies":[{"name":"wp","href":"https:\/\/api.w.org\/{rel}","templated":true}]}}