{"id":14610,"date":"2025-08-06T10:10:54","date_gmt":"2025-08-06T15:10:54","guid":{"rendered":"https:\/\/burgoa-editores.mx\/?post_type=product&#038;p=14610"},"modified":"2025-11-18T00:00:45","modified_gmt":"2025-11-18T06:00:45","slug":"reflexiones-de-derecho-administrativo","status":"publish","type":"product","link":"https:\/\/burgoa-editores.mx\/en\/product\/reflexiones-de-derecho-administrativo\/","title":{"rendered":"REFLEXIONES DE DERECHO ADMINISTRATIVO"},"content":{"rendered":"<p>Esta obra es un homenaje colectivo a Don Jorge Fern\u00e1ndez Ruiz, quien ha dejado una profunda huella en el Derecho administrativo, en el ambiente acad\u00e9mico, en la Universidad Nacional Aut\u00f3noma de M\u00e9xico, en la Administraci\u00f3n p\u00fablica, en las incontables universidades del mundo en las que fue profesor invitado, conferencista y congresista y en los muchos buenos amigos en los que prodig\u00f3 su generosidad.<\/p>\n<p>En esta obra encontraremos expresiones personales, acad\u00e9micas, institucionales, que intentan celebrar la vida personal y acad\u00e9mica del doctor Fern\u00e1ndez Ruiz. En ellas hay relatos de experiencias personales de los autores con Don Jorge y hay tambi\u00e9n estudios jur\u00eddicos en funci\u00f3n de la obra acad\u00e9mica del homenajeado.<\/p>\n<p>Es este un ejercicio humano y acad\u00e9mico, personal y profesional, en el que encontraremos el pensamiento de Don Jorge y muchos destellos de su generosidad y amistad.<\/p>\n<p>Sin duda el lector encontrar\u00e1 provecho acad\u00e9mico en los art\u00edculos que se incluyen y tambi\u00e9n disfrutables an\u00e9cdotas y rasgos de valor del doctor Fern\u00e1ndez Ruiz.<\/p>","protected":false},"excerpt":{"rendered":"<p><a href=\"https:\/\/www.amazon.com.mx\/Reflexiones-derecho-administrativo-memoria-Fern%C3%A1ndez\/dp\/6075990585\/ref=sr_1_1?__mk_es_MX=%C3%85M%C3%85%C5%BD%C3%95%C3%91&amp;crid=FF28ZBS3X78T&amp;dib=eyJ2IjoiMSJ9.8VmjhaqWGjkhtKgxvvz5JarLrPlJJJeqPtQAG9jpHBmAJyK2Qqask4XVZUg1HV72wUMCoH6-HNz0AscuSLywjvTAVGNckR_GtlHo9DZyZhTIjvg5e49S_-EZ8VbpOjUgFbz40fIWK5h6d53AJYPxLVSB4N4CCC57AHFh0CyQyHsote1dRAc0p9vIV7Y4yOX_jz3M6zEOPUSNp9dE60MlJSJYyJrjQ5EGcJSfSSlHatU.UeDjZfSlM3KeGxOOKD6sGQOWRwVjWglMSxEGQ6B0WzE&amp;dib_tag=se&amp;keywords=REFLEXIONES+DE+DERECHO+ADMINISTRATIVO&amp;qid=1756223348&amp;s=books&amp;sprefix=reflexiones+de+derecho+administrativo%2Cstripbooks%2C162&amp;sr=1-1&amp;ufe=app_do%3Aamzn1.fos.de93fa6a-174c-4df7-be7c-5bc8e9c5a71b\"><img decoding=\"async\" src=\"https:\/\/burgoa-editores.mx\/wp-content\/uploads\/2021\/05\/disponible_kindle-e1626978297450.png\" \/><\/a><\/p>\n<p> <a class=\"more-link\" href=\"https:\/\/burgoa-editores.mx\/en\/product\/reflexiones-de-derecho-administrativo\/\">Read more<\/a><\/p>","protected":false},"featured_media":14611,"template":"","meta":[],"class_list":{"0":"post-14610","1":"product","2":"type-product","3":"status-publish","4":"has-post-thumbnail","6":"product_cat-libros","7":"product_tag-fiscal"},"yoast_head":"<!-- This site is optimized with the Yoast SEO plugin v14.9 - https:\/\/yoast.com\/wordpress\/plugins\/seo\/ -->\n<title>REFLEXIONES DE DERECHO ADMINISTRATIVO - Burgoa Editores, S.A.S.<\/title>\n<meta name=\"robots\" content=\"index, follow, max-snippet:-1, max-image-preview:large, max-video-preview:-1\" \/>\n<link rel=\"canonical\" href=\"https:\/\/burgoa-editores.mx\/en\/product\/reflexiones-de-derecho-administrativo\/\" \/>\n<meta property=\"og:locale\" content=\"en_US\" \/>\n<meta property=\"og:type\" content=\"article\" \/>\n<meta property=\"og:title\" content=\"REFLEXIONES DE DERECHO ADMINISTRATIVO - Burgoa Editores, S.A.S.\" \/>\n<meta property=\"og:url\" content=\"https:\/\/burgoa-editores.mx\/en\/product\/reflexiones-de-derecho-administrativo\/\" \/>\n<meta property=\"og:site_name\" content=\"Burgoa Editores, S.A.S.\" \/>\n<meta property=\"article:publisher\" content=\"https:\/\/www.facebook.com\/BurgoaEditores\/\" \/>\n<meta property=\"article:author\" content=\"https:\/\/www.facebook.com\/BurgoaEditores\/\" \/>\n<meta property=\"article:modified_time\" content=\"2025-11-18T06:00:45+00:00\" \/>\n<meta property=\"og:image\" content=\"https:\/\/burgoa-editores.mx\/wp-content\/uploads\/2025\/08\/REFLEXIONES-768x1024.png\" \/>\n\t<meta property=\"og:image:width\" content=\"768\" \/>\n\t<meta property=\"og:image:height\" content=\"1024\" \/>\n<meta name=\"twitter:card\" content=\"summary_large_image\" \/>\n<meta name=\"twitter:creator\" content=\"@burgoaeditores\" \/>\n<meta name=\"twitter:site\" content=\"@burgoaeditores\" \/>\n<script type=\"application\/ld+json\" class=\"yoast-schema-graph\">{\"@context\":\"https:\/\/schema.org\",\"@graph\":[{\"@type\":\"Organization\",\"@id\":\"https:\/\/burgoa-editores.mx\/en\/#organization\",\"name\":\"Burgoa Editores S.C.\",\"url\":\"https:\/\/burgoa-editores.mx\/en\/\",\"sameAs\":[\"https:\/\/www.facebook.com\/BurgoaEditores\/\",\"https:\/\/www.youtube.com\/channel\/UCh8cOciWHTRhTn39kZ5pFyQ\/\",\"https:\/\/twitter.com\/burgoaeditores\"],\"logo\":{\"@type\":\"ImageObject\",\"@id\":\"https:\/\/burgoa-editores.mx\/en\/#logo\",\"inLanguage\":\"en-US\",\"url\":\"https:\/\/burgoa-editores.mx\/wp-content\/uploads\/2020\/09\/Logo-Burgoa-Editores-RB-2.png\",\"width\":271,\"height\":300,\"caption\":\"Burgoa Editores S.C.\"},\"image\":{\"@id\":\"https:\/\/burgoa-editores.mx\/en\/#logo\"}},{\"@type\":\"WebSite\",\"@id\":\"https:\/\/burgoa-editores.mx\/en\/#website\",\"url\":\"https:\/\/burgoa-editores.mx\/en\/\",\"name\":\"Burgoa Editores, S.A.S.\",\"description\":\"Editorial\",\"publisher\":{\"@id\":\"https:\/\/burgoa-editores.mx\/en\/#organization\"},\"potentialAction\":[{\"@type\":\"SearchAction\",\"target\":\"https:\/\/burgoa-editores.mx\/en\/?s={search_term_string}\",\"query-input\":\"required name=search_term_string\"}],\"inLanguage\":\"en-US\"},{\"@type\":\"ImageObject\",\"@id\":\"https:\/\/burgoa-editores.mx\/producto\/reflexiones-de-derecho-administrativo\/#primaryimage\",\"inLanguage\":\"en-US\",\"url\":\"https:\/\/burgoa-editores.mx\/wp-content\/uploads\/2025\/08\/REFLEXIONES.png\",\"width\":1728,\"height\":2304},{\"@type\":\"WebPage\",\"@id\":\"https:\/\/burgoa-editores.mx\/producto\/reflexiones-de-derecho-administrativo\/#webpage\",\"url\":\"https:\/\/burgoa-editores.mx\/producto\/reflexiones-de-derecho-administrativo\/\",\"name\":\"REFLEXIONES DE DERECHO ADMINISTRATIVO - Burgoa Editores, S.A.S.\",\"isPartOf\":{\"@id\":\"https:\/\/burgoa-editores.mx\/en\/#website\"},\"primaryImageOfPage\":{\"@id\":\"https:\/\/burgoa-editores.mx\/producto\/reflexiones-de-derecho-administrativo\/#primaryimage\"},\"datePublished\":\"2025-08-06T15:10:54+00:00\",\"dateModified\":\"2025-11-18T06:00:45+00:00\",\"inLanguage\":\"en-US\",\"potentialAction\":[{\"@type\":\"ReadAction\",\"target\":[\"https:\/\/burgoa-editores.mx\/producto\/reflexiones-de-derecho-administrativo\/\"]}]}]}<\/script>\n<!-- \/ Yoast SEO plugin. -->","_links":{"self":[{"href":"https:\/\/burgoa-editores.mx\/en\/wp-json\/wp\/v2\/product\/14610","targetHints":{"allow":["GET"]}}],"collection":[{"href":"https:\/\/burgoa-editores.mx\/en\/wp-json\/wp\/v2\/product"}],"about":[{"href":"https:\/\/burgoa-editores.mx\/en\/wp-json\/wp\/v2\/types\/product"}],"wp:featuredmedia":[{"embeddable":true,"href":"https:\/\/burgoa-editores.mx\/en\/wp-json\/wp\/v2\/media\/14611"}],"wp:attachment":[{"href":"https:\/\/burgoa-editores.mx\/en\/wp-json\/wp\/v2\/media?parent=14610"}],"curies":[{"name":"wp","href":"https:\/\/api.w.org\/{rel}","templated":true}]}}