{"id":14614,"date":"2025-08-11T17:42:15","date_gmt":"2025-08-11T22:42:15","guid":{"rendered":"https:\/\/burgoa-editores.mx\/?post_type=product&#038;p=14614"},"modified":"2025-11-18T00:00:45","modified_gmt":"2025-11-18T06:00:45","slug":"ley-antilavado-actualizada-y-comentada","status":"publish","type":"product","link":"https:\/\/burgoa-editores.mx\/en\/product\/ley-antilavado-actualizada-y-comentada\/","title":{"rendered":"LEY ANTILAVADO ACTUALIZADA Y COMENTADA"},"content":{"rendered":"<p><strong>LEY FEDERAL PARA LA PREVENCI\u00d3N E IDENTIFICACI\u00d3N DE OPERACIONES CON RECURSOS DE PROCEDENCIA IL\u00cdCITA<\/strong><\/p>\n<p><strong>\u00a0<\/strong><\/p>\n<p>La tipificaci\u00f3n del delito de lavado de dinero en M\u00e9xico tiene sus or\u00edgenes en 1989, cuando se incorpor\u00f3 al C\u00f3digo Fiscal de la Federaci\u00f3n en su art\u00edculo 115 Bis como un delito especial de naturaleza fiscal, denominado \u201coperaciones con recursos de procedencia il\u00edcita\u201d. Esta primera aproximaci\u00f3n normativa estableci\u00f3 las bases para el desarrollo posterior de un marco jur\u00eddico m\u00e1s comprehensivo.<\/p>\n<p>Esta obra adopta un enfoque integral que combina el an\u00e1lisis jur\u00eddico riguroso con la experiencia practica derivada del proceso legislativo. Cada art\u00edculo se analiza siguiendo una estructura sistem\u00e1tica que incluye el texto legal integro, sus antecedentes, an\u00e1lisis t\u00e9cnico, aspectos pr\u00e1cticos de implementaci\u00f3n y criterios interpretativos recomendados.<\/p>\n<p>Los comentarios se enriquecen con documentaci\u00f3n \u00fanica del proceso legislativo y la experiencia directa en las negociaciones con diversos sectores. La metodolog\u00eda busca proporcionar no solo una interpretaci\u00f3n t\u00e9cnica de las disposiciones, sino tambi\u00e9n revelar el contexto, las motivaciones y las consideraciones pr\u00e1cticas que moldearon cada art\u00edculo.<\/p>\n<p>Los comentarios que hago respecto de la Ley en general y de los art\u00edculos y fracciones en concreto, pretenden servir de herramienta para comprender no solo el contenido normativo de la Ley, sino tambi\u00e9n su aplicaci\u00f3n pr\u00e1ctica, contribuyendo as\u00ed a la consecuci\u00f3n de sus objetivos fundamentales y al fortalecimiento del sistema de prevenci\u00f3n de lavado de dinero en M\u00e9xico.<\/p>","protected":false},"excerpt":{"rendered":"<p><img decoding=\"async\" src=\"https:\/\/burgoa-editores.mx\/wp-content\/uploads\/2021\/05\/disponible_kindle-e1626978297450.png\" \/><\/p>\n<p><iframe loading=\"lazy\" style=\"max-width: 100%;\" src=\"https:\/\/leer.amazon.com.mx\/kp\/card?asin=B0FLNCDWTM&amp;preview=inline&amp;linkCode=kpe&amp;ref_=cm_sw_r_kb_dp_2RBVVCBZNA7Q37DGV45C\" width=\"336\" height=\"550\" frameborder=\"0\" sandbox=\"allow-scripts allow-same-origin allow-popups\" allowfullscreen=\"allowfullscreen\"><\/iframe><\/p>\n<p> <a class=\"more-link\" href=\"https:\/\/burgoa-editores.mx\/en\/product\/ley-antilavado-actualizada-y-comentada\/\">Read more<\/a><\/p>","protected":false},"featured_media":14615,"template":"","meta":[],"class_list":{"0":"post-14614","1":"product","2":"type-product","3":"status-publish","4":"has-post-thumbnail","6":"product_cat-libros","7":"product_tag-fiscal"},"yoast_head":"<!-- This site is optimized with the Yoast SEO plugin v14.9 - https:\/\/yoast.com\/wordpress\/plugins\/seo\/ -->\n<title>LEY ANTILAVADO ACTUALIZADA Y COMENTADA - Burgoa Editores, S.A.S.<\/title>\n<meta name=\"robots\" content=\"index, follow, max-snippet:-1, max-image-preview:large, max-video-preview:-1\" \/>\n<link rel=\"canonical\" href=\"https:\/\/burgoa-editores.mx\/en\/product\/ley-antilavado-actualizada-y-comentada\/\" \/>\n<meta property=\"og:locale\" content=\"en_US\" \/>\n<meta property=\"og:type\" content=\"article\" \/>\n<meta property=\"og:title\" content=\"LEY ANTILAVADO ACTUALIZADA Y COMENTADA - Burgoa Editores, S.A.S.\" \/>\n<meta property=\"og:url\" content=\"https:\/\/burgoa-editores.mx\/en\/product\/ley-antilavado-actualizada-y-comentada\/\" \/>\n<meta property=\"og:site_name\" content=\"Burgoa Editores, S.A.S.\" \/>\n<meta property=\"article:publisher\" content=\"https:\/\/www.facebook.com\/BurgoaEditores\/\" \/>\n<meta property=\"article:author\" content=\"https:\/\/www.facebook.com\/BurgoaEditores\/\" \/>\n<meta property=\"article:modified_time\" content=\"2025-11-18T06:00:45+00:00\" \/>\n<meta property=\"og:image\" content=\"https:\/\/burgoa-editores.mx\/wp-content\/uploads\/2025\/08\/ley-antilavado-768x1024.png\" \/>\n\t<meta property=\"og:image:width\" content=\"768\" \/>\n\t<meta property=\"og:image:height\" content=\"1024\" \/>\n<meta name=\"twitter:card\" content=\"summary_large_image\" \/>\n<meta name=\"twitter:creator\" content=\"@burgoaeditores\" \/>\n<meta name=\"twitter:site\" content=\"@burgoaeditores\" \/>\n<script type=\"application\/ld+json\" class=\"yoast-schema-graph\">{\"@context\":\"https:\/\/schema.org\",\"@graph\":[{\"@type\":\"Organization\",\"@id\":\"https:\/\/burgoa-editores.mx\/en\/#organization\",\"name\":\"Burgoa Editores S.C.\",\"url\":\"https:\/\/burgoa-editores.mx\/en\/\",\"sameAs\":[\"https:\/\/www.facebook.com\/BurgoaEditores\/\",\"https:\/\/www.youtube.com\/channel\/UCh8cOciWHTRhTn39kZ5pFyQ\/\",\"https:\/\/twitter.com\/burgoaeditores\"],\"logo\":{\"@type\":\"ImageObject\",\"@id\":\"https:\/\/burgoa-editores.mx\/en\/#logo\",\"inLanguage\":\"en-US\",\"url\":\"https:\/\/burgoa-editores.mx\/wp-content\/uploads\/2020\/09\/Logo-Burgoa-Editores-RB-2.png\",\"width\":271,\"height\":300,\"caption\":\"Burgoa Editores S.C.\"},\"image\":{\"@id\":\"https:\/\/burgoa-editores.mx\/en\/#logo\"}},{\"@type\":\"WebSite\",\"@id\":\"https:\/\/burgoa-editores.mx\/en\/#website\",\"url\":\"https:\/\/burgoa-editores.mx\/en\/\",\"name\":\"Burgoa Editores, S.A.S.\",\"description\":\"Editorial\",\"publisher\":{\"@id\":\"https:\/\/burgoa-editores.mx\/en\/#organization\"},\"potentialAction\":[{\"@type\":\"SearchAction\",\"target\":\"https:\/\/burgoa-editores.mx\/en\/?s={search_term_string}\",\"query-input\":\"required name=search_term_string\"}],\"inLanguage\":\"en-US\"},{\"@type\":\"ImageObject\",\"@id\":\"https:\/\/burgoa-editores.mx\/producto\/ley-antilavado-actualizada-y-comentada\/#primaryimage\",\"inLanguage\":\"en-US\",\"url\":\"https:\/\/burgoa-editores.mx\/wp-content\/uploads\/2025\/08\/ley-antilavado.png\",\"width\":1728,\"height\":2304},{\"@type\":\"WebPage\",\"@id\":\"https:\/\/burgoa-editores.mx\/producto\/ley-antilavado-actualizada-y-comentada\/#webpage\",\"url\":\"https:\/\/burgoa-editores.mx\/producto\/ley-antilavado-actualizada-y-comentada\/\",\"name\":\"LEY ANTILAVADO ACTUALIZADA Y COMENTADA - Burgoa Editores, S.A.S.\",\"isPartOf\":{\"@id\":\"https:\/\/burgoa-editores.mx\/en\/#website\"},\"primaryImageOfPage\":{\"@id\":\"https:\/\/burgoa-editores.mx\/producto\/ley-antilavado-actualizada-y-comentada\/#primaryimage\"},\"datePublished\":\"2025-08-11T22:42:15+00:00\",\"dateModified\":\"2025-11-18T06:00:45+00:00\",\"inLanguage\":\"en-US\",\"potentialAction\":[{\"@type\":\"ReadAction\",\"target\":[\"https:\/\/burgoa-editores.mx\/producto\/ley-antilavado-actualizada-y-comentada\/\"]}]}]}<\/script>\n<!-- \/ Yoast SEO plugin. -->","_links":{"self":[{"href":"https:\/\/burgoa-editores.mx\/en\/wp-json\/wp\/v2\/product\/14614","targetHints":{"allow":["GET"]}}],"collection":[{"href":"https:\/\/burgoa-editores.mx\/en\/wp-json\/wp\/v2\/product"}],"about":[{"href":"https:\/\/burgoa-editores.mx\/en\/wp-json\/wp\/v2\/types\/product"}],"wp:featuredmedia":[{"embeddable":true,"href":"https:\/\/burgoa-editores.mx\/en\/wp-json\/wp\/v2\/media\/14615"}],"wp:attachment":[{"href":"https:\/\/burgoa-editores.mx\/en\/wp-json\/wp\/v2\/media?parent=14614"}],"curies":[{"name":"wp","href":"https:\/\/api.w.org\/{rel}","templated":true}]}}