{"id":14739,"date":"2025-12-02T15:27:49","date_gmt":"2025-12-02T21:27:49","guid":{"rendered":"https:\/\/burgoa-editores.mx\/?post_type=product&#038;p=14739"},"modified":"2025-12-02T15:31:33","modified_gmt":"2025-12-02T21:31:33","slug":"beneficiario-controlador","status":"publish","type":"product","link":"https:\/\/burgoa-editores.mx\/en\/product\/beneficiario-controlador\/","title":{"rendered":"BENEFICIARIO CONTROLADOR"},"content":{"rendered":"<p>El beneficiario controlador es un tema que ha cobrado relevancia con el paso de los a\u00f1os y que se ha incorporado al \u00e1mbito fiscal hasta formar parte de la contabilidad de los contribuyentes. El expediente que lo identifica, junto con la documentaci\u00f3n correspondiente, puede ser requerido por las autoridades hacendarias, bajo la advertencia de severas sanciones, en virtud del compromiso de M\u00e9xico con los organismos internacionales a los que pertenece., como el Grupo de Acci\u00f3n Financiera Internacional (GAFI) y la Organizaci\u00f3n para la Cooperaci\u00f3n y Desarrollo Econ\u00f3micos (OCDE). Sin embargo, pese a la importancia del tema, aun se conoce poco sobre el y, en muchos casos, la obligaci\u00f3n se cumple mas para evitar sanciones que por la comprensi\u00f3n del verdadero prop\u00f3sito que representa.<\/p>\n<p>Pero, el tema de beneficiario controlador no descansa solo en la materia administrativa (pues,\u00a0 aunque tambi\u00e9n se confunde con el tema, la LFPIORPI \u2013 Ley Federal para la Prevenci\u00f3n e Identificaci\u00f3n de Operaciones con Recursos de Procedencia Il\u00edcita \u2013 no es una norma punitiva sino administrativa), ya que, igualmente discurre a la materia fiscal, en donde la importancia primaria no es ya el il\u00edcito de lavado de dinero con delito predicado, sino, la obtenci\u00f3n de ingresos que amerita el pago de contribuciones.<\/p>\n<p>Asi, esta obra se desarrolla en la importancia de ambas materias, sin incurrir en parafraseo de normas, sino, m\u00e1s importante a\u00fan, mediante un estudio reflexivo y critico en cada uno, e incluso, mediante el uso de ejemplos que muestren al lector la realidad de lo que el tema implica.<\/p>\n<p>Todos los autores participan desde su experiencia pr\u00e1ctica, acad\u00e9mica, de investigaci\u00f3n y desde la creaci\u00f3n misma de la LFPIORPI y jurisdiccional. Autores que abonan con reflexi\u00f3n, an\u00e1lisis y discernimiento t\u00e9cnico sobre el tema, para que el lector tenga un mejor conocimiento y abone al debido cumplimiento de las normas, como parte del r\u00e9gimen de cumplimiento (compliance), incluidos los fideicomisos, punto que igualmente aborda esta obra, dada la naturaleza <em>sui generis<\/em> y dual de esta figura (meramente contractual para la rama mercantil, pero persona moral para la rama fiscal).<\/p>","protected":false},"excerpt":{"rendered":"<p>El beneficiario controlador es un tema que ha cobrado relevancia&hellip;<\/p>\n<p> <a class=\"more-link\" href=\"https:\/\/burgoa-editores.mx\/en\/product\/beneficiario-controlador\/\">Read more<\/a><\/p>","protected":false},"featured_media":14740,"template":"","meta":[],"class_list":{"0":"post-14739","1":"product","2":"type-product","3":"status-publish","4":"has-post-thumbnail","6":"product_cat-libros","7":"product_tag-fiscal"},"yoast_head":"<!-- This site is optimized with the Yoast SEO plugin v14.9 - https:\/\/yoast.com\/wordpress\/plugins\/seo\/ -->\n<title>BENEFICIARIO CONTROLADOR - Burgoa Editores, S.A.S.<\/title>\n<meta name=\"robots\" content=\"index, follow, max-snippet:-1, max-image-preview:large, max-video-preview:-1\" \/>\n<link rel=\"canonical\" href=\"https:\/\/burgoa-editores.mx\/en\/product\/beneficiario-controlador\/\" \/>\n<meta property=\"og:locale\" content=\"en_US\" \/>\n<meta property=\"og:type\" content=\"article\" \/>\n<meta property=\"og:title\" content=\"BENEFICIARIO CONTROLADOR - Burgoa Editores, S.A.S.\" \/>\n<meta property=\"og:description\" content=\"El beneficiario controlador es un tema que ha cobrado relevancia&hellip;  Read more\" \/>\n<meta property=\"og:url\" content=\"https:\/\/burgoa-editores.mx\/en\/product\/beneficiario-controlador\/\" \/>\n<meta property=\"og:site_name\" content=\"Burgoa Editores, S.A.S.\" \/>\n<meta property=\"article:publisher\" content=\"https:\/\/www.facebook.com\/BurgoaEditores\/\" \/>\n<meta property=\"article:author\" content=\"https:\/\/www.facebook.com\/BurgoaEditores\/\" \/>\n<meta property=\"article:modified_time\" content=\"2025-12-02T21:31:33+00:00\" \/>\n<meta property=\"og:image\" content=\"https:\/\/burgoa-editores.mx\/wp-content\/uploads\/2025\/12\/Beneficiario_controlador-768x1024.png\" \/>\n\t<meta property=\"og:image:width\" content=\"768\" \/>\n\t<meta property=\"og:image:height\" content=\"1024\" \/>\n<meta name=\"twitter:card\" content=\"summary_large_image\" \/>\n<meta name=\"twitter:creator\" content=\"@burgoaeditores\" \/>\n<meta name=\"twitter:site\" content=\"@burgoaeditores\" \/>\n<script type=\"application\/ld+json\" class=\"yoast-schema-graph\">{\"@context\":\"https:\/\/schema.org\",\"@graph\":[{\"@type\":\"Organization\",\"@id\":\"https:\/\/burgoa-editores.mx\/en\/#organization\",\"name\":\"Burgoa Editores S.C.\",\"url\":\"https:\/\/burgoa-editores.mx\/en\/\",\"sameAs\":[\"https:\/\/www.facebook.com\/BurgoaEditores\/\",\"https:\/\/www.youtube.com\/channel\/UCh8cOciWHTRhTn39kZ5pFyQ\/\",\"https:\/\/twitter.com\/burgoaeditores\"],\"logo\":{\"@type\":\"ImageObject\",\"@id\":\"https:\/\/burgoa-editores.mx\/en\/#logo\",\"inLanguage\":\"en-US\",\"url\":\"https:\/\/burgoa-editores.mx\/wp-content\/uploads\/2020\/09\/Logo-Burgoa-Editores-RB-2.png\",\"width\":271,\"height\":300,\"caption\":\"Burgoa Editores S.C.\"},\"image\":{\"@id\":\"https:\/\/burgoa-editores.mx\/en\/#logo\"}},{\"@type\":\"WebSite\",\"@id\":\"https:\/\/burgoa-editores.mx\/en\/#website\",\"url\":\"https:\/\/burgoa-editores.mx\/en\/\",\"name\":\"Burgoa Editores, S.A.S.\",\"description\":\"Editorial\",\"publisher\":{\"@id\":\"https:\/\/burgoa-editores.mx\/en\/#organization\"},\"potentialAction\":[{\"@type\":\"SearchAction\",\"target\":\"https:\/\/burgoa-editores.mx\/en\/?s={search_term_string}\",\"query-input\":\"required name=search_term_string\"}],\"inLanguage\":\"en-US\"},{\"@type\":\"ImageObject\",\"@id\":\"https:\/\/burgoa-editores.mx\/producto\/beneficiario-controlador\/#primaryimage\",\"inLanguage\":\"en-US\",\"url\":\"https:\/\/burgoa-editores.mx\/wp-content\/uploads\/2025\/12\/Beneficiario_controlador.png\",\"width\":1728,\"height\":2304},{\"@type\":\"WebPage\",\"@id\":\"https:\/\/burgoa-editores.mx\/producto\/beneficiario-controlador\/#webpage\",\"url\":\"https:\/\/burgoa-editores.mx\/producto\/beneficiario-controlador\/\",\"name\":\"BENEFICIARIO CONTROLADOR - Burgoa Editores, S.A.S.\",\"isPartOf\":{\"@id\":\"https:\/\/burgoa-editores.mx\/en\/#website\"},\"primaryImageOfPage\":{\"@id\":\"https:\/\/burgoa-editores.mx\/producto\/beneficiario-controlador\/#primaryimage\"},\"datePublished\":\"2025-12-02T21:27:49+00:00\",\"dateModified\":\"2025-12-02T21:31:33+00:00\",\"inLanguage\":\"en-US\",\"potentialAction\":[{\"@type\":\"ReadAction\",\"target\":[\"https:\/\/burgoa-editores.mx\/producto\/beneficiario-controlador\/\"]}]}]}<\/script>\n<!-- \/ Yoast SEO plugin. -->","_links":{"self":[{"href":"https:\/\/burgoa-editores.mx\/en\/wp-json\/wp\/v2\/product\/14739","targetHints":{"allow":["GET"]}}],"collection":[{"href":"https:\/\/burgoa-editores.mx\/en\/wp-json\/wp\/v2\/product"}],"about":[{"href":"https:\/\/burgoa-editores.mx\/en\/wp-json\/wp\/v2\/types\/product"}],"wp:featuredmedia":[{"embeddable":true,"href":"https:\/\/burgoa-editores.mx\/en\/wp-json\/wp\/v2\/media\/14740"}],"wp:attachment":[{"href":"https:\/\/burgoa-editores.mx\/en\/wp-json\/wp\/v2\/media?parent=14739"}],"curies":[{"name":"wp","href":"https:\/\/api.w.org\/{rel}","templated":true}]}}