{"id":14752,"date":"2026-01-13T15:35:08","date_gmt":"2026-01-13T21:35:08","guid":{"rendered":"https:\/\/burgoa-editores.mx\/?post_type=product&#038;p=14752"},"modified":"2026-01-13T15:38:59","modified_gmt":"2026-01-13T21:38:59","slug":"reforma-fiscal-2026","status":"publish","type":"product","link":"https:\/\/burgoa-editores.mx\/en\/product\/reforma-fiscal-2026\/","title":{"rendered":"REFORMA FISCAL 2026"},"content":{"rendered":"<p>Algunas personas consideran que a partir del nuevo tipo de gobierno en nuestro pa\u00eds, enfocado a personas f\u00edsicas, principalmente a las menos favorecidas econ\u00f3micamente, desde\u00f1ando empresas y corporaciones, es claro que la tributaci\u00f3n se ha abocado a estas ultimas sin beneficios novedosos ni apoyos en momentos cr\u00edticos, como la pandemia en 2020, de que ha llevado a un cierre de oportunidades y desaliento en la inversi\u00f3n interna y externa pues, si ha de favorecerse s\u00f3lo a un sector de la poblaci\u00f3n y no a todos por igual \u2013 pese a que todos concurren al desarrollo econ\u00f3mico, seg\u00fan el art\u00edculo 25 constitucional \u2013 da en consecuencia un desequilibrio palmario que, agavillado con la suma de deberes que arroga el Estado a partir de la reforma al art\u00edculo 4 constitucional, publicado en el DOF el 8 de mayo de 2020, la pregunta constante es \u00bfde d\u00f3nde se obtendr\u00e1n los recursos necesarios para dichos programas asistencialistas, ante una econom\u00eda perif\u00e9rica que lucha por salir adelante?<\/p>\n<p>Sin olvidar que durante 2024 hubo cambios en la ley antilavado que se resienten en lo fiscal por la figura del \u201cbeneficiario controlador\u201d, cuyos avisos de actividad vulnerable se encarga el SAT quien siempre ve la oportunidad de recaudar mas que evitar el verdadero fin de la norma (evitar el lavado de dinero), con lo cual, el pa\u00eds da m\u00e1s atenci\u00f3n a las multas que pueda imponer el SAT por dicha ley, antes que ver si en verdad se han reducido los \u00edndices de criminalidad por lavado de dinero.<\/p>\n<p>En resumen, como en com\u00fan al inicio de una nueva administraci\u00f3n, se crean cambios que son tratados en esta obra, en la cual, participan diversos autores, investigadores, profesores, practicantes, litigantes y anteriores integrantes de tribunales, quienes realizan un an\u00e1lisis y estudio de la reforma fiscal 2026bajo reflexiones basadas en su experiencia y muestra de ejemplos con los que el lector podr\u00e1 tener una mejor idea del alcance e impacto que podr\u00e1n tener los cambios para el siguiente a\u00f1o.<\/p>\n<p>Como en otras obras conjuntas, esta tiene la bondad de ser consultada conforme al tema que interese al lector sin necesidad de seguir el rigor de ordenen que es escrita ya que, cada cap\u00edtulo se escribe con una aportaci\u00f3n individual del autor que, en conjunto con los dem\u00e1s, busca abonar y apoyar en el debido entendimiento del libro par ayudar a enfrentar adecuada y exitosamente su posible aplicaci\u00f3n futura para beneficio del contribuyente y debida contribuci\u00f3n al gasto p\u00fablico, atentos siempre al Estado de Derecho<\/p>","protected":false},"excerpt":{"rendered":"<p>Algunas personas consideran que a partir del nuevo tipo de&hellip;<\/p>\n<p> <a class=\"more-link\" href=\"https:\/\/burgoa-editores.mx\/en\/product\/reforma-fiscal-2026\/\">Read more<\/a><\/p>","protected":false},"featured_media":14753,"template":"","meta":[],"class_list":{"0":"post-14752","1":"product","2":"type-product","3":"status-publish","4":"has-post-thumbnail","6":"product_cat-libros","7":"product_tag-fiscal"},"yoast_head":"<!-- This site is optimized with the Yoast SEO plugin v14.9 - https:\/\/yoast.com\/wordpress\/plugins\/seo\/ -->\n<title>REFORMA FISCAL 2026 - Burgoa Editores, S.A.S.<\/title>\n<meta name=\"robots\" content=\"index, follow, max-snippet:-1, max-image-preview:large, max-video-preview:-1\" \/>\n<link rel=\"canonical\" href=\"https:\/\/burgoa-editores.mx\/en\/product\/reforma-fiscal-2026\/\" \/>\n<meta property=\"og:locale\" content=\"en_US\" \/>\n<meta property=\"og:type\" content=\"article\" \/>\n<meta property=\"og:title\" content=\"REFORMA FISCAL 2026 - Burgoa Editores, S.A.S.\" \/>\n<meta property=\"og:description\" content=\"Algunas personas consideran que a partir del nuevo tipo de&hellip;  Read more\" \/>\n<meta property=\"og:url\" content=\"https:\/\/burgoa-editores.mx\/en\/product\/reforma-fiscal-2026\/\" \/>\n<meta property=\"og:site_name\" content=\"Burgoa Editores, S.A.S.\" \/>\n<meta property=\"article:publisher\" content=\"https:\/\/www.facebook.com\/BurgoaEditores\/\" \/>\n<meta property=\"article:author\" content=\"https:\/\/www.facebook.com\/BurgoaEditores\/\" \/>\n<meta property=\"article:modified_time\" content=\"2026-01-13T21:38:59+00:00\" \/>\n<meta property=\"og:image\" content=\"https:\/\/burgoa-editores.mx\/wp-content\/uploads\/2026\/01\/Reforma-2026.png\" \/>\n\t<meta property=\"og:image:width\" content=\"1728\" \/>\n\t<meta property=\"og:image:height\" content=\"2304\" \/>\n<meta name=\"twitter:card\" content=\"summary_large_image\" \/>\n<meta name=\"twitter:creator\" content=\"@burgoaeditores\" \/>\n<meta name=\"twitter:site\" content=\"@burgoaeditores\" \/>\n<script type=\"application\/ld+json\" class=\"yoast-schema-graph\">{\"@context\":\"https:\/\/schema.org\",\"@graph\":[{\"@type\":\"Organization\",\"@id\":\"https:\/\/burgoa-editores.mx\/en\/#organization\",\"name\":\"Burgoa Editores S.C.\",\"url\":\"https:\/\/burgoa-editores.mx\/en\/\",\"sameAs\":[\"https:\/\/www.facebook.com\/BurgoaEditores\/\",\"https:\/\/www.youtube.com\/channel\/UCh8cOciWHTRhTn39kZ5pFyQ\/\",\"https:\/\/twitter.com\/burgoaeditores\"],\"logo\":{\"@type\":\"ImageObject\",\"@id\":\"https:\/\/burgoa-editores.mx\/en\/#logo\",\"inLanguage\":\"en-US\",\"url\":\"https:\/\/burgoa-editores.mx\/wp-content\/uploads\/2020\/09\/Logo-Burgoa-Editores-RB-2.png\",\"width\":271,\"height\":300,\"caption\":\"Burgoa Editores S.C.\"},\"image\":{\"@id\":\"https:\/\/burgoa-editores.mx\/en\/#logo\"}},{\"@type\":\"WebSite\",\"@id\":\"https:\/\/burgoa-editores.mx\/en\/#website\",\"url\":\"https:\/\/burgoa-editores.mx\/en\/\",\"name\":\"Burgoa Editores, S.A.S.\",\"description\":\"Editorial\",\"publisher\":{\"@id\":\"https:\/\/burgoa-editores.mx\/en\/#organization\"},\"potentialAction\":[{\"@type\":\"SearchAction\",\"target\":\"https:\/\/burgoa-editores.mx\/en\/?s={search_term_string}\",\"query-input\":\"required name=search_term_string\"}],\"inLanguage\":\"en-US\"},{\"@type\":\"ImageObject\",\"@id\":\"https:\/\/burgoa-editores.mx\/producto\/reforma-fiscal-2026\/#primaryimage\",\"inLanguage\":\"en-US\",\"url\":\"https:\/\/burgoa-editores.mx\/wp-content\/uploads\/2026\/01\/Reforma-2026.png\",\"width\":1728,\"height\":2304},{\"@type\":\"WebPage\",\"@id\":\"https:\/\/burgoa-editores.mx\/producto\/reforma-fiscal-2026\/#webpage\",\"url\":\"https:\/\/burgoa-editores.mx\/producto\/reforma-fiscal-2026\/\",\"name\":\"REFORMA FISCAL 2026 - Burgoa Editores, S.A.S.\",\"isPartOf\":{\"@id\":\"https:\/\/burgoa-editores.mx\/en\/#website\"},\"primaryImageOfPage\":{\"@id\":\"https:\/\/burgoa-editores.mx\/producto\/reforma-fiscal-2026\/#primaryimage\"},\"datePublished\":\"2026-01-13T21:35:08+00:00\",\"dateModified\":\"2026-01-13T21:38:59+00:00\",\"inLanguage\":\"en-US\",\"potentialAction\":[{\"@type\":\"ReadAction\",\"target\":[\"https:\/\/burgoa-editores.mx\/producto\/reforma-fiscal-2026\/\"]}]}]}<\/script>\n<!-- \/ Yoast SEO plugin. -->","_links":{"self":[{"href":"https:\/\/burgoa-editores.mx\/en\/wp-json\/wp\/v2\/product\/14752","targetHints":{"allow":["GET"]}}],"collection":[{"href":"https:\/\/burgoa-editores.mx\/en\/wp-json\/wp\/v2\/product"}],"about":[{"href":"https:\/\/burgoa-editores.mx\/en\/wp-json\/wp\/v2\/types\/product"}],"wp:featuredmedia":[{"embeddable":true,"href":"https:\/\/burgoa-editores.mx\/en\/wp-json\/wp\/v2\/media\/14753"}],"wp:attachment":[{"href":"https:\/\/burgoa-editores.mx\/en\/wp-json\/wp\/v2\/media?parent=14752"}],"curies":[{"name":"wp","href":"https:\/\/api.w.org\/{rel}","templated":true}]}}