{"id":14782,"date":"2026-03-05T14:53:27","date_gmt":"2026-03-05T20:53:27","guid":{"rendered":"https:\/\/burgoa-editores.mx\/?post_type=product&#038;p=14782"},"modified":"2026-03-05T14:55:56","modified_gmt":"2026-03-05T20:55:56","slug":"falsos-comprobantes-fiscales","status":"publish","type":"product","link":"https:\/\/burgoa-editores.mx\/en\/product\/falsos-comprobantes-fiscales\/","title":{"rendered":"FALSOS COMPROBANTES FISCALES"},"content":{"rendered":"<p>Son muchos los errores que siguen existiendo en la normatividad fiscal sobre el tema que, lejos de respetar los derechos de los contribuyentes (quienes emiten y quienes reciben los CFDI), principalmente, el derecho de audiencia previa ya que ninguno de los dos cuenta con \u00e9l, ahora dentro de la auditor\u00eda que se crea.<\/p>\n<p>El tema obviamente es nuevo, respecto del de \u201cinexistencia\u201d y en raz\u00f3n de ello, esta obra se desarrolla en simples tres cap\u00edtulos (como simple es la reforma sobre el tema) dentro de los cuales, el primero se aboca a los antecedentes que dan lugar a la inclusi\u00f3n del concepto \u201cfalsos comprobantes fiscales\u201d, en donde se estudia la reforma al art\u00edculo 19 constitucional del 31 de diciembre de 2024, considerando todas las cr\u00edticas t\u00e9cnicas realizadas a la misma.<\/p>\n<p>Posteriormente, el cap\u00edtulo segundo se aboca al pronunciamiento de la Corte sobre la prisi\u00f3n preventiva oficiosa para quienes enajenen comprobantes fiscales con operaciones inexistentes, con lo cual, pareciera quedar atr\u00e1s el tema, pese a que se robustece con la reforma al art\u00edculo 19 constitucional, pero se recuperan las reflexiones axiol\u00f3gicas de la sentencia a la acci\u00f3n de inconstitucionalidad promovida por el Presidente de la Comisi\u00f3n Nacional de Derechos Humanos y senadores sobre el tema, (publicada en el DOF el 20 de agosto de 2025), con lo cual, la reforma de 2019 queda atr\u00e1s, no as\u00ed la reforma constitucional del 31 de diciembre de 2024.<\/p>\n<p>Finalmente, el cap\u00edtulo tercero aborda de lleno la reforma constitucional al CFF para 2026, considerando la exposici\u00f3n de motivos y se realiza un estudio sustancial sobre los cambios e inclusi\u00f3n de los \u201cfalsos comprobantes fiscales\u201d, con uso de criterios de la Corte y algunos ejemplos de la pr\u00e1ctica diaria a fin de dar una idea clara sobre el contenido y alcance de la reforma, as\u00ed como los errores de \u00e9sta y posibles soluciones o inconveniencias que pueden surgir en su aplicaci\u00f3n, desde luego, sin estar a favor de quienes venden facturas. Definitivamente no. Pero tampoco es estar a favor de los subjetivismos de las autoridades, sino a favor del Estado de Derecho, en el cual, se encuentran los principios y valores constitucionales.<\/p>","protected":false},"excerpt":{"rendered":"<p>Son muchos los errores que siguen existiendo en la normatividad&hellip;<\/p>\n<p> <a class=\"more-link\" href=\"https:\/\/burgoa-editores.mx\/en\/product\/falsos-comprobantes-fiscales\/\">Read more<\/a><\/p>","protected":false},"featured_media":14783,"template":"","meta":[],"class_list":{"0":"post-14782","1":"product","2":"type-product","3":"status-publish","4":"has-post-thumbnail","6":"product_cat-libros","7":"product_tag-fiscal"},"yoast_head":"<!-- This site is optimized with the Yoast SEO plugin v14.9 - https:\/\/yoast.com\/wordpress\/plugins\/seo\/ -->\n<title>FALSOS COMPROBANTES FISCALES - Burgoa Editores, S.A.S.<\/title>\n<meta name=\"robots\" content=\"index, follow, max-snippet:-1, max-image-preview:large, max-video-preview:-1\" \/>\n<link rel=\"canonical\" href=\"https:\/\/burgoa-editores.mx\/en\/product\/falsos-comprobantes-fiscales\/\" \/>\n<meta property=\"og:locale\" content=\"en_US\" \/>\n<meta property=\"og:type\" content=\"article\" \/>\n<meta property=\"og:title\" content=\"FALSOS COMPROBANTES FISCALES - Burgoa Editores, S.A.S.\" \/>\n<meta property=\"og:description\" content=\"Son muchos los errores que siguen existiendo en la normatividad&hellip;  Read more\" \/>\n<meta property=\"og:url\" content=\"https:\/\/burgoa-editores.mx\/en\/product\/falsos-comprobantes-fiscales\/\" \/>\n<meta property=\"og:site_name\" content=\"Burgoa Editores, S.A.S.\" \/>\n<meta property=\"article:publisher\" content=\"https:\/\/www.facebook.com\/BurgoaEditores\/\" \/>\n<meta property=\"article:author\" content=\"https:\/\/www.facebook.com\/BurgoaEditores\/\" \/>\n<meta property=\"article:modified_time\" content=\"2026-03-05T20:55:56+00:00\" \/>\n<meta property=\"og:image\" content=\"https:\/\/burgoa-editores.mx\/wp-content\/uploads\/2026\/03\/f_compro-768x1024.png\" \/>\n\t<meta property=\"og:image:width\" content=\"768\" \/>\n\t<meta property=\"og:image:height\" content=\"1024\" \/>\n<meta name=\"twitter:card\" content=\"summary_large_image\" \/>\n<meta name=\"twitter:creator\" content=\"@burgoaeditores\" \/>\n<meta name=\"twitter:site\" content=\"@burgoaeditores\" \/>\n<script type=\"application\/ld+json\" class=\"yoast-schema-graph\">{\"@context\":\"https:\/\/schema.org\",\"@graph\":[{\"@type\":\"Organization\",\"@id\":\"https:\/\/burgoa-editores.mx\/en\/#organization\",\"name\":\"Burgoa Editores S.C.\",\"url\":\"https:\/\/burgoa-editores.mx\/en\/\",\"sameAs\":[\"https:\/\/www.facebook.com\/BurgoaEditores\/\",\"https:\/\/www.youtube.com\/channel\/UCh8cOciWHTRhTn39kZ5pFyQ\/\",\"https:\/\/twitter.com\/burgoaeditores\"],\"logo\":{\"@type\":\"ImageObject\",\"@id\":\"https:\/\/burgoa-editores.mx\/en\/#logo\",\"inLanguage\":\"en-US\",\"url\":\"https:\/\/burgoa-editores.mx\/wp-content\/uploads\/2020\/09\/Logo-Burgoa-Editores-RB-2.png\",\"width\":271,\"height\":300,\"caption\":\"Burgoa Editores S.C.\"},\"image\":{\"@id\":\"https:\/\/burgoa-editores.mx\/en\/#logo\"}},{\"@type\":\"WebSite\",\"@id\":\"https:\/\/burgoa-editores.mx\/en\/#website\",\"url\":\"https:\/\/burgoa-editores.mx\/en\/\",\"name\":\"Burgoa Editores, S.A.S.\",\"description\":\"Editorial\",\"publisher\":{\"@id\":\"https:\/\/burgoa-editores.mx\/en\/#organization\"},\"potentialAction\":[{\"@type\":\"SearchAction\",\"target\":\"https:\/\/burgoa-editores.mx\/en\/?s={search_term_string}\",\"query-input\":\"required name=search_term_string\"}],\"inLanguage\":\"en-US\"},{\"@type\":\"ImageObject\",\"@id\":\"https:\/\/burgoa-editores.mx\/producto\/falsos-comprobantes-fiscales\/#primaryimage\",\"inLanguage\":\"en-US\",\"url\":\"https:\/\/burgoa-editores.mx\/wp-content\/uploads\/2026\/03\/f_compro.png\",\"width\":1728,\"height\":2304},{\"@type\":\"WebPage\",\"@id\":\"https:\/\/burgoa-editores.mx\/producto\/falsos-comprobantes-fiscales\/#webpage\",\"url\":\"https:\/\/burgoa-editores.mx\/producto\/falsos-comprobantes-fiscales\/\",\"name\":\"FALSOS COMPROBANTES FISCALES - Burgoa Editores, S.A.S.\",\"isPartOf\":{\"@id\":\"https:\/\/burgoa-editores.mx\/en\/#website\"},\"primaryImageOfPage\":{\"@id\":\"https:\/\/burgoa-editores.mx\/producto\/falsos-comprobantes-fiscales\/#primaryimage\"},\"datePublished\":\"2026-03-05T20:53:27+00:00\",\"dateModified\":\"2026-03-05T20:55:56+00:00\",\"inLanguage\":\"en-US\",\"potentialAction\":[{\"@type\":\"ReadAction\",\"target\":[\"https:\/\/burgoa-editores.mx\/producto\/falsos-comprobantes-fiscales\/\"]}]}]}<\/script>\n<!-- \/ Yoast SEO plugin. -->","_links":{"self":[{"href":"https:\/\/burgoa-editores.mx\/en\/wp-json\/wp\/v2\/product\/14782","targetHints":{"allow":["GET"]}}],"collection":[{"href":"https:\/\/burgoa-editores.mx\/en\/wp-json\/wp\/v2\/product"}],"about":[{"href":"https:\/\/burgoa-editores.mx\/en\/wp-json\/wp\/v2\/types\/product"}],"wp:featuredmedia":[{"embeddable":true,"href":"https:\/\/burgoa-editores.mx\/en\/wp-json\/wp\/v2\/media\/14783"}],"wp:attachment":[{"href":"https:\/\/burgoa-editores.mx\/en\/wp-json\/wp\/v2\/media?parent=14782"}],"curies":[{"name":"wp","href":"https:\/\/api.w.org\/{rel}","templated":true}]}}